{"id":10862,"date":"2022-04-05T10:07:59","date_gmt":"2022-04-05T08:07:59","guid":{"rendered":"http:\/\/stage.annamariamartinolli.it\/?post_type=product&#038;p=10862"},"modified":"2022-04-05T10:59:32","modified_gmt":"2022-04-05T08:59:32","slug":"pelleas-e-melisande-e-arianna-e-barbablu","status":"publish","type":"product","link":"https:\/\/stage.annamariamartinolli.it\/fr\/librairie\/livres\/pelleas-e-melisande-e-arianna-e-barbablu\/","title":{"rendered":"P\u00e9lleas e M\u00e9lisande e Arianna e Barbabl\u00f9"},"content":{"rendered":"","protected":false},"excerpt":{"rendered":"<p>Pell\u00e9as et M\u00e9lisande et Ariane et Barbe Bleue sont deux op\u00e9ras qui se distinguent par le fait qu&#8217;ils ont \u00e9t\u00e9 con\u00e7us \u00e0 des p\u00e9riodes diff\u00e9rentes de la vie de Maurice Maeterlinck et qu&#8217;ils repr\u00e9sentent le passage des t\u00e9n\u00e8bres \u00e0 la lumi\u00e8re, dans la vision de l&#8217;auteur. Dans l&#8217;\u0153uvre de Maeterlinck, les personnages ne sont pas en proie \u00e0 des passions irr\u00e9pressibles ; au contraire, tout n&#8217;est qu&#8217;allusion, suggestion, repr\u00e9sentation m\u00e9taphorique ; il n&#8217;y a jamais d&#8217;explication directe des sentiments comme c&#8217;est le cas, par exemple, dans le th\u00e9\u00e2tre shakespearien.<\/p>\n<p>Le livre contient les textes de Pell\u00e9as et M\u00e9lisande et d&#8217;Ariane et Barbe-Bleue dans une nouvelle traduction italienne et les compare, en analysant l&#8217;\u00e9volution de l&#8217;\u0153uvre de Maurice Maeterlinck \u00e9galement \u00e0 travers de nombreux articles critiques et essais approfondis, ainsi que les versions de Claude Debussy et Paul Dukas lors des premi\u00e8res repr\u00e9sentations \u00e0 la Scala de Milan.<\/p>\n<p><strong>Le livre est en langue italienne.<\/strong><\/p>\n[av_promobox button='yes' label='Acheter' icon_select='yes' icon='ue859' font='entypo-fontello' color='theme-color' custom_bg='#444444' custom_font='#ffffff' size='large' box_color='' box_custom_font='#ffffff' box_custom_bg='#444444' box_custom_border='#333333' label_display='' link='manually,https:\/\/www.editoriaespettacolo.com\/prodotto\/1979\/' link_target='_blank' id='' custom_class='' av_uid='' admin_preview_bg=''] Acheter sur le site de Editoria&amp;Spettacolo [\/av_promobox]\n","protected":false},"featured_media":10865,"comment_status":"open","ping_status":"closed","template":"","meta":[],"product_brand":[],"product_cat":[132],"product_tag":[136,165],"class_list":{"0":"post-10862","1":"product","2":"type-product","3":"status-publish","4":"has-post-thumbnail","6":"product_cat-livres","7":"product_tag-livres","8":"product_tag-maurice-maeterlinck-fr","10":"first","11":"instock","12":"shipping-taxable","13":"product-type-simple"},"_links":{"self":[{"href":"https:\/\/stage.annamariamartinolli.it\/fr\/wp-json\/wp\/v2\/product\/10862","targetHints":{"allow":["GET"]}}],"collection":[{"href":"https:\/\/stage.annamariamartinolli.it\/fr\/wp-json\/wp\/v2\/product"}],"about":[{"href":"https:\/\/stage.annamariamartinolli.it\/fr\/wp-json\/wp\/v2\/types\/product"}],"replies":[{"embeddable":true,"href":"https:\/\/stage.annamariamartinolli.it\/fr\/wp-json\/wp\/v2\/comments?post=10862"}],"wp:featuredmedia":[{"embeddable":true,"href":"https:\/\/stage.annamariamartinolli.it\/fr\/wp-json\/wp\/v2\/media\/10865"}],"wp:attachment":[{"href":"https:\/\/stage.annamariamartinolli.it\/fr\/wp-json\/wp\/v2\/media?parent=10862"}],"wp:term":[{"taxonomy":"product_brand","embeddable":true,"href":"https:\/\/stage.annamariamartinolli.it\/fr\/wp-json\/wp\/v2\/product_brand?post=10862"},{"taxonomy":"product_cat","embeddable":true,"href":"https:\/\/stage.annamariamartinolli.it\/fr\/wp-json\/wp\/v2\/product_cat?post=10862"},{"taxonomy":"product_tag","embeddable":true,"href":"https:\/\/stage.annamariamartinolli.it\/fr\/wp-json\/wp\/v2\/product_tag?post=10862"}],"curies":[{"name":"wp","href":"https:\/\/api.w.org\/{rel}","templated":true}]}}