{"id":10299,"date":"2021-10-14T10:49:41","date_gmt":"2021-10-14T08:49:41","guid":{"rendered":"http:\/\/stage.annamariamartinolli.it\/?post_type=product&#038;p=10299"},"modified":"2021-10-14T11:15:38","modified_gmt":"2021-10-14T09:15:38","slug":"il-teatro-comico-di-georges-feydeau-vi","status":"publish","type":"product","link":"https:\/\/stage.annamariamartinolli.it\/fr\/librairie\/livres\/il-teatro-comico-di-georges-feydeau-vi\/","title":{"rendered":"Il teatro comico di Georges Feydeau VI"},"content":{"rendered":"<p><strong>Com\u00e9dies en trois actes<\/strong><\/p>\n<ul>\n<li>A chi tocca mia moglie?<\/li>\n<li>Il signore va a caccia<\/li>\n<li>Il germoglio<\/li>\n<\/ul>\n<p><strong>Com\u00e9dies en un acte<br \/>\n<\/strong><\/p>\n<ul>\n<li>Amore e piano<\/li>\n<li>Ma non andare in giro tutta nuda!<\/li>\n<\/ul>\n<p><strong>Monologues<\/strong><\/p>\n<ul>\n<li>Il fazzoletto<\/li>\n<li>Il volontario<\/li>\n<\/ul>\n","protected":false},"excerpt":{"rendered":"<p>Dans le th\u00e9\u00e2tre de Feydeau, en poussant une porte, on entre dans un salon, une salle \u00e0 manger ou une chambre \u00e0 coucher, mais aussi dans une sorte de laboratoire de microphysique sous forme de chambre \u00e0 plasma, de chambre \u00e0 d\u00e9rive ou de chambre \u00e0 scintillation.<br \/>\nFeydeau nous emm\u00e8ne dans ces lieux pour exp\u00e9rimenter la r\u00e9sistance et la rapidit\u00e9 de l&#8217;homme sous la pression et les \u00e9preuves extr\u00eames. [&#8230;]<br \/>\nComme c&#8217;est souvent le cas dans le vaudeville, c&#8217;est un monde circonscrit. Aucun \u00e9l\u00e9ment du monde ext\u00e9rieur ne p\u00e9n\u00e8tre par effraction dans cette cloche ferm\u00e9e et prot\u00e9g\u00e9e. Et c&#8217;est pr\u00e9cis\u00e9ment dans les conditions parfaites typiques d&#8217;un laboratoire que nous assistons au jeu des d\u00e9sirs et des \u00e9nergies. Il n&#8217;y a pas de contamination qui nous incite \u00e0 d\u00e9tourner le regard de ce monde parfait qui se d\u00e9sint\u00e8gre. Et c&#8217;est \u00e0 ce moment-l\u00e0 que l&#8217;auteur chauffe les particules jusqu&#8217;\u00e0 ce qu&#8217;elles atteignent la vitesse n\u00e9cessaire pour g\u00e9n\u00e9rer une r\u00e9action. Le rire, chez Feydeau, est le r\u00e9sultat d&#8217;une r\u00e9action auto-fertilisante&#8230;<br \/>\n(Lukas Hemleb, r\u00e9alisateur)<br \/>\n(\u00e9dit\u00e9 par Annamaria Martinolli. <strong>Le livre est en langue italienne<\/strong>)<\/p>\n[av_promobox button='yes' label='Acheter' icon_select='yes' icon='ue859' font='entypo-fontello' color='theme-color' custom_bg='#444444' custom_font='#ffffff' size='large' box_color='' box_custom_font='#ffffff' box_custom_bg='#444444' box_custom_border='#333333' label_display='' link='manually,https:\/\/www.editoriaespettacolo.com\/prodotto\/il-teatro-comico-di-georges-feydeau-vi\/' link_target='_blank' id='' custom_class='' av_uid='' admin_preview_bg='']<br \/>\nAcheter sur le site de Editoria&amp;Spettacolo<br \/>\n[\/av_promobox]\n","protected":false},"featured_media":10302,"comment_status":"open","ping_status":"closed","template":"","meta":[],"product_brand":[],"product_cat":[132],"product_tag":[146,136],"class_list":{"0":"post-10299","1":"product","2":"type-product","3":"status-publish","4":"has-post-thumbnail","6":"product_cat-livres","7":"product_tag-georges-feydeau-fr","8":"product_tag-livres","10":"first","11":"instock","12":"shipping-taxable","13":"product-type-simple"},"_links":{"self":[{"href":"https:\/\/stage.annamariamartinolli.it\/fr\/wp-json\/wp\/v2\/product\/10299","targetHints":{"allow":["GET"]}}],"collection":[{"href":"https:\/\/stage.annamariamartinolli.it\/fr\/wp-json\/wp\/v2\/product"}],"about":[{"href":"https:\/\/stage.annamariamartinolli.it\/fr\/wp-json\/wp\/v2\/types\/product"}],"replies":[{"embeddable":true,"href":"https:\/\/stage.annamariamartinolli.it\/fr\/wp-json\/wp\/v2\/comments?post=10299"}],"wp:featuredmedia":[{"embeddable":true,"href":"https:\/\/stage.annamariamartinolli.it\/fr\/wp-json\/wp\/v2\/media\/10302"}],"wp:attachment":[{"href":"https:\/\/stage.annamariamartinolli.it\/fr\/wp-json\/wp\/v2\/media?parent=10299"}],"wp:term":[{"taxonomy":"product_brand","embeddable":true,"href":"https:\/\/stage.annamariamartinolli.it\/fr\/wp-json\/wp\/v2\/product_brand?post=10299"},{"taxonomy":"product_cat","embeddable":true,"href":"https:\/\/stage.annamariamartinolli.it\/fr\/wp-json\/wp\/v2\/product_cat?post=10299"},{"taxonomy":"product_tag","embeddable":true,"href":"https:\/\/stage.annamariamartinolli.it\/fr\/wp-json\/wp\/v2\/product_tag?post=10299"}],"curies":[{"name":"wp","href":"https:\/\/api.w.org\/{rel}","templated":true}]}}