{"id":2585,"date":"2020-06-26T15:48:03","date_gmt":"2020-06-26T15:48:03","guid":{"rendered":"http:\/\/stage.annamariamartinolli.it\/?page_id=2585"},"modified":"2020-08-09T19:24:04","modified_gmt":"2020-08-09T17:24:04","slug":"maitrises","status":"publish","type":"page","link":"https:\/\/stage.annamariamartinolli.it\/fr\/services\/introduction\/maitrises\/","title":{"rendered":"Ma\u00eetrises"},"content":{"rendered":"\n<style type=\"text\/css\" data-created_by=\"avia_inline_auto\" id=\"style-css-av-2k0238-50243f5ce94504d916d48aa108fb1566\">\n.avia-section.av-2k0238-50243f5ce94504d916d48aa108fb1566 .av-parallax .av-parallax-inner{\nbackground-repeat:no-repeat;\nbackground-image:url(https:\/\/stage.annamariamartinolli.it\/wp-content\/uploads\/2020\/08\/sz-sfondo.jpeg);\nbackground-position:50% 50%;\nbackground-attachment:scroll;\n}\n.avia-section.av-2k0238-50243f5ce94504d916d48aa108fb1566 .av-section-color-overlay{\nopacity:0.2;\nbackground-color:#000000;\n}\n<\/style>\n<div id='av_section_1'  class='avia-section av-2k0238-50243f5ce94504d916d48aa108fb1566 main_color avia-section-large avia-no-shadow  avia-builder-el-0  el_before_av_section  avia-builder-el-first  avia-full-stretch av-parallax-section avia-bg-style-parallax av-section-color-overlay-active container_wrap sidebar_right'  data-section-bg-repeat='stretch'><div class='av-parallax' data-avia-parallax-ratio='0.3' ><div class='av-parallax-inner main_color avia-full-stretch'><\/div><\/div><div class=\"av-section-color-overlay-wrap\"><div class=\"av-section-color-overlay\"><\/div><div class='container av-section-cont-open' ><main  role=\"main\" itemprop=\"mainContentOfPage\"  class='template-page content  av-content-small alpha units'><div class='post-entry post-entry-type-page post-entry-2585'><div class='entry-content-wrapper clearfix'>\n\n<style type=\"text\/css\" data-created_by=\"avia_inline_auto\" id=\"style-css-av-kbxtkjeq-a91aa927334ef542802fd309993f7af9\">\n#top .av-special-heading.av-kbxtkjeq-a91aa927334ef542802fd309993f7af9{\npadding-bottom:0;\ncolor:#ffffff;\nfont-size:50px;\n}\nbody .av-special-heading.av-kbxtkjeq-a91aa927334ef542802fd309993f7af9 .av-special-heading-tag .heading-char{\nfont-size:25px;\n}\n#top #wrap_all .av-special-heading.av-kbxtkjeq-a91aa927334ef542802fd309993f7af9 .av-special-heading-tag{\nfont-size:50px;\n}\n.av-special-heading.av-kbxtkjeq-a91aa927334ef542802fd309993f7af9 .special-heading-inner-border{\nborder-color:#ffffff;\n}\n.av-special-heading.av-kbxtkjeq-a91aa927334ef542802fd309993f7af9 .av-subheading{\nfont-size:15px;\n}\n\n@media only screen and (min-width: 480px) and (max-width: 767px){ \n#top #wrap_all .av-special-heading.av-kbxtkjeq-a91aa927334ef542802fd309993f7af9 .av-special-heading-tag{\nfont-size:0.8em;\n}\n}\n\n@media only screen and (max-width: 479px){ \n#top #wrap_all .av-special-heading.av-kbxtkjeq-a91aa927334ef542802fd309993f7af9 .av-special-heading-tag{\nfont-size:0.8em;\n}\n}\n<\/style>\n<div  class='av-special-heading av-kbxtkjeq-a91aa927334ef542802fd309993f7af9 av-special-heading-h3 custom-color-heading blockquote modern-quote modern-centered  avia-builder-el-1  el_before_av_hr  avia-builder-el-first  av-inherit-size'><h3 class='av-special-heading-tag '  itemprop=\"headline\"  >Ma\u00eetrises et th\u00e8ses de doctorat<\/h3><div class='av_custom_color av-subheading av-subheading_below'><p>Sciences humaines | \u00c9tudes de langues | Langues \u00e9trang\u00e8res | Arts du spectacle | Litt\u00e9rature et philosophie | Droit europ\u00e9en<\/p>\n<\/div><div class=\"special-heading-border\"><div class=\"special-heading-inner-border\"><\/div><\/div><\/div>\n\n<style type=\"text\/css\" data-created_by=\"avia_inline_auto\" id=\"style-css-av-26tyyk-0819f196add2c30cb2e201ca639f3dd8\">\n#top .hr.av-26tyyk-0819f196add2c30cb2e201ca639f3dd8{\nmargin-top:30px;\nmargin-bottom:30px;\n}\n.hr.av-26tyyk-0819f196add2c30cb2e201ca639f3dd8 .hr-inner{\nwidth:20%;\nborder-color:rgba(255,255,255,0.76);\nmax-width:45%;\n}\n.hr.av-26tyyk-0819f196add2c30cb2e201ca639f3dd8 .av-seperator-icon{\ncolor:#ffffff;\n}\n.hr.av-26tyyk-0819f196add2c30cb2e201ca639f3dd8 .av-seperator-icon.avia-svg-icon svg:first-child{\nfill:#ffffff;\nstroke:#ffffff;\n}\n<\/style>\n<div  class='hr av-26tyyk-0819f196add2c30cb2e201ca639f3dd8 hr-custom  avia-builder-el-2  el_after_av_heading  avia-builder-el-last  hr-center hr-icon-yes'><span class='hr-inner inner-border-av-border-thin'><span class=\"hr-inner-style\"><\/span><\/span><span class='av-seperator-icon avia-iconfont avia-font-entypo-fontello' data-av_icon='\ue8bf' data-av_iconfont='entypo-fontello' ><\/span><span class='hr-inner inner-border-av-border-thin'><span class=\"hr-inner-style\"><\/span><\/span><\/div>\n\n<\/div><\/div><\/main><!-- close content main element --><\/div><\/div><\/div><div id='av_section_2'  class='avia-section av-22e18s-cd8bd8fb30df89e0928a471245a098ab main_color avia-section-small avia-no-border-styling  avia-builder-el-3  el_after_av_section  avia-builder-el-last  avia-bg-style-fixed container_wrap sidebar_right'  ><div class='container av-section-cont-open' ><div class='template-page content  av-content-small alpha units'><div class='post-entry post-entry-type-page post-entry-2585'><div class='entry-content-wrapper clearfix'>\n<div class='flex_column_table av-1w41fw-84e1a6fb9fd5934d550517aa96d56851 sc-av_two_third av-equal-height-column-flextable'>\n<style type=\"text\/css\" data-created_by=\"avia_inline_auto\" id=\"style-css-av-1w41fw-84e1a6fb9fd5934d550517aa96d56851\">\n#top .flex_column_table.av-equal-height-column-flextable.av-1w41fw-84e1a6fb9fd5934d550517aa96d56851{\nmargin-top:-60px;\nmargin-bottom:-60px;\n}\n.flex_column.av-1w41fw-84e1a6fb9fd5934d550517aa96d56851{\nborder-radius:0px 0px 0px 0px;\npadding:30px 30px 30px 30px;\nbackground-color:#ffffff;\n}\n<\/style>\n<div  class='flex_column av-1w41fw-84e1a6fb9fd5934d550517aa96d56851 av_two_third  avia-builder-el-4  el_before_av_one_third  avia-builder-el-first  first no_margin flex_column_table_cell av-equal-height-column av-align-top  '     ><p><section  class='av_textblock_section av-kbt8fadd-1ec2517833234c18c1b0aff7b9fbd0da '   itemscope=\"itemscope\" itemtype=\"https:\/\/schema.org\/CreativeWork\" ><div class='avia_textblock'  itemprop=\"text\" ><p>J\u2019ai traduit un grand nombre de th\u00e8ses d\u2019\u00e9tudiants \u00e9trangers au fil des ans. Si vous souhaitez la traduction d\u2019une th\u00e8se sur les sciences humaines, les \u00e9tudes de langues, les langues \u00e9trang\u00e8res, les arts du spectacle, la litt\u00e9rature et la philosophie ou le droit europ\u00e9en, n&#8217;h\u00e9sitez pas \u00e0 me contacter.<\/p>\n<\/div><\/section><br \/>\n\n<style type=\"text\/css\" data-created_by=\"avia_inline_auto\" id=\"style-css-av-kbrkx5m9-516f215309e24ea6c412f8d40bfff599\">\n.avia-icon-grid-container.av-kbrkx5m9-516f215309e24ea6c412f8d40bfff599 .avia-icongrid{\njustify-content:space-between;\n}\n.avia-icon-grid-container.av-kbrkx5m9-516f215309e24ea6c412f8d40bfff599 .avia-icongrid-wrapper .avia-icongrid-front{\nbackground-color:#f4f4f4;\n}\n.avia-icon-grid-container.av-kbrkx5m9-516f215309e24ea6c412f8d40bfff599 .avia-icongrid-wrapper .avia-icongrid-icon{\nfont-size:50px;\n}\n.avia-icon-grid-container.av-kbrkx5m9-516f215309e24ea6c412f8d40bfff599 .avia-icongrid-wrapper .icongrid_subtitle{\nfont-size:12px;\n}\n.avia-icon-grid-container.av-kbrkx5m9-516f215309e24ea6c412f8d40bfff599 .avia-icongrid-wrapper .avia-icongrid-content .avia-icongrid-inner{\nfont-size:11px;\n}\n.avia-icon-grid-container.av-kbrkx5m9-516f215309e24ea6c412f8d40bfff599 .avia-icongrid-wrapper .avia-icongrid-flipback{\nfont-size:11px;\n}\n<\/style>\n\n<style type=\"text\/css\" data-created_by=\"avia_inline_auto\" id=\"style-css-sub-av-kbrkx5m9-516f215309e24ea6c412f8d40bfff599\">\n.avia-icon-grid-container .avia-icongrid-wrapper.av-2q6v2x-f4fd4c09c81bf9221a9f797ed6dd2503 .avia-icongrid-front{\nbackground:unset;\nbackground-color:#ffffff;\n}\n.avia-icon-grid-container .avia-icongrid-wrapper.av-2q6v2x-f4fd4c09c81bf9221a9f797ed6dd2503 .avia-icongrid-icon{\ncolor:#e5e5e5;\n}\n.avia-icon-grid-container .avia-icongrid-wrapper.av-2q6v2x-f4fd4c09c81bf9221a9f797ed6dd2503 .avia-icongrid-icon .icongrid-char.avia-svg-icon svg:first-child{\nfill:#e5e5e5;\nstroke:#e5e5e5;\n}\n.avia-icon-grid-container .avia-icongrid-wrapper.av-2q6v2x-f4fd4c09c81bf9221a9f797ed6dd2503 .icongrid_title{\ncolor:#e5e5e5;\n}\n.avia-icon-grid-container .avia-icongrid-wrapper.av-2q6v2x-f4fd4c09c81bf9221a9f797ed6dd2503 .icongrid_subtitle{\ncolor:#e5e5e5;\n}\n.avia-icon-grid-container .avia-icongrid-wrapper.av-2q6v2x-f4fd4c09c81bf9221a9f797ed6dd2503 .avia-icongrid-content{\nbackground:unset;\nbackground-color:#ffffff;\n}\n.avia-icon-grid-container .avia-icongrid-wrapper.av-2q6v2x-f4fd4c09c81bf9221a9f797ed6dd2503 .avia-icongrid-flipback{\nbackground:unset;\nbackground-color:#ffffff;\n}\n.avia-icon-grid-container .avia-icongrid-wrapper.av-2q6v2x-f4fd4c09c81bf9221a9f797ed6dd2503 .avia-icongrid-content .avia-icongrid-text{\ncolor:#e5e5e5;\n}\n.avia-icon-grid-container .avia-icongrid-wrapper.av-2q6v2x-f4fd4c09c81bf9221a9f797ed6dd2503 .avia-icongrid-flipback .avia-icongrid-text{\ncolor:#e5e5e5;\n}\n<\/style>\n<div  class='avia-icon-grid-container av-kbrkx5m9-516f215309e24ea6c412f8d40bfff599  avia-builder-el-6  el_after_av_textblock  el_before_av_hr ' ><ul id='avia-icongrid-69e3c1aa8be13' class='avia-icongrid clearfix avia_animate_when_almost_visible avia-icongrid-flipbox avia-icongrid-numrow-3 avia-cell-space-between av-flex-cells av-break-767 av-can-break-50'>\n<li class='av-icon-cell-item av-row-with-3-cells av-row-nr-1 av-cell-1 av-first-cell-row av-first-cell-item'><a href='https:\/\/stage.annamariamartinolli.it\/fr\/services\/introduction\/textes-de-theatre\/' title='Textes de th\u00e9\u00e2tre'  class='avia-icongrid-wrapper av-ah1fyx-28757a630b3154b77c9838894f39b81c'><article class='article-icon-entry '  itemscope=\"itemscope\" itemtype=\"https:\/\/schema.org\/CreativeWork\" ><div class='avia-icongrid-front '><div class=\"avia-icongrid-inner\"><div class='avia-icongrid-icon'><span class='icongrid-char avia-iconfont avia-font-entypo-fontello' data-av_icon='\ue80b' data-av_iconfont='entypo-fontello' ><\/span><\/div><header class=\"entry-content-header\" aria-label=\"Ic\u00f4ne : Textes de th\u00e9\u00e2tre\"><h4 class='av_icongrid_title icongrid_title '  itemprop=\"headline\" >Textes de th\u00e9\u00e2tre<\/h4><\/header><\/div><\/div><div class='avia-icongrid-flipback '><div class=\"avia-icongrid-inner\"><div class='avia-icongrid-text'  itemprop=\"text\" ><h4 style=\"text-align: center;\">Acc\u00e9der<\/h4>\n<\/div><\/div><\/div><\/article><\/a><\/li>\n<li class='av-icon-cell-item av-row-with-3-cells av-row-nr-1 av-cell-2 av-first-cell-row av-inner-cell-item'><a href='https:\/\/stage.annamariamartinolli.it\/fr\/contacts\/' title='Ma\u00eetrises'  class='avia-icongrid-wrapper av-2q6v2x-f4fd4c09c81bf9221a9f797ed6dd2503'><article class='article-icon-entry '  itemscope=\"itemscope\" itemtype=\"https:\/\/schema.org\/CreativeWork\" ><div class='avia-icongrid-front '><div class=\"avia-icongrid-inner\"><div class='avia-icongrid-icon'><span class='icongrid-char avia-iconfont avia-font-entypo-fontello' data-av_icon='\ue84f' data-av_iconfont='entypo-fontello' ><\/span><\/div><header class=\"entry-content-header\" aria-label=\"Ic\u00f4ne : Ma\u00eetrises\"><h4 class='av_icongrid_title icongrid_title '  itemprop=\"headline\" >Ma\u00eetrises<\/h4><\/header><\/div><\/div><div class='avia-icongrid-flipback '><div class=\"avia-icongrid-inner\"><div class='avia-icongrid-text'  itemprop=\"text\" ><h4 style=\"text-align: center;\">Contactez-moi<\/h4>\n<\/div><\/div><\/div><\/article><\/a><\/li>\n<li class='av-icon-cell-item av-row-with-3-cells av-row-nr-1 av-cell-3 av-first-cell-row av-last-cell-item'><a href='https:\/\/stage.annamariamartinolli.it\/fr\/services\/introduction\/textes-dordre-general\/' title='Textes g\u00e9n\u00e9raux'  class='avia-icongrid-wrapper av-7obzd-9a742b3f93e8744055f253d246df490a'><article class='article-icon-entry '  itemscope=\"itemscope\" itemtype=\"https:\/\/schema.org\/CreativeWork\" ><div class='avia-icongrid-front '><div class=\"avia-icongrid-inner\"><div class='avia-icongrid-icon'><span class='icongrid-char avia-iconfont avia-font-entypo-fontello' data-av_icon='\ue83a' data-av_iconfont='entypo-fontello' ><\/span><\/div><header class=\"entry-content-header\" aria-label=\"Ic\u00f4ne : Textes g\u00e9n\u00e9raux\"><h4 class='av_icongrid_title icongrid_title '  itemprop=\"headline\" >Textes g\u00e9n\u00e9raux<\/h4><\/header><\/div><\/div><div class='avia-icongrid-flipback '><div class=\"avia-icongrid-inner\"><div class='avia-icongrid-text'  itemprop=\"text\" ><h4 style=\"text-align: center;\">Acc\u00e9der<\/h4>\n<\/div><\/div><\/div><\/article><\/a><\/li>\n<li class='av-icon-cell-item av-row-with-3-cells av-row-nr-2 av-cell-1 av-next-cell-row av-first-cell-item'><a href='https:\/\/stage.annamariamartinolli.it\/fr\/services\/introduction\/textes-litteraires\/' title='Textes litt\u00e9raires'  class='avia-icongrid-wrapper av-ba7wp-31733e21926fec1d004051e320485bf7'><article class='article-icon-entry '  itemscope=\"itemscope\" itemtype=\"https:\/\/schema.org\/CreativeWork\" ><div class='avia-icongrid-front '><div class=\"avia-icongrid-inner\"><div class='avia-icongrid-icon'><span class='icongrid-char avia-iconfont avia-font-entypo-fontello' data-av_icon='\ue84e' data-av_iconfont='entypo-fontello' ><\/span><\/div><header class=\"entry-content-header\" aria-label=\"Ic\u00f4ne : Textes litt\u00e9raires\"><h4 class='av_icongrid_title icongrid_title '  itemprop=\"headline\" >Textes litt\u00e9raires<\/h4><\/header><\/div><\/div><div class='avia-icongrid-flipback '><div class=\"avia-icongrid-inner\"><div class='avia-icongrid-text'  itemprop=\"text\" ><h4 style=\"text-align: center;\">Acc\u00e9der<\/h4>\n<\/div><\/div><\/div><\/article><\/a><\/li>\n<li class='av-icon-cell-item av-row-with-3-cells av-row-nr-2 av-cell-2 av-next-cell-row av-inner-cell-item'><a href='https:\/\/stage.annamariamartinolli.it\/fr\/services\/introduction\/textes-editoriaux\/' title='Textes \u00e9ditoriaux'  class='avia-icongrid-wrapper av-4gst21-61db36afa6e39f8a57146d703ec00ec5'><article class='article-icon-entry '  itemscope=\"itemscope\" itemtype=\"https:\/\/schema.org\/CreativeWork\" ><div class='avia-icongrid-front '><div class=\"avia-icongrid-inner\"><div class='avia-icongrid-icon'><span class='icongrid-char avia-iconfont avia-font-entypo-fontello' data-av_icon='\ue84d' data-av_iconfont='entypo-fontello' ><\/span><\/div><header class=\"entry-content-header\" aria-label=\"Ic\u00f4ne : Textes \u00e9ditoriaux\"><h4 class='av_icongrid_title icongrid_title '  itemprop=\"headline\" >Textes \u00e9ditoriaux<\/h4><\/header><\/div><\/div><div class='avia-icongrid-flipback '><div class=\"avia-icongrid-inner\"><div class='avia-icongrid-text'  itemprop=\"text\" ><h4 style=\"text-align: center;\">Acc\u00e9der<\/h4>\n<\/div><\/div><\/div><\/article><\/a><\/li>\n<li class='av-icon-cell-item av-row-with-3-cells av-row-nr-2 av-cell-3 av-next-cell-row av-last-cell-item'><a href='https:\/\/stage.annamariamartinolli.it\/fr\/services\/introduction\/texte-dart-et-touristiques\/' title='Art et tourisme'  class='avia-icongrid-wrapper av-2mn4bd-381a18c5012aeff63c3626c2851747d3'><article class='article-icon-entry '  itemscope=\"itemscope\" itemtype=\"https:\/\/schema.org\/CreativeWork\" ><div class='avia-icongrid-front '><div class=\"avia-icongrid-inner\"><div class='avia-icongrid-icon'><span class='icongrid-char avia-iconfont avia-font-entypo-fontello' data-av_icon='\ue80f' data-av_iconfont='entypo-fontello' ><\/span><\/div><header class=\"entry-content-header\" aria-label=\"Ic\u00f4ne : Art et tourisme\"><h4 class='av_icongrid_title icongrid_title '  itemprop=\"headline\" >Art et tourisme<\/h4><\/header><\/div><\/div><div class='avia-icongrid-flipback '><div class=\"avia-icongrid-inner\"><div class='avia-icongrid-text'  itemprop=\"text\" ><h4 style=\"text-align: center;\">Acc\u00e9der<\/h4>\n<\/div><\/div><\/div><\/article><\/a><\/li>\n<\/ul><\/div><br \/>\n\n<style type=\"text\/css\" data-created_by=\"avia_inline_auto\" id=\"style-css-av-kbrn7slg-e70217d3cfea83d7da01ff83d6f7fcaf\">\n#top .hr.hr-invisible.av-kbrn7slg-e70217d3cfea83d7da01ff83d6f7fcaf{\nheight:40px;\n}\n<\/style>\n<div  class='hr av-kbrn7slg-e70217d3cfea83d7da01ff83d6f7fcaf hr-invisible  avia-builder-el-7  el_after_av_icongrid  avia-builder-el-last '><span class='hr-inner '><span class=\"hr-inner-style\"><\/span><\/span><\/div><\/p><\/div>\n<style type=\"text\/css\" data-created_by=\"avia_inline_auto\" id=\"style-css-av-10gnp0-090b4f4b3bda2784107204f19df36d45\">\n#top .flex_column_table.av-equal-height-column-flextable.av-10gnp0-090b4f4b3bda2784107204f19df36d45{\nmargin-top:-60px;\nmargin-bottom:-60px;\n}\n.flex_column.av-10gnp0-090b4f4b3bda2784107204f19df36d45{\nborder-radius:0px 0px 0px 0px;\npadding:30px 30px 30px 30px;\nbackground-color:#f0f0f0;\n}\n<\/style>\n<div  class='flex_column av-10gnp0-090b4f4b3bda2784107204f19df36d45 av_one_third  avia-builder-el-8  el_after_av_two_third  avia-builder-el-last  no_margin flex_column_table_cell av-equal-height-column av-align-top  '     ><div  class='avia-builder-widget-area clearfix  avia-builder-el-9  avia-builder-el-no-sibling '><section id=\"nav_menu-8\" class=\"widget clearfix widget_nav_menu\"><h3 class=\"widgettitle\">Services<\/h3><div class=\"menu-services-2-container\"><ul id=\"menu-services-2\" class=\"menu\"><li id=\"menu-item-4144\" class=\"menu-item menu-item-type-post_type menu-item-object-page menu-item-4144\"><a href=\"https:\/\/stage.annamariamartinolli.it\/fr\/services\/introduction\/\">Introduction<\/a><\/li>\n<li id=\"menu-item-4145\" class=\"menu-item menu-item-type-post_type menu-item-object-page menu-item-4145\"><a href=\"https:\/\/stage.annamariamartinolli.it\/fr\/services\/portfolio\/\">Portfolio<\/a><\/li>\n<li id=\"menu-item-4146\" class=\"menu-item menu-item-type-post_type menu-item-object-page menu-item-4146\"><a href=\"https:\/\/stage.annamariamartinolli.it\/fr\/services\/exemples-de-traduction\/\">Exemples de traduction<\/a><\/li>\n<li id=\"menu-item-4147\" class=\"menu-item menu-item-type-post_type menu-item-object-page menu-item-4147\"><a href=\"https:\/\/stage.annamariamartinolli.it\/fr\/services\/sur-la-traduction\/\">Sur la traduction<\/a><\/li>\n<\/ul><\/div><span class=\"seperator extralight-border\"><\/span><\/section><\/div><\/div><\/div><!--close column table wrapper. Autoclose: 1 -->\n<\/div><\/div><\/div><!-- close content main div --><\/div><\/div><div id='after_section_2'  class='main_color av_default_container_wrap container_wrap sidebar_right'  ><div class='container av-section-cont-open' ><div class='template-page content  av-content-small alpha units'><div class='post-entry post-entry-type-page post-entry-2585'><div class='entry-content-wrapper clearfix'>\n","protected":false},"excerpt":{"rendered":"","protected":false},"author":1,"featured_media":0,"parent":2578,"menu_order":0,"comment_status":"open","ping_status":"open","template":"","meta":{"footnotes":""},"class_list":["post-2585","page","type-page","status-publish","hentry"],"_links":{"self":[{"href":"https:\/\/stage.annamariamartinolli.it\/fr\/wp-json\/wp\/v2\/pages\/2585","targetHints":{"allow":["GET"]}}],"collection":[{"href":"https:\/\/stage.annamariamartinolli.it\/fr\/wp-json\/wp\/v2\/pages"}],"about":[{"href":"https:\/\/stage.annamariamartinolli.it\/fr\/wp-json\/wp\/v2\/types\/page"}],"author":[{"embeddable":true,"href":"https:\/\/stage.annamariamartinolli.it\/fr\/wp-json\/wp\/v2\/users\/1"}],"replies":[{"embeddable":true,"href":"https:\/\/stage.annamariamartinolli.it\/fr\/wp-json\/wp\/v2\/comments?post=2585"}],"version-history":[{"count":0,"href":"https:\/\/stage.annamariamartinolli.it\/fr\/wp-json\/wp\/v2\/pages\/2585\/revisions"}],"up":[{"embeddable":true,"href":"https:\/\/stage.annamariamartinolli.it\/fr\/wp-json\/wp\/v2\/pages\/2578"}],"wp:attachment":[{"href":"https:\/\/stage.annamariamartinolli.it\/fr\/wp-json\/wp\/v2\/media?parent=2585"}],"curies":[{"name":"wp","href":"https:\/\/api.w.org\/{rel}","templated":true}]}}