{"id":8794,"date":"2020-12-21T15:14:27","date_gmt":"2020-12-21T14:14:28","guid":{"rendered":"http:\/\/stage.annamariamartinolli.it\/?post_type=product&#038;p=8794"},"modified":"2020-12-21T15:43:12","modified_gmt":"2020-12-21T14:43:12","slug":"le-otto-impiccate-di-barbablu-2","status":"publish","type":"product","link":"https:\/\/stage.annamariamartinolli.it\/es\/librer\u00eda\/guiones\/le-otto-impiccate-di-barbablu-2\/","title":{"rendered":"Le otto impiccate di Barbabl\u00f9"},"content":{"rendered":"<p>Comedia en un acto, once personajes: dos hombres y nueve mujeres. Para cualquier actuaci\u00f3n, por favor, p\u00f3ngase en contacto con el autor al menos con tres o cuatro meses de antelaci\u00f3n, ya que las obras est\u00e1n protegidas por la Sociedad Italiana de Autores y Editores. <strong>El gui\u00f3n est\u00e1 en lengua italiana<\/strong>.<\/p>\n<div  class='avia-button-wrap av-2xoi0b-1b1bae8b7c64fc83270639243af7bb34-wrap avia-button-left  avia-builder-el-0  avia-builder-el-no-sibling '><a href='http:\/\/stage.annamariamartinolli.it\/wp-content\/uploads\/2020\/12\/barbablu.pdf'  class='avia-button av-2xoi0b-1b1bae8b7c64fc83270639243af7bb34 av-link-btn avia-icon_select-yes-left-icon avia-size-large avia-position-left avia-color-theme-color'   aria-label=\"Descargar PDF\"><span class='avia_button_icon avia_button_icon_left avia-iconfont avia-font-entypo-fontello' data-av_icon='\ue836' data-av_iconfont='entypo-fontello' ><\/span><span class='avia_iconbox_title' >Descargar PDF<\/span><\/a><\/div>\n","protected":false},"excerpt":{"rendered":"<p>Eveline, de quince a\u00f1os, acaba de casarse con el viejo Barba Azul, que esconde a las v\u00edctimas anteriores de sus actos criminales en la torreta de su castillo.<br \/>\nUsando los siete pecados capitales como referencia, Alphonse Daudet reescribe el famoso cuento de hadas, d\u00e1ndole un nuevo significado moral y enriqueciendo el texto con chistes divertidos y corrosivos. [av_toggle_container initial='0' mode='accordion' sort='' styling='' colors='' font_color='' background_color='' border_color='' colors_current='' font_color_current='' background_current='' background_color_current='' background_gradient_current_color1='' background_gradient_current_color2='' background_gradient_current_direction='vertical' hover_colors='' hover_background_color='' hover_font_color='' alb_description='' id='' custom_class='' av_uid=''] [av_toggle title='Formulario de solicitud de un gui\u00f3n de teatro traducido al italiano' tags='' custom_id=''] [gravityform id=\"5\" title=\"false\" description=\"false\" ajax=\"true\"] [\/av_toggle] [\/av_toggle_container]<\/p>\n","protected":false},"featured_media":8703,"comment_status":"open","ping_status":"closed","template":"","meta":[],"product_brand":[],"product_cat":[452,130],"product_tag":[453],"class_list":{"0":"post-8794","1":"product","2":"type-product","3":"status-publish","4":"has-post-thumbnail","6":"product_cat-alphonse-daudet-es","7":"product_cat-guiones","8":"product_tag-alphonse-daudet-es","10":"first","11":"instock","12":"virtual","13":"product-type-simple"},"_links":{"self":[{"href":"https:\/\/stage.annamariamartinolli.it\/es\/wp-json\/wp\/v2\/product\/8794","targetHints":{"allow":["GET"]}}],"collection":[{"href":"https:\/\/stage.annamariamartinolli.it\/es\/wp-json\/wp\/v2\/product"}],"about":[{"href":"https:\/\/stage.annamariamartinolli.it\/es\/wp-json\/wp\/v2\/types\/product"}],"replies":[{"embeddable":true,"href":"https:\/\/stage.annamariamartinolli.it\/es\/wp-json\/wp\/v2\/comments?post=8794"}],"wp:featuredmedia":[{"embeddable":true,"href":"https:\/\/stage.annamariamartinolli.it\/es\/wp-json\/wp\/v2\/media\/8703"}],"wp:attachment":[{"href":"https:\/\/stage.annamariamartinolli.it\/es\/wp-json\/wp\/v2\/media?parent=8794"}],"wp:term":[{"taxonomy":"product_brand","embeddable":true,"href":"https:\/\/stage.annamariamartinolli.it\/es\/wp-json\/wp\/v2\/product_brand?post=8794"},{"taxonomy":"product_cat","embeddable":true,"href":"https:\/\/stage.annamariamartinolli.it\/es\/wp-json\/wp\/v2\/product_cat?post=8794"},{"taxonomy":"product_tag","embeddable":true,"href":"https:\/\/stage.annamariamartinolli.it\/es\/wp-json\/wp\/v2\/product_tag?post=8794"}],"curies":[{"name":"wp","href":"https:\/\/api.w.org\/{rel}","templated":true}]}}