{"id":8546,"date":"2020-11-24T15:49:53","date_gmt":"2020-11-24T14:49:53","guid":{"rendered":"http:\/\/stage.annamariamartinolli.it\/?post_type=product&#038;p=8546"},"modified":"2020-11-24T18:19:52","modified_gmt":"2020-11-24T17:19:52","slug":"strip-poker","status":"publish","type":"product","link":"https:\/\/stage.annamariamartinolli.it\/es\/librer\u00eda\/guiones\/jean-pierre-martinez-es\/strip-poker\/","title":{"rendered":"Strip-Poker"},"content":{"rendered":"<p>Comedia en tres actos, cuatro personajes: dos mujeres y dos hombres.<br \/>\n<div  class='avia-button-wrap av-2xoi0b-a2a0aaaae64ee5f465d61b535d343129-wrap avia-button-left  avia-builder-el-0  avia-builder-el-no-sibling '><a href='https:\/\/comediatheque.net\/strip_poker_espagnol\/'  class='avia-button av-2xoi0b-a2a0aaaae64ee5f465d61b535d343129 av-link-btn avia-icon_select-yes-left-icon avia-size-large avia-position-left avia-color-theme-color'   aria-label=\"Descargar PDF\"><span class='avia_button_icon avia_button_icon_left avia-iconfont avia-font-entypo-fontello' data-av_icon='\ue836' data-av_iconfont='entypo-fontello' ><\/span><span class='avia_iconbox_title' >Descargar PDF<\/span><\/a><\/div><\/p>\n","protected":false},"excerpt":{"rendered":"<p>Una pareja invita a los nuevos vecinos a cenar para conocerse. La diferencia de car\u00e1cter, sin embargo, pronto es causa de tensi\u00f3n.<br \/>\nDurante la noche, en un intento de sacar a los dos molestadores del camino, la pareja los invita a participar en un juego de verdad, como el Strip-Poker, que obligar\u00e1 a todos a revelar sus inc\u00f3modos secretos.<br \/>\nEsta c\u00ednica y brillante comedia ya ha sido interpretada con gran \u00e9xito en todo el mundo (Par\u00eds, Avi\u00f1\u00f3n, Madrid, Buenos Aires, Montevideo, Los \u00c1ngeles y Miami entre otras ciudades).<\/p>\n<p>Para las compa\u00f1\u00edas amateurs o profesionales que buscan un texto para escenificar, Jean-Pierre Martinez ha elegido ofrecer sus textos para la <a href=\"https:\/\/comediatheque.net\/traductions\/obras-en-espanol\/\" target=\"_blank\" rel=\"noopener noreferrer\">descarga gratuita<\/a>. Cualquier actuaci\u00f3n p\u00fablica debe ser autorizada con antelaci\u00f3n.<\/p>\n","protected":false},"featured_media":8170,"comment_status":"open","ping_status":"closed","template":"","meta":[],"product_brand":[],"product_cat":[130,331],"product_tag":[335,332],"class_list":{"0":"post-8546","1":"product","2":"type-product","3":"status-publish","4":"has-post-thumbnail","6":"product_cat-guiones","7":"product_cat-jean-pierre-martinez-es","8":"product_tag-guiones-de-teatro","9":"product_tag-jean-pierre-martinez-es","11":"first","12":"instock","13":"virtual","14":"product-type-simple"},"_links":{"self":[{"href":"https:\/\/stage.annamariamartinolli.it\/es\/wp-json\/wp\/v2\/product\/8546","targetHints":{"allow":["GET"]}}],"collection":[{"href":"https:\/\/stage.annamariamartinolli.it\/es\/wp-json\/wp\/v2\/product"}],"about":[{"href":"https:\/\/stage.annamariamartinolli.it\/es\/wp-json\/wp\/v2\/types\/product"}],"replies":[{"embeddable":true,"href":"https:\/\/stage.annamariamartinolli.it\/es\/wp-json\/wp\/v2\/comments?post=8546"}],"wp:featuredmedia":[{"embeddable":true,"href":"https:\/\/stage.annamariamartinolli.it\/es\/wp-json\/wp\/v2\/media\/8170"}],"wp:attachment":[{"href":"https:\/\/stage.annamariamartinolli.it\/es\/wp-json\/wp\/v2\/media?parent=8546"}],"wp:term":[{"taxonomy":"product_brand","embeddable":true,"href":"https:\/\/stage.annamariamartinolli.it\/es\/wp-json\/wp\/v2\/product_brand?post=8546"},{"taxonomy":"product_cat","embeddable":true,"href":"https:\/\/stage.annamariamartinolli.it\/es\/wp-json\/wp\/v2\/product_cat?post=8546"},{"taxonomy":"product_tag","embeddable":true,"href":"https:\/\/stage.annamariamartinolli.it\/es\/wp-json\/wp\/v2\/product_tag?post=8546"}],"curies":[{"name":"wp","href":"https:\/\/api.w.org\/{rel}","templated":true}]}}