{"id":8173,"date":"2020-11-06T15:33:04","date_gmt":"2020-11-06T14:33:04","guid":{"rendered":"http:\/\/stage.annamariamartinolli.it\/?post_type=product&#038;p=8173"},"modified":"2020-11-07T09:32:31","modified_gmt":"2020-11-07T08:32:31","slug":"venerdi-13","status":"publish","type":"product","link":"https:\/\/stage.annamariamartinolli.it\/es\/librer\u00eda\/guiones\/jean-pierre-martinez-es\/venerdi-13\/","title":{"rendered":"Venerd\u00ec 13"},"content":{"rendered":"<p>Comedia en un acto, tres personajes: dos mujeres y un hombre, con la posibilidad de un cuarto personaje masculino y un final alternativo.<\/p>\n<div  class='avia-button-wrap av-2xoi0b-65fd62522b9c346d3e8164ffb3c5201b-wrap avia-button-left  avia-builder-el-0  avia-builder-el-no-sibling '><a href='https:\/\/comediatheque.net\/13-y-martes-espanol\/'  class='avia-button av-2xoi0b-65fd62522b9c346d3e8164ffb3c5201b av-link-btn avia-icon_select-yes-left-icon avia-size-large avia-position-left avia-color-theme-color'   aria-label=\"Descargar PDF\"><span class='avia_button_icon avia_button_icon_left avia-iconfont avia-font-entypo-fontello' data-av_icon='\ue836' data-av_iconfont='entypo-fontello' ><\/span><span class='avia_iconbox_title' >Descargar PDF<\/span><\/a><\/div>\n","protected":false},"excerpt":{"rendered":"<p>Jer\u00f3nimo y Cristina han invitado a cenar a una pareja de amigos. Pero la se\u00f1ora llega sola, deshecha. Acaba de saber que el avi\u00f3n que tra\u00eda a su marido a Par\u00eds se ha estrellado en el mar. Pendientes de las noticias con la posible viuda para saber si su marido forma o no parte de los supervivientes, la pareja descubre de pronto que acaba de ganar el bote de la primitiva de ese martes 13. La consigna es, desde ese momento, \u00abdisimula tu alegr\u00eda\u00bb&#8230; Numerosas e impredecibles peripecias se suceden a lo largo de esta agitada jornada.<br \/>\nEsta comedia de gran \u00e9xito ya se ha puesto en escena en todo el mundo (Par\u00eds, Avi\u00f1\u00f3n, Madrid, Nueva York, Los \u00c1ngeles y Miami entre otras ciudades).<\/p>\n<p>Para las compa\u00f1\u00edas amateurs o profesionales que buscan un texto para escenificar, Jean-Pierre Martinez ha elegido ofrecer sus textos para la <a href=\"https:\/\/comediatheque.net\/13-y-martes-espanol\/\" target=\"_blank\" rel=\"noopener noreferrer\">descarga gratuita<\/a>. Cualquier actuaci\u00f3n p\u00fablica debe ser autorizada con antelaci\u00f3n.<\/p>\n","protected":false},"featured_media":8170,"comment_status":"open","ping_status":"closed","template":"","meta":[],"product_brand":[],"product_cat":[130,331],"product_tag":[334,335,332,333],"class_list":{"0":"post-8173","1":"product","2":"type-product","3":"status-publish","4":"has-post-thumbnail","6":"product_cat-guiones","7":"product_cat-jean-pierre-martinez-es","8":"product_tag-comedia-en-un-acto","9":"product_tag-guiones-de-teatro","10":"product_tag-jean-pierre-martinez-es","11":"product_tag-venerdi-13-es","13":"first","14":"instock","15":"virtual","16":"product-type-simple"},"_links":{"self":[{"href":"https:\/\/stage.annamariamartinolli.it\/es\/wp-json\/wp\/v2\/product\/8173","targetHints":{"allow":["GET"]}}],"collection":[{"href":"https:\/\/stage.annamariamartinolli.it\/es\/wp-json\/wp\/v2\/product"}],"about":[{"href":"https:\/\/stage.annamariamartinolli.it\/es\/wp-json\/wp\/v2\/types\/product"}],"replies":[{"embeddable":true,"href":"https:\/\/stage.annamariamartinolli.it\/es\/wp-json\/wp\/v2\/comments?post=8173"}],"wp:featuredmedia":[{"embeddable":true,"href":"https:\/\/stage.annamariamartinolli.it\/es\/wp-json\/wp\/v2\/media\/8170"}],"wp:attachment":[{"href":"https:\/\/stage.annamariamartinolli.it\/es\/wp-json\/wp\/v2\/media?parent=8173"}],"wp:term":[{"taxonomy":"product_brand","embeddable":true,"href":"https:\/\/stage.annamariamartinolli.it\/es\/wp-json\/wp\/v2\/product_brand?post=8173"},{"taxonomy":"product_cat","embeddable":true,"href":"https:\/\/stage.annamariamartinolli.it\/es\/wp-json\/wp\/v2\/product_cat?post=8173"},{"taxonomy":"product_tag","embeddable":true,"href":"https:\/\/stage.annamariamartinolli.it\/es\/wp-json\/wp\/v2\/product_tag?post=8173"}],"curies":[{"name":"wp","href":"https:\/\/api.w.org\/{rel}","templated":true}]}}