{"id":7986,"date":"2020-10-14T11:50:48","date_gmt":"2020-10-14T09:50:48","guid":{"rendered":"http:\/\/stage.annamariamartinolli.it\/?post_type=product&#038;p=7986"},"modified":"2020-10-14T12:22:07","modified_gmt":"2020-10-14T10:22:07","slug":"luccellino-azzurro-e-il-fidanzamento","status":"publish","type":"product","link":"https:\/\/stage.annamariamartinolli.it\/es\/librer\u00eda\/libros\/luccellino-azzurro-e-il-fidanzamento\/","title":{"rendered":"L&#8217;uccellino azzurro e Il fidanzamento"},"content":{"rendered":"","protected":false},"excerpt":{"rendered":"<p>El libro contiene el famoso texto <em>El P\u00e1jaro Azul<\/em>, en una nueva traducci\u00f3n actualizada, y su secuela,<em> El Compromiso<\/em>, traducida por primera vez al italiano. Para completar la obra, numerosas intervenciones cr\u00edticas sobre las piezas y, en el ap\u00e9ndice, el ensayo <em>Sobre la muerte de un peque\u00f1o perro<\/em>, \u00edntimamente ligado al <em>P\u00e1jaro Azul<\/em>, testimonio del profundo v\u00ednculo existente entre el hombre y el perro, el hombre y los animales, el hombre y la naturaleza. <strong>El libro est\u00e1 en lengua italiana<\/strong>. [av_promobox button='yes' label='Comprar' icon_select='yes' icon='ue859' font='entypo-fontello' color='theme-color' custom_bg='#444444' custom_font='#ffffff' size='large' box_color='' box_custom_font='#ffffff' box_custom_bg='#444444' box_custom_border='#333333' label_display='' link='manually,https:\/\/www.editoriaespettacolo.com\/prodotto\/1588\/' link_target='_blank' id='' custom_class='' av_uid='' admin_preview_bg=''] Comprar en Editoria&amp;Spettacolo [\/av_promobox]<\/p>\n","protected":false},"featured_media":7991,"comment_status":"open","ping_status":"closed","template":"","meta":[],"product_brand":[],"product_cat":[133],"product_tag":[138,178],"class_list":{"0":"post-7986","1":"product","2":"type-product","3":"status-publish","4":"has-post-thumbnail","6":"product_cat-libros","7":"product_tag-libros","8":"product_tag-maurice-maeterlinck-es","10":"first","11":"instock","12":"shipping-taxable","13":"product-type-simple"},"_links":{"self":[{"href":"https:\/\/stage.annamariamartinolli.it\/es\/wp-json\/wp\/v2\/product\/7986","targetHints":{"allow":["GET"]}}],"collection":[{"href":"https:\/\/stage.annamariamartinolli.it\/es\/wp-json\/wp\/v2\/product"}],"about":[{"href":"https:\/\/stage.annamariamartinolli.it\/es\/wp-json\/wp\/v2\/types\/product"}],"replies":[{"embeddable":true,"href":"https:\/\/stage.annamariamartinolli.it\/es\/wp-json\/wp\/v2\/comments?post=7986"}],"wp:featuredmedia":[{"embeddable":true,"href":"https:\/\/stage.annamariamartinolli.it\/es\/wp-json\/wp\/v2\/media\/7991"}],"wp:attachment":[{"href":"https:\/\/stage.annamariamartinolli.it\/es\/wp-json\/wp\/v2\/media?parent=7986"}],"wp:term":[{"taxonomy":"product_brand","embeddable":true,"href":"https:\/\/stage.annamariamartinolli.it\/es\/wp-json\/wp\/v2\/product_brand?post=7986"},{"taxonomy":"product_cat","embeddable":true,"href":"https:\/\/stage.annamariamartinolli.it\/es\/wp-json\/wp\/v2\/product_cat?post=7986"},{"taxonomy":"product_tag","embeddable":true,"href":"https:\/\/stage.annamariamartinolli.it\/es\/wp-json\/wp\/v2\/product_tag?post=7986"}],"curies":[{"name":"wp","href":"https:\/\/api.w.org\/{rel}","templated":true}]}}