{"id":3986,"date":"2020-06-30T23:35:11","date_gmt":"2020-06-30T21:35:11","guid":{"rendered":"http:\/\/stage.annamariamartinolli.it\/catalogo\/sin%20categor\u00eda\/occupati-di-amelie\/"},"modified":"2020-07-13T15:33:22","modified_gmt":"2020-07-13T13:33:22","slug":"occupati-di-amelie","status":"publish","type":"product","link":"https:\/\/stage.annamariamartinolli.it\/es\/librer\u00eda\/guiones\/georges-feydeau-es\/occupati-di-amelie\/","title":{"rendered":"Occupati di Am\u00e9lie"},"content":{"rendered":"<p>Comedia en tres actos y cuatro cuadros, veintiocho personajes: dieciocho hombres y diez mujeres. Para cualquier actuaci\u00f3n, por favor, p\u00f3ngase en contacto con el autor al menos con tres o cuatro meses de antelaci\u00f3n, ya que las obras est\u00e1n protegidas por la Sociedad Italiana de Autores y Editores. <strong>El gui\u00f3n est\u00e1 en lengua italiana.<\/strong><\/p>\n<div  class='avia-button-wrap av-2xoi0b-e3ac4fb59fe14cc74595cd5e0861bbaa-wrap avia-button-left  avia-builder-el-0  avia-builder-el-no-sibling '><a href='http:\/\/stage.annamariamartinolli.it\/es\/catalogo\/solicitudes\/'  class='avia-button av-2xoi0b-e3ac4fb59fe14cc74595cd5e0861bbaa av-link-btn avia-icon_select-yes-left-icon avia-size-large avia-position-left avia-color-theme-color'   aria-label=\"Cont\u00e1ctame\"><span class='avia_button_icon avia_button_icon_left avia-iconfont avia-font-entypo-fontello' data-av_icon='\ue836' data-av_iconfont='entypo-fontello' ><\/span><span class='avia_iconbox_title' >Cont\u00e1ctame<\/span><\/a><\/div>\n","protected":false},"excerpt":{"rendered":"<p>Hija de una lavandera, Am\u00e9lie Pochet, entreteniendo relaciones de alto nivel que la hacen ascender socialmente se convierte en Am\u00e9lie d&#8217;Avranches. Al principio, Am\u00e9lie es la amante de Etienne, que est\u00e1 a punto de partir para el servicio militar. Antes de su partida, Etienne conf\u00eda a Am\u00e9lie a su mejor amigo, Marcel. Mientras tanto, el padrino de Marcel llega y confunde a Am\u00e9lie por su novia. Para no desilusionar al buen padrino, Am\u00e9lie acepta fingir ser la novia de Marcel. Pero lo que se supon\u00eda que pasar\u00eda, pasa y una ma\u00f1ana Am\u00e9lie se despierta junto a Marcel. El padrino los sorprende a los dos en una condici\u00f3n que no deja dudas sobre sus sentimientos, y por lo tanto espera que el matrimonio se lleve a cabo r\u00e1pidamente. El padrino, sin embargo, advirti\u00f3 sin querer a Etienne de su desgracia y \u00e9l regresa inmediatamente y jura vengarse. Etienne deja que Am\u00e9lie se case con Marcel, haciendo creer a su amigo que la ceremonia en el ayuntamiento es falsa y que es orquestada por \u00e9l con el \u00fanico prop\u00f3sito de burlarse del padrino. Despu\u00e9s de muchas otras complicaciones, Marcel logra deshacerse de Am\u00e9lie al hacer que la atrapen en el acto de adulterio con Etienne.<\/p>\n[av_toggle_container initial='0' mode='accordion' sort='' styling='' colors='' font_color='' background_color='' border_color='' colors_current='' font_color_current='' background_current='' background_color_current='' background_gradient_current_color1='' background_gradient_current_color2='' background_gradient_current_direction='vertical' hover_colors='' hover_background_color='' hover_font_color='' alb_description='' id='' custom_class='' av_uid='']<br \/>\n[av_toggle title='Formulario de solicitud de un gui\u00f3n de teatro traducido al italiano' tags='' custom_id='']<br \/>\n[gravityform id=\"5\" title=\"false\" description=\"false\" ajax=\"true\"]<br \/>\n[\/av_toggle]<\/p>\n<p>[\/av_toggle_container]\n","protected":false},"featured_media":2781,"comment_status":"open","ping_status":"closed","template":"","meta":[],"product_brand":[],"product_cat":[187,130],"product_tag":[147],"class_list":{"0":"post-3986","1":"product","2":"type-product","3":"status-publish","4":"has-post-thumbnail","6":"product_cat-georges-feydeau-es","7":"product_cat-guiones","8":"product_tag-georges-feydeau-es","10":"first","11":"instock","12":"virtual","13":"product-type-simple"},"_links":{"self":[{"href":"https:\/\/stage.annamariamartinolli.it\/es\/wp-json\/wp\/v2\/product\/3986","targetHints":{"allow":["GET"]}}],"collection":[{"href":"https:\/\/stage.annamariamartinolli.it\/es\/wp-json\/wp\/v2\/product"}],"about":[{"href":"https:\/\/stage.annamariamartinolli.it\/es\/wp-json\/wp\/v2\/types\/product"}],"replies":[{"embeddable":true,"href":"https:\/\/stage.annamariamartinolli.it\/es\/wp-json\/wp\/v2\/comments?post=3986"}],"wp:featuredmedia":[{"embeddable":true,"href":"https:\/\/stage.annamariamartinolli.it\/es\/wp-json\/wp\/v2\/media\/2781"}],"wp:attachment":[{"href":"https:\/\/stage.annamariamartinolli.it\/es\/wp-json\/wp\/v2\/media?parent=3986"}],"wp:term":[{"taxonomy":"product_brand","embeddable":true,"href":"https:\/\/stage.annamariamartinolli.it\/es\/wp-json\/wp\/v2\/product_brand?post=3986"},{"taxonomy":"product_cat","embeddable":true,"href":"https:\/\/stage.annamariamartinolli.it\/es\/wp-json\/wp\/v2\/product_cat?post=3986"},{"taxonomy":"product_tag","embeddable":true,"href":"https:\/\/stage.annamariamartinolli.it\/es\/wp-json\/wp\/v2\/product_tag?post=3986"}],"curies":[{"name":"wp","href":"https:\/\/api.w.org\/{rel}","templated":true}]}}