{"id":3959,"date":"2020-07-01T00:01:36","date_gmt":"2020-06-30T22:01:36","guid":{"rendered":"http:\/\/stage.annamariamartinolli.it\/catalogo\/sin%20categor\u00eda\/un-passo-nel-crimine\/"},"modified":"2020-07-13T12:20:52","modified_gmt":"2020-07-13T10:20:52","slug":"un-passo-nel-crimine","status":"publish","type":"product","link":"https:\/\/stage.annamariamartinolli.it\/es\/librer\u00eda\/guiones\/eugene-labiche-es\/un-passo-nel-crimine\/","title":{"rendered":"Un passo nel crimine"},"content":{"rendered":"<p>Comedia en tres actos, doce personajes: siete hombres y cinco mujeres. Para cualquier actuaci\u00f3n, por favor, p\u00f3ngase en contacto con el autor al menos con tres o cuatro meses de antelaci\u00f3n, ya que las obras est\u00e1n protegidas por la Sociedad Italiana de Autores y Editores. <strong>El gui\u00f3n est\u00e1 en lengua italiana.<\/strong><\/p>\n<div  class='avia-button-wrap av-2xoi0b-e3ac4fb59fe14cc74595cd5e0861bbaa-wrap avia-button-left  avia-builder-el-0  avia-builder-el-no-sibling '><a href='http:\/\/stage.annamariamartinolli.it\/es\/catalogo\/solicitudes\/'  class='avia-button av-2xoi0b-e3ac4fb59fe14cc74595cd5e0861bbaa av-link-btn avia-icon_select-yes-left-icon avia-size-large avia-position-left avia-color-theme-color'   aria-label=\"Cont\u00e1ctame\"><span class='avia_button_icon avia_button_icon_left avia-iconfont avia-font-entypo-fontello' data-av_icon='\ue836' data-av_iconfont='entypo-fontello' ><\/span><span class='avia_iconbox_title' >Cont\u00e1ctame<\/span><\/a><\/div>\n","protected":false},"excerpt":{"rendered":"<p>Gatinais, invitado en la casa de un amigo, intenta disparar a un gato pero sin querer le pega a un hombre en el trasero. Un hombre inocente que salv\u00f3 la vida de Gatinais en el pasado es acusado del acto. Gatinais se encuentra involucrado en el juicio como jurado y decide hacer lo que sea para sacar al inocente de la c\u00e1rcel, incluso esconder limas en sus dulces. Eug\u00e8ne Labiche en su mejor momento en un texto que escandaliz\u00f3 por la acusaci\u00f3n abierta contra la justicia francesa.<\/p>\n[av_toggle_container initial='0' mode='accordion' sort='' styling='' colors='' font_color='' background_color='' border_color='' colors_current='' font_color_current='' background_current='' background_color_current='' background_gradient_current_color1='' background_gradient_current_color2='' background_gradient_current_direction='vertical' hover_colors='' hover_background_color='' hover_font_color='' alb_description='' id='' custom_class='' av_uid='']<br \/>\n[av_toggle title='Formulario de solicitud de un gui\u00f3n de teatro traducido al italiano' tags='' custom_id='']<br \/>\n[gravityform id=\"5\" title=\"false\" description=\"false\" ajax=\"true\"]<br \/>\n[\/av_toggle]<\/p>\n<p>[\/av_toggle_container]\n","protected":false},"featured_media":13456,"comment_status":"open","ping_status":"closed","template":"","meta":[],"product_brand":[],"product_cat":[186,130],"product_tag":[144],"class_list":{"0":"post-3959","1":"product","2":"type-product","3":"status-publish","4":"has-post-thumbnail","6":"product_cat-eugene-labiche-es","7":"product_cat-guiones","8":"product_tag-eugene-labiche-es","10":"first","11":"instock","12":"virtual","13":"product-type-simple"},"_links":{"self":[{"href":"https:\/\/stage.annamariamartinolli.it\/es\/wp-json\/wp\/v2\/product\/3959","targetHints":{"allow":["GET"]}}],"collection":[{"href":"https:\/\/stage.annamariamartinolli.it\/es\/wp-json\/wp\/v2\/product"}],"about":[{"href":"https:\/\/stage.annamariamartinolli.it\/es\/wp-json\/wp\/v2\/types\/product"}],"replies":[{"embeddable":true,"href":"https:\/\/stage.annamariamartinolli.it\/es\/wp-json\/wp\/v2\/comments?post=3959"}],"wp:featuredmedia":[{"embeddable":true,"href":"https:\/\/stage.annamariamartinolli.it\/es\/wp-json\/wp\/v2\/media\/13456"}],"wp:attachment":[{"href":"https:\/\/stage.annamariamartinolli.it\/es\/wp-json\/wp\/v2\/media?parent=3959"}],"wp:term":[{"taxonomy":"product_brand","embeddable":true,"href":"https:\/\/stage.annamariamartinolli.it\/es\/wp-json\/wp\/v2\/product_brand?post=3959"},{"taxonomy":"product_cat","embeddable":true,"href":"https:\/\/stage.annamariamartinolli.it\/es\/wp-json\/wp\/v2\/product_cat?post=3959"},{"taxonomy":"product_tag","embeddable":true,"href":"https:\/\/stage.annamariamartinolli.it\/es\/wp-json\/wp\/v2\/product_tag?post=3959"}],"curies":[{"name":"wp","href":"https:\/\/api.w.org\/{rel}","templated":true}]}}