{"id":3950,"date":"2020-07-01T00:19:03","date_gmt":"2020-06-30T22:19:03","guid":{"rendered":"http:\/\/stage.annamariamartinolli.it\/catalogo\/sin%20categor\u00eda\/noblesse-oblige\/"},"modified":"2020-07-12T14:05:34","modified_gmt":"2020-07-12T12:05:34","slug":"noblesse-oblige","status":"publish","type":"product","link":"https:\/\/stage.annamariamartinolli.it\/es\/librer\u00eda\/guiones\/maurice-hennequin-es\/noblesse-oblige\/","title":{"rendered":"Noblesse oblige"},"content":{"rendered":"<p>Comedia en tres actos, veintitr\u00e9s personajes: quince hombres y ocho mujeres. Para cualquier actuaci\u00f3n, por favor, p\u00f3ngase en contacto con el autor al menos con tres o cuatro meses de antelaci\u00f3n, ya que las obras est\u00e1n protegidas por la Sociedad Italiana de Autores y Editores. <strong>El gui\u00f3n est\u00e1 en lengua italiana.<\/strong><\/p>\n<div  class='avia-button-wrap av-2xoi0b-e3ac4fb59fe14cc74595cd5e0861bbaa-wrap avia-button-left  avia-builder-el-0  avia-builder-el-no-sibling '><a href='http:\/\/stage.annamariamartinolli.it\/es\/catalogo\/solicitudes\/'  class='avia-button av-2xoi0b-e3ac4fb59fe14cc74595cd5e0861bbaa av-link-btn avia-icon_select-yes-left-icon avia-size-large avia-position-left avia-color-theme-color'   aria-label=\"Cont\u00e1ctame\"><span class='avia_button_icon avia_button_icon_left avia-iconfont avia-font-entypo-fontello' data-av_icon='\ue836' data-av_iconfont='entypo-fontello' ><\/span><span class='avia_iconbox_title' >Cont\u00e1ctame<\/span><\/a><\/div>\n","protected":false},"excerpt":{"rendered":"<p>Gast\u00f3n, que se hace llamar Bar\u00f3n Gobio del Estanque, todas las noches se entrega a la alegr\u00eda loca pretendiendo, con su esposa y su suegra, ir a destruir las estatuas de los opositores a la monarqu\u00eda. Mientras se divierte en un hotel a las afueras de la ciudad con la esposa de su rival m\u00e1s ac\u00e9rrimo, se le confunde con esto \u00faltimo y acaba siendo v\u00edctima de una serie de malentendidos que le llevar\u00e1n a dar discursos pol\u00edticos y a vivir aventuras atrevidas.<\/p>\n[av_toggle_container initial='0' mode='accordion' sort='' styling='' colors='' font_color='' background_color='' border_color='' colors_current='' font_color_current='' background_current='' background_color_current='' background_gradient_current_color1='' background_gradient_current_color2='' background_gradient_current_direction='vertical' hover_colors='' hover_background_color='' hover_font_color='' alb_description='' id='' custom_class='' av_uid='']<br \/>\n[av_toggle title='Formulario de solicitud de un gui\u00f3n de teatro traducido al italiano' tags='' custom_id='']<br \/>\n[gravityform id=\"5\" title=\"false\" description=\"false\" ajax=\"true\"]<br \/>\n[\/av_toggle]<\/p>\n<p>[\/av_toggle_container]\n","protected":false},"featured_media":2873,"comment_status":"open","ping_status":"closed","template":"","meta":[],"product_brand":[],"product_cat":[130,184],"product_tag":[185],"class_list":{"0":"post-3950","1":"product","2":"type-product","3":"status-publish","4":"has-post-thumbnail","6":"product_cat-guiones","7":"product_cat-maurice-hennequin-es","8":"product_tag-maurice-hennequin-es","10":"first","11":"instock","12":"virtual","13":"product-type-simple"},"_links":{"self":[{"href":"https:\/\/stage.annamariamartinolli.it\/es\/wp-json\/wp\/v2\/product\/3950","targetHints":{"allow":["GET"]}}],"collection":[{"href":"https:\/\/stage.annamariamartinolli.it\/es\/wp-json\/wp\/v2\/product"}],"about":[{"href":"https:\/\/stage.annamariamartinolli.it\/es\/wp-json\/wp\/v2\/types\/product"}],"replies":[{"embeddable":true,"href":"https:\/\/stage.annamariamartinolli.it\/es\/wp-json\/wp\/v2\/comments?post=3950"}],"wp:featuredmedia":[{"embeddable":true,"href":"https:\/\/stage.annamariamartinolli.it\/es\/wp-json\/wp\/v2\/media\/2873"}],"wp:attachment":[{"href":"https:\/\/stage.annamariamartinolli.it\/es\/wp-json\/wp\/v2\/media?parent=3950"}],"wp:term":[{"taxonomy":"product_brand","embeddable":true,"href":"https:\/\/stage.annamariamartinolli.it\/es\/wp-json\/wp\/v2\/product_brand?post=3950"},{"taxonomy":"product_cat","embeddable":true,"href":"https:\/\/stage.annamariamartinolli.it\/es\/wp-json\/wp\/v2\/product_cat?post=3950"},{"taxonomy":"product_tag","embeddable":true,"href":"https:\/\/stage.annamariamartinolli.it\/es\/wp-json\/wp\/v2\/product_tag?post=3950"}],"curies":[{"name":"wp","href":"https:\/\/api.w.org\/{rel}","templated":true}]}}