{"id":3773,"date":"2020-06-18T12:17:03","date_gmt":"2020-06-18T10:17:03","guid":{"rendered":"http:\/\/stage.annamariamartinolli.it\/catalogo\/sin%20categor\u00eda\/il-teatro-comico-di-georges-feydeau-i\/"},"modified":"2020-07-15T16:04:40","modified_gmt":"2020-07-15T14:04:40","slug":"il-teatro-comico-di-georges-feydeau-i","status":"publish","type":"product","link":"https:\/\/stage.annamariamartinolli.it\/es\/librer\u00eda\/libros\/il-teatro-comico-di-georges-feydeau-i\/","title":{"rendered":"Il teatro comico di Georges Feydeau I"},"content":{"rendered":"<p><strong>Comedias en tres actos<br \/>\n<\/strong><\/p>\n<ul>\n<li>Il matrimonio di Barillon<\/li>\n<li>Il sistema Ribadier<\/li>\n<li>Il nastro<\/li>\n<\/ul>\n<p><strong>Comedias en un acto<br \/>\n<\/strong><\/p>\n<ul>\n<li>Dalla finestra<\/li>\n<li>Un bagno casalingo<\/li>\n<li>L\u2019uomo balia<\/li>\n<li>\u00c8 una donna di mondo<\/li>\n<li>Riunione notturna<\/li>\n<\/ul>\n<p><strong>Mon\u00f3logos<\/strong><\/p>\n<ul>\n<li>Agli antipodi<\/li>\n<li>Il collegiale<\/li>\n<li>I personaggi famosi<\/li>\n<li>Le riforme<\/li>\n<li>L\u2019uomo integro<\/li>\n<li>Tutto merito di Brown-S\u00e9quard!\u2026<\/li>\n<li>Il giurato<\/li>\n<\/ul>\n","protected":false},"excerpt":{"rendered":"<blockquote><p>\u00ab\u00bfC\u00f3mo me convert\u00ed en vodevilista? Es muy simple. Pereza, eso es todo. \u00a1C\u00f3mo! \u00bfLe sorprende? Ignoran que la pereza es la milagrosa y f\u00e9rtil madre del trabajo. Y digo milagrosa porque el padre es completamente desconocido\u2026\u00bb<\/p><\/blockquote>\n<p>Georges Feydeau (1862-1921), considerado uno de los m\u00e1s grandes dramaturgos de la historia del teatro franc\u00e9s, se destaca por su capacidad de exponer los defectos de la sociedad de su \u00e9poca burl\u00e1ndose de la burgues\u00eda sentada en el patio de butacas, subrayando sin ambages su vacuidad intelectual. Su producci\u00f3n teatral, que incluye unas cuarenta obras, incluye comedias, obras de un solo acto y mon\u00f3logos, con los que el autor ataca abiertamente a los personajes y a la mentalidad de su \u00e9poca sin perder nunca el br\u00edo que le caracteriza.<br \/>\nEl libro, adem\u00e1s de presentar una colecci\u00f3n in\u00e9dita de obras de teatro y mon\u00f3logos, tambi\u00e9n contiene algunos ensayos sobre el estilo teatral del autor, los personajes de sus textos y la s\u00edntesis de las tramas de todas las obras.<br \/>\n(Edici\u00f3n cuidada por Pasquale Calvino y Annamaria Martinolli. <strong>El libro est\u00e1 en lengua italiana<\/strong>)<\/p>\n[av_promobox button='yes' label='Comprar' icon_select='yes' icon='ue859' font='entypo-fontello' color='theme-color' custom_bg='#444444' custom_font='#ffffff' size='large' box_color='' box_custom_font='#ffffff' box_custom_bg='#444444' box_custom_border='#333333' label_display='' link='manually,https:\/\/www.editoriaespettacolo.com\/prodotto\/il-teatro-comico-di-georges-feydeau-i\/' link_target='_blank' id='' custom_class='' av_uid='' admin_preview_bg='']<br \/>\nComprar en Editoria&amp;Spettacolo<br \/>\n[\/av_promobox]\n","protected":false},"featured_media":1152,"comment_status":"open","ping_status":"closed","template":"","meta":[],"product_brand":[],"product_cat":[133],"product_tag":[147,138],"class_list":{"0":"post-3773","1":"product","2":"type-product","3":"status-publish","4":"has-post-thumbnail","6":"product_cat-libros","7":"product_tag-georges-feydeau-es","8":"product_tag-libros","10":"first","11":"instock","12":"shipping-taxable","13":"product-type-simple"},"_links":{"self":[{"href":"https:\/\/stage.annamariamartinolli.it\/es\/wp-json\/wp\/v2\/product\/3773","targetHints":{"allow":["GET"]}}],"collection":[{"href":"https:\/\/stage.annamariamartinolli.it\/es\/wp-json\/wp\/v2\/product"}],"about":[{"href":"https:\/\/stage.annamariamartinolli.it\/es\/wp-json\/wp\/v2\/types\/product"}],"replies":[{"embeddable":true,"href":"https:\/\/stage.annamariamartinolli.it\/es\/wp-json\/wp\/v2\/comments?post=3773"}],"wp:featuredmedia":[{"embeddable":true,"href":"https:\/\/stage.annamariamartinolli.it\/es\/wp-json\/wp\/v2\/media\/1152"}],"wp:attachment":[{"href":"https:\/\/stage.annamariamartinolli.it\/es\/wp-json\/wp\/v2\/media?parent=3773"}],"wp:term":[{"taxonomy":"product_brand","embeddable":true,"href":"https:\/\/stage.annamariamartinolli.it\/es\/wp-json\/wp\/v2\/product_brand?post=3773"},{"taxonomy":"product_cat","embeddable":true,"href":"https:\/\/stage.annamariamartinolli.it\/es\/wp-json\/wp\/v2\/product_cat?post=3773"},{"taxonomy":"product_tag","embeddable":true,"href":"https:\/\/stage.annamariamartinolli.it\/es\/wp-json\/wp\/v2\/product_tag?post=3773"}],"curies":[{"name":"wp","href":"https:\/\/api.w.org\/{rel}","templated":true}]}}