{"id":3772,"date":"2020-06-18T13:34:03","date_gmt":"2020-06-18T11:34:03","guid":{"rendered":"http:\/\/stage.annamariamartinolli.it\/catalogo\/sin%20categor\u00eda\/il-teatro-comico-di-georges-feydeau-ii\/"},"modified":"2020-07-15T16:01:31","modified_gmt":"2020-07-15T14:01:31","slug":"il-teatro-comico-di-georges-feydeau-ii","status":"publish","type":"product","link":"https:\/\/stage.annamariamartinolli.it\/es\/librer\u00eda\/libros\/il-teatro-comico-di-georges-feydeau-ii\/","title":{"rendered":"Il teatro comico di Georges Feydeau II"},"content":{"rendered":"<p><strong>Comedias en tres actos<br \/>\n<\/strong><\/p>\n<ul>\n<li>L\u2019affare Edouard<\/li>\n<li>La signora di Chez Maxim<\/li>\n<\/ul>\n<p><strong>Comedias en un acto<br \/>\n<\/strong><\/p>\n<ul>\n<li>Un tipo da forca<\/li>\n<li>Il rimedio \u00e8 peggiore del male<\/li>\n<li>A me gli occhi!<\/li>\n<li>L\u2019uomo di paglia<\/li>\n<\/ul>\n<p><strong>Mon\u00f3logos<\/strong><\/p>\n<ul>\n<li>Un colpo di testa<\/li>\n<li>Un signore che non ama i monologhi<\/li>\n<li>Ho mal di denti!<\/li>\n<li>Patta all\u2019aria<\/li>\n<li>La banconota da mille<\/li>\n<li>Il pacco<\/li>\n<li>Un signore condannato a morte<\/li>\n<\/ul>\n","protected":false},"excerpt":{"rendered":"<p>Georges Feydeau (1862-1921) fue un prodigioso inventor del g\u00e9nero c\u00f3mico. No renov\u00f3 el vodevil, pero a trav\u00e9s de todas sus obras cre\u00f3 uno nuevo. Otros autores, reproduciendo sus extra\u00f1as escenograf\u00edas nos daban la ilusi\u00f3n de imitarlo, pero \u00e9l era inimitable, precisamente por su incesante inventiva. Partiendo de una idea inicial, Georges Feydeau fue capaz de dar rienda suelta a su imaginaci\u00f3n y, a medida que sus personajes avanzaban, les inventaba calles sin salida, oblig\u00e1ndoles a descubrir por s\u00ed mismos puertas o ventanas que ni siquiera \u00e9l sospechaba que exist\u00edan y que arrebataba a lo desconocido de la vida cotidiana. Cualquier otro habr\u00eda perdido su orientaci\u00f3n. Georges Feydeau pose\u00eda la maravillosa llave de los grandes observadores. Hurgaba a sus personajes hasta encontrar en ellos el hilo que le permitiera coserlos, para lanzarlos de nuevo a la siguiente aventura. Feydeau no esperaba nada del azar; s\u00f3lo confiaba en sus deducciones. Los tipos que escenific\u00f3 estaban vivos gracias a su autenticidad, y cualquier cosa que les pudiera pasar se volvi\u00f3 plausible, obvio, inevitable. (R\u00e9gis Gignoux)<\/p>\n<p>El libro, adem\u00e1s de presentar la famosa <em>Dame de Chez Maxim<\/em>, contiene comedias, comedias en un acto y mon\u00f3logos nunca antes traducidos, todo ello enriquecido con algunos ensayos que analizan las obras de Feydeau y Labiche, la comicidad de Feydeau y los personajes m\u00e1s famosos de las comedias del autor.<br \/>\n(Edici\u00f3n cuidada por Pasquale Calvino y Annamaria Martinolli. <strong>El libro est\u00e1 en lengua italiana<\/strong>)<\/p>\n[av_promobox button='yes' label='Comprar' icon_select='yes' icon='ue859' font='entypo-fontello' color='theme-color' custom_bg='#444444' custom_font='#ffffff' size='large' box_color='' box_custom_font='#ffffff' box_custom_bg='#444444' box_custom_border='#333333' label_display='' link='manually,https:\/\/www.editoriaespettacolo.com\/prodotto\/il-teatro-comico-di-georges-feydeau-ii\/' link_target='_blank' id='' custom_class='' av_uid='' admin_preview_bg='']<br \/>\nComprar en Editoria&amp;Spettacolo<br \/>\n[\/av_promobox]\n","protected":false},"featured_media":1166,"comment_status":"open","ping_status":"closed","template":"","meta":[],"product_brand":[],"product_cat":[133],"product_tag":[147,138],"class_list":{"0":"post-3772","1":"product","2":"type-product","3":"status-publish","4":"has-post-thumbnail","6":"product_cat-libros","7":"product_tag-georges-feydeau-es","8":"product_tag-libros","10":"first","11":"instock","12":"shipping-taxable","13":"product-type-simple"},"_links":{"self":[{"href":"https:\/\/stage.annamariamartinolli.it\/es\/wp-json\/wp\/v2\/product\/3772","targetHints":{"allow":["GET"]}}],"collection":[{"href":"https:\/\/stage.annamariamartinolli.it\/es\/wp-json\/wp\/v2\/product"}],"about":[{"href":"https:\/\/stage.annamariamartinolli.it\/es\/wp-json\/wp\/v2\/types\/product"}],"replies":[{"embeddable":true,"href":"https:\/\/stage.annamariamartinolli.it\/es\/wp-json\/wp\/v2\/comments?post=3772"}],"wp:featuredmedia":[{"embeddable":true,"href":"https:\/\/stage.annamariamartinolli.it\/es\/wp-json\/wp\/v2\/media\/1166"}],"wp:attachment":[{"href":"https:\/\/stage.annamariamartinolli.it\/es\/wp-json\/wp\/v2\/media?parent=3772"}],"wp:term":[{"taxonomy":"product_brand","embeddable":true,"href":"https:\/\/stage.annamariamartinolli.it\/es\/wp-json\/wp\/v2\/product_brand?post=3772"},{"taxonomy":"product_cat","embeddable":true,"href":"https:\/\/stage.annamariamartinolli.it\/es\/wp-json\/wp\/v2\/product_cat?post=3772"},{"taxonomy":"product_tag","embeddable":true,"href":"https:\/\/stage.annamariamartinolli.it\/es\/wp-json\/wp\/v2\/product_tag?post=3772"}],"curies":[{"name":"wp","href":"https:\/\/api.w.org\/{rel}","templated":true}]}}