{"id":3771,"date":"2020-06-18T14:00:30","date_gmt":"2020-06-18T12:00:30","guid":{"rendered":"http:\/\/stage.annamariamartinolli.it\/catalogo\/sin%20categor\u00eda\/il-teatro-comico-di-georges-feydeau-iii\/"},"modified":"2020-07-15T16:30:17","modified_gmt":"2020-07-15T14:30:17","slug":"il-teatro-comico-di-georges-feydeau-iii","status":"publish","type":"product","link":"https:\/\/stage.annamariamartinolli.it\/es\/librer\u00eda\/libros\/il-teatro-comico-di-georges-feydeau-iii\/","title":{"rendered":"Il teatro comico di Georges Feydeau III"},"content":{"rendered":"<p><strong>Comedias en tres actos<br \/>\n<\/strong><\/p>\n<ul>\n<li>I fidanzati di Loches<\/li>\n<li>La palla al piede<\/li>\n<li>Il tacchino (Lo spaccone)<\/li>\n<\/ul>\n<p><strong>Comedias en un acto<br \/>\n<\/strong><\/p>\n<ul>\n<li>Fidanzati in erba<\/li>\n<li>Il nostro futuro<\/li>\n<li>Due galli per una gallina<\/li>\n<\/ul>\n<p><strong>Mon\u00f3logos<\/strong><\/p>\n<ul>\n<li>Troppo vecchio<\/li>\n<li>La famigliola<\/li>\n<li>L\u2019uomo parsimonioso<\/li>\n<\/ul>\n<p><strong>Anexos<\/strong><\/p>\n<ul>\n<li>Madame Sangenella <em>di Eduardo Scarpetta<\/em><\/li>\n<\/ul>\n","protected":false},"excerpt":{"rendered":"<p>\u00abCuando me encuentro frente a una hoja de papel, en el \u00edmpetu del trabajo, no analizo a mis h\u00e9roes, pero los veo actuar, los escucho hablar. En cierto modo se materializan, y son, para m\u00ed, seres reales. Su imagen est\u00e1 impresa en mi memoria, no s\u00f3lo f\u00edsicamente, sino tambi\u00e9n en t\u00e9rminos de la memoria del momento en que entran en la escena, y la puerta a trav\u00e9s de la cual entran. Poseo mi juego, como un jugador de ajedrez posee el tablero de ajedrez; he impreso en mi mente las diversas posiciones que los peones (mis personajes) han ido a ocupar. En otras palabras, soy consciente de su evoluci\u00f3n simult\u00e1nea y posterior. Y esta evoluci\u00f3n se limita a un cierto n\u00famero de movimientos. No olviden que el movimiento es la condici\u00f3n esencial del teatro, y por consiguiente (y lo digo con toda honestidad, ya que tantos maestros lo han apoyado) la principal dote del dramaturgo\u2026\u00bb.<\/p>\n<p style=\"text-align: right;\">(Georges Feydeau durante una entrevista con Adolphe Brisson en 1901)<\/p>\n<p>Adem\u00e1s de las obras in\u00e9ditas, el libro recoge textos teatrales ausentes de la escena editorial italiana durante unos cuarenta a\u00f1os. Esto se complementa con numerosos ensayos exhaustivos que explican con detalle la estructura ling\u00fc\u00edstica de las obras de Feydeau, el contexto hist\u00f3rico en el que fueron concebidas y la diferencia entre tres g\u00e9neros teatrales que a menudo son objeto de confusi\u00f3n: la farsa, el vodevil y la pochade.<br \/>\n(Edici\u00f3n cuidada por Pasquale Calvino y Annamaria Martinolli. <strong>El libro est\u00e1 en lengua italiana<\/strong>)<\/p>\n[av_promobox button='yes' label='Comprar' icon_select='yes' icon='ue859' font='entypo-fontello' color='theme-color' custom_bg='#444444' custom_font='#ffffff' size='large' box_color='' box_custom_font='#ffffff' box_custom_bg='#444444' box_custom_border='#333333' label_display='' link='manually,https:\/\/www.editoriaespettacolo.com\/prodotto\/il-teatro-comico-di-georges-feydeau-iii\/' link_target='_blank' id='' custom_class='' av_uid='' admin_preview_bg='']<br \/>\nComprar en Editoria&amp;Spettacolo<br \/>\n[\/av_promobox]\n","protected":false},"featured_media":1174,"comment_status":"open","ping_status":"closed","template":"","meta":[],"product_brand":[],"product_cat":[133],"product_tag":[147,138],"class_list":{"0":"post-3771","1":"product","2":"type-product","3":"status-publish","4":"has-post-thumbnail","6":"product_cat-libros","7":"product_tag-georges-feydeau-es","8":"product_tag-libros","10":"first","11":"instock","12":"shipping-taxable","13":"product-type-simple"},"_links":{"self":[{"href":"https:\/\/stage.annamariamartinolli.it\/es\/wp-json\/wp\/v2\/product\/3771","targetHints":{"allow":["GET"]}}],"collection":[{"href":"https:\/\/stage.annamariamartinolli.it\/es\/wp-json\/wp\/v2\/product"}],"about":[{"href":"https:\/\/stage.annamariamartinolli.it\/es\/wp-json\/wp\/v2\/types\/product"}],"replies":[{"embeddable":true,"href":"https:\/\/stage.annamariamartinolli.it\/es\/wp-json\/wp\/v2\/comments?post=3771"}],"wp:featuredmedia":[{"embeddable":true,"href":"https:\/\/stage.annamariamartinolli.it\/es\/wp-json\/wp\/v2\/media\/1174"}],"wp:attachment":[{"href":"https:\/\/stage.annamariamartinolli.it\/es\/wp-json\/wp\/v2\/media?parent=3771"}],"wp:term":[{"taxonomy":"product_brand","embeddable":true,"href":"https:\/\/stage.annamariamartinolli.it\/es\/wp-json\/wp\/v2\/product_brand?post=3771"},{"taxonomy":"product_cat","embeddable":true,"href":"https:\/\/stage.annamariamartinolli.it\/es\/wp-json\/wp\/v2\/product_cat?post=3771"},{"taxonomy":"product_tag","embeddable":true,"href":"https:\/\/stage.annamariamartinolli.it\/es\/wp-json\/wp\/v2\/product_tag?post=3771"}],"curies":[{"name":"wp","href":"https:\/\/api.w.org\/{rel}","templated":true}]}}