{"id":3769,"date":"2020-06-19T05:54:54","date_gmt":"2020-06-19T03:54:54","guid":{"rendered":"http:\/\/stage.annamariamartinolli.it\/catalogo\/sin%20categor\u00eda\/il-teatro-comico-di-georges-feydeau-v\/"},"modified":"2020-07-15T15:58:40","modified_gmt":"2020-07-15T13:58:40","slug":"il-teatro-comico-di-georges-feydeau-v","status":"publish","type":"product","link":"https:\/\/stage.annamariamartinolli.it\/es\/librer\u00eda\/libros\/il-teatro-comico-di-georges-feydeau-v\/","title":{"rendered":"Il teatro comico di Georges Feydeau V"},"content":{"rendered":"<p><strong>Comedias en tres actos\/cinco actos<br \/>\n<\/strong><\/p>\n<ul>\n<li>Sarto per signora<\/li>\n<li>A scatola chiusa<\/li>\n<li>Occupati di Am\u00e9lie<\/li>\n<\/ul>\n<p><strong>Comedias en un acto<br \/>\n<\/strong><\/p>\n<ul>\n<li>L\u00e9onie \u00e8 in anticipo<\/li>\n<\/ul>\n<p><strong>Mon\u00f3logos<\/strong><\/p>\n<ul>\n<li>La signora Sganarello<\/li>\n<\/ul>\n","protected":false},"excerpt":{"rendered":"<p>Quinto volumen dedicado a Georges Feydeau que recoge textos de gran \u00e9xito: <em>Sarto per signora<\/em>, <em>A scatola chiusa<\/em>, <em>Occupati di Am\u00e9lie<\/em>, <em>L\u00e9onie \u00e8 in anticipo<\/em>, <em>La Signora Sganarello<\/em>.<br \/>\n\u00abFeydeau es &#8211; en muchos sentidos &#8211; el creador del tipo de comedias que en Italia han sido bautizadas con el nombre franc\u00e9s de \u00abpochade\u00bb y que en Francia, en cambio, se llaman \u00abvodevil\u00bb. [&#8230;] Una situaci\u00f3n burlesca, para \u00e9l, no puede existir sino en la medida en que debe generar otra a\u00fan m\u00e1s rid\u00edcula. Se trata de meterse en el juego, pero una vez que se est\u00e1 atrapado en el mecanismo es imposible no re\u00edrse\u00bb.<br \/>\n(Edici\u00f3n cuidada por Annamaria Martinolli. <strong>El libro est\u00e1 en lengua italiana<\/strong>)<\/p>\n[av_promobox button='yes' label='Comprar' icon_select='yes' icon='ue859' font='entypo-fontello' color='theme-color' custom_bg='#444444' custom_font='#ffffff' size='large' box_color='' box_custom_font='#ffffff' box_custom_bg='#444444' box_custom_border='#333333' label_display='' link='manually,https:\/\/www.editoriaespettacolo.com\/prodotto\/teatro-comico-georges-feydeau-vol-5\/' link_target='_blank' id='' custom_class='' av_uid='' admin_preview_bg='']<br \/>\nComprar en Editoria&amp;Spettacolo<br \/>\n[\/av_promobox]\n","protected":false},"featured_media":1192,"comment_status":"open","ping_status":"closed","template":"","meta":[],"product_brand":[],"product_cat":[133],"product_tag":[147,138],"class_list":{"0":"post-3769","1":"product","2":"type-product","3":"status-publish","4":"has-post-thumbnail","6":"product_cat-libros","7":"product_tag-georges-feydeau-es","8":"product_tag-libros","10":"first","11":"instock","12":"shipping-taxable","13":"product-type-simple"},"_links":{"self":[{"href":"https:\/\/stage.annamariamartinolli.it\/es\/wp-json\/wp\/v2\/product\/3769","targetHints":{"allow":["GET"]}}],"collection":[{"href":"https:\/\/stage.annamariamartinolli.it\/es\/wp-json\/wp\/v2\/product"}],"about":[{"href":"https:\/\/stage.annamariamartinolli.it\/es\/wp-json\/wp\/v2\/types\/product"}],"replies":[{"embeddable":true,"href":"https:\/\/stage.annamariamartinolli.it\/es\/wp-json\/wp\/v2\/comments?post=3769"}],"wp:featuredmedia":[{"embeddable":true,"href":"https:\/\/stage.annamariamartinolli.it\/es\/wp-json\/wp\/v2\/media\/1192"}],"wp:attachment":[{"href":"https:\/\/stage.annamariamartinolli.it\/es\/wp-json\/wp\/v2\/media?parent=3769"}],"wp:term":[{"taxonomy":"product_brand","embeddable":true,"href":"https:\/\/stage.annamariamartinolli.it\/es\/wp-json\/wp\/v2\/product_brand?post=3769"},{"taxonomy":"product_cat","embeddable":true,"href":"https:\/\/stage.annamariamartinolli.it\/es\/wp-json\/wp\/v2\/product_cat?post=3769"},{"taxonomy":"product_tag","embeddable":true,"href":"https:\/\/stage.annamariamartinolli.it\/es\/wp-json\/wp\/v2\/product_tag?post=3769"}],"curies":[{"name":"wp","href":"https:\/\/api.w.org\/{rel}","templated":true}]}}