{"id":3758,"date":"2020-06-19T06:17:11","date_gmt":"2020-06-19T04:17:11","guid":{"rendered":"http:\/\/stage.annamariamartinolli.it\/catalogo\/sin%20categor\u00eda\/il-teatro-comico-di-eugene-labiche-i\/"},"modified":"2020-07-15T15:57:57","modified_gmt":"2020-07-15T13:57:57","slug":"il-teatro-comico-di-eugene-labiche-i","status":"publish","type":"product","link":"https:\/\/stage.annamariamartinolli.it\/es\/librer\u00eda\/libros\/il-teatro-comico-di-eugene-labiche-i\/","title":{"rendered":"Il teatro comico di Eug\u00e8ne Labiche I"},"content":{"rendered":"<p><strong>El libro contiene los textos siguientes:<\/strong><\/p>\n<ul>\n<li>Un cappello di paglia di Firenze<\/li>\n<li>Se ti becco, son dolori!<\/li>\n<li>La sensitiva<\/li>\n<li>Una figlia sotto stretta sorveglianza<\/li>\n<li>L\u2019affare della Rue de Lourcine<\/li>\n<\/ul>\n","protected":false},"excerpt":{"rendered":"<p>\u00abDurante cuarenta a\u00f1os Eug\u00e8ne Labiche hizo re\u00edr a sus contempor\u00e1neos: era una fuerza, una fuerza beneficiosa. La alegr\u00eda es de hecho el rasgo dominante de todo su teatro, y esto es lo que lo hace un teatro \u00fanico y muy original. Otros autores, en sus respectivas \u00e9pocas, demostraron ser tan alegres como Labiche, pero ninguno, como \u00e9l, pose\u00eda esa alegr\u00eda del \u00e1nimo inagotable que, desde el principio hasta el final de su obra, result\u00f3 ser su constante fuente de inspiraci\u00f3n. Es el propio Labiche quien parece haber compuesto sus piezas con el \u00fanico prop\u00f3sito de divertirse y entretener al p\u00fablico.<\/p>\n<p>El ambiente en el que fluye el esp\u00edritu de observaci\u00f3n, tan penetrante, de Labiche, es siempre el mismo, y el personaje que \u00e9l escenifica constantemente es el burgu\u00e9s, pariente cercano del Monsieur Prudhomme dibujado por Henry Monnier. Es rico, este burgu\u00e9s, o por lo menos acomodado, porque la riqueza es un suelo perfecto para cultivar la flor de la estupidez. Es un hombre que ha vivido, este burgu\u00e9s, pero que no ha aprendido nada de la vida: sus pocas experiencias se convierten inevitablemente en aforismos o f\u00f3rmulas sin sentido. Es un tipo sentencioso, lleno de prejuicios, capaz de reconocer la moralidad s\u00f3lo cuando est\u00e1 posada en zancos en los que \u00e9l mismo la ha colocado. Limitado y con una visi\u00f3n estrecha de la vida, se revela mezquino incluso en los vicios: de joven fue un libertino, s\u00ed, pero s\u00f3lo hasta cierto punto. Una vez casado, entrar\u00e1 completamente en su personaje, y sufrir\u00e1 conscientemente las desventuras previstas por la situaci\u00f3n.<\/p>\n<p>Todo esto es fruto de un aut\u00e9ntico esp\u00edritu de observaci\u00f3n; \u00bfes posible que, a pesar de las apariencias grotescas, sea en cambio una observaci\u00f3n pesimista? No, en absoluto. Porque si Labiche se apresura a re\u00edrse de nuestros defectos, es porque no tiene intenci\u00f3n de llorarlos. Acepta las cosas como son, porque las considera aceptables y porque, despu\u00e9s de todo, no hay remedio. Por eso, a pesar de todos sus defectos, su burgu\u00e9s es una persona muy buena, no tan mala pero ciertamente feroz\u00bb.<\/p>\n<p style=\"text-align: right;\">(Ren\u00e9 Doumic, <em>De Scribe \u00e0 Ibsen: causeries sur le th\u00e9\u00e2tre contemporain<\/em>, 1893)<\/p>\n<p>El libro tambi\u00e9n contiene unos ensayos sobre el estilo teatral del autor, los personajes de sus textos y una lista de todas sus obras.<br \/>\n(edici\u00f3n cuidada por Annamaria Martinolli. <strong>El libro est\u00e1 en lengua italiana<\/strong>)<\/p>\n[av_promobox button='yes' label='Comprar' icon_select='yes' icon='ue859' font='entypo-fontello' color='theme-color' custom_bg='#444444' custom_font='#ffffff' size='large' box_color='' box_custom_font='#ffffff' box_custom_bg='#444444' box_custom_border='#333333' label_display='' link='manually,https:\/\/www.editoriaespettacolo.com\/prodotto\/il-teatro-comico-di-eugene-labiche-i\/' link_target='_blank' id='' custom_class='' av_uid='' admin_preview_bg='']<br \/>\nComprar en Editoria&amp;Spettacolo<br \/>\n[\/av_promobox]\n","protected":false},"featured_media":1198,"comment_status":"open","ping_status":"closed","template":"","meta":[],"product_brand":[],"product_cat":[133],"product_tag":[144,138],"class_list":{"0":"post-3758","1":"product","2":"type-product","3":"status-publish","4":"has-post-thumbnail","6":"product_cat-libros","7":"product_tag-eugene-labiche-es","8":"product_tag-libros","10":"first","11":"instock","12":"shipping-taxable","13":"product-type-simple"},"_links":{"self":[{"href":"https:\/\/stage.annamariamartinolli.it\/es\/wp-json\/wp\/v2\/product\/3758","targetHints":{"allow":["GET"]}}],"collection":[{"href":"https:\/\/stage.annamariamartinolli.it\/es\/wp-json\/wp\/v2\/product"}],"about":[{"href":"https:\/\/stage.annamariamartinolli.it\/es\/wp-json\/wp\/v2\/types\/product"}],"replies":[{"embeddable":true,"href":"https:\/\/stage.annamariamartinolli.it\/es\/wp-json\/wp\/v2\/comments?post=3758"}],"wp:featuredmedia":[{"embeddable":true,"href":"https:\/\/stage.annamariamartinolli.it\/es\/wp-json\/wp\/v2\/media\/1198"}],"wp:attachment":[{"href":"https:\/\/stage.annamariamartinolli.it\/es\/wp-json\/wp\/v2\/media?parent=3758"}],"wp:term":[{"taxonomy":"product_brand","embeddable":true,"href":"https:\/\/stage.annamariamartinolli.it\/es\/wp-json\/wp\/v2\/product_brand?post=3758"},{"taxonomy":"product_cat","embeddable":true,"href":"https:\/\/stage.annamariamartinolli.it\/es\/wp-json\/wp\/v2\/product_cat?post=3758"},{"taxonomy":"product_tag","embeddable":true,"href":"https:\/\/stage.annamariamartinolli.it\/es\/wp-json\/wp\/v2\/product_tag?post=3758"}],"curies":[{"name":"wp","href":"https:\/\/api.w.org\/{rel}","templated":true}]}}