{"id":3755,"date":"2020-06-19T06:33:46","date_gmt":"2020-06-19T04:33:46","guid":{"rendered":"http:\/\/stage.annamariamartinolli.it\/catalogo\/sin%20categor\u00eda\/il-teatro-di-noel-coward-vol-1\/"},"modified":"2020-07-15T15:57:10","modified_gmt":"2020-07-15T13:57:10","slug":"il-teatro-di-noel-coward-vol-1","status":"publish","type":"product","link":"https:\/\/stage.annamariamartinolli.it\/es\/librer\u00eda\/libros\/il-teatro-di-noel-coward-vol-1\/","title":{"rendered":"Il teatro di No\u00ebl Coward vol. 1"},"content":{"rendered":"<p><strong>El libro contiene los textos siguientes<br \/>\n<\/strong><\/p>\n<ul>\n<li>Partita a quattro<\/li>\n<\/ul>\n<p><strong>Comedias en un acto de la serie <em>Esta tarde a las 20:30<\/em><\/strong><\/p>\n<ul>\n<li>Noi ballavamo<\/li>\n<li>Il cuore smarrito<\/li>\n<li>Red Peppers<\/li>\n<li>Album di famiglia<\/li>\n<li>Amici d\u2019oltremare<\/li>\n<li>Quercia affumicata<\/li>\n<li>Ombre del passato<\/li>\n<li>Star Chamber<\/li>\n<li>Strategie di sopravvivenza<\/li>\n<li>Natura morta (Breve incontro)<\/li>\n<\/ul>\n","protected":false},"excerpt":{"rendered":"<p>\u00abLa cl\u00e1sica ilusi\u00f3n de que el \u00e9xito convierte autom\u00e1ticamente a un ser humano ordinario en un monstruo de ego\u00edsmo, en mi caso, se ha desmoronado. Nunca he sido presuntuoso, arrogante, grosero u ofensivo con los camareros. La gente a menudo me define \u00abbueno\u00bb e \u00abincre\u00edblemente humano\u00bb. Ambas definiciones, sin embargo, a pesar de ser gratificantemente superficiales, resultan, al examinarlas m\u00e1s de cerca, bastante tontas. La mayor\u00eda de las veces, la presunci\u00f3n es la manifestaci\u00f3n externa de un sentido interno de inferioridad. Los tontos suelen mostrarse presuntuosos porque temen inconscientemente ser descubiertos y temen que una mirada perspicaz penetre en su fachada y revele la t\u00edmida confusi\u00f3n que all\u00ed se esconde. En general, las personas m\u00e1s pomposas que he conocido son las que nunca han logrado nada en la vida. No soy ni est\u00fapido ni asustado, y mi percepci\u00f3n de mi importancia para el mundo es relativamente pobre; sin embargo, mi percepci\u00f3n de mi importancia para m\u00ed mismo es terrible: soy todo lo que tengo, y soy el \u00fanico con quien debo trabajar, actuar, sufrir y regocijarme. No desconf\u00edo de la mirada de los dem\u00e1s, sino de la m\u00eda, y no quiero decepcionarme m\u00e1s de lo necesario. Como resultado, he descubierto que cuantas menos ilusiones tenga sobre m\u00ed mismo y el mundo que me rodea, mejor compa\u00f1\u00eda puedo ser para m\u00ed\u00bb.<\/p>\n<p style=\"text-align: right;\">(No\u00ebl Coward)<\/p>\n<p>Edici\u00f3n cuidada por Annamaria Martinolli. <strong>El libro <\/strong><strong>est\u00e1 en lengua italiana<\/strong>.<\/p>\n[av_promobox button='yes' label='Comprar' icon_select='yes' icon='ue859' font='entypo-fontello' color='theme-color' custom_bg='#444444' custom_font='#ffffff' size='large' box_color='' box_custom_font='#ffffff' box_custom_bg='#444444' box_custom_border='#333333' label_display='' link='manually,https:\/\/www.editoriaespettacolo.com\/prodotto\/teatro-noel-coward-vol-1\/' link_target='_blank' id='' custom_class='' av_uid='' admin_preview_bg='']<br \/>\nComprar en Editoria&amp;Spettacolo<br \/>\n[\/av_promobox]\n","protected":false},"featured_media":1204,"comment_status":"open","ping_status":"closed","template":"","meta":[],"product_brand":[],"product_cat":[133],"product_tag":[138,141],"class_list":{"0":"post-3755","1":"product","2":"type-product","3":"status-publish","4":"has-post-thumbnail","6":"product_cat-libros","7":"product_tag-libros","8":"product_tag-noel-coward-es","10":"first","11":"instock","12":"shipping-taxable","13":"product-type-simple"},"_links":{"self":[{"href":"https:\/\/stage.annamariamartinolli.it\/es\/wp-json\/wp\/v2\/product\/3755","targetHints":{"allow":["GET"]}}],"collection":[{"href":"https:\/\/stage.annamariamartinolli.it\/es\/wp-json\/wp\/v2\/product"}],"about":[{"href":"https:\/\/stage.annamariamartinolli.it\/es\/wp-json\/wp\/v2\/types\/product"}],"replies":[{"embeddable":true,"href":"https:\/\/stage.annamariamartinolli.it\/es\/wp-json\/wp\/v2\/comments?post=3755"}],"wp:featuredmedia":[{"embeddable":true,"href":"https:\/\/stage.annamariamartinolli.it\/es\/wp-json\/wp\/v2\/media\/1204"}],"wp:attachment":[{"href":"https:\/\/stage.annamariamartinolli.it\/es\/wp-json\/wp\/v2\/media?parent=3755"}],"wp:term":[{"taxonomy":"product_brand","embeddable":true,"href":"https:\/\/stage.annamariamartinolli.it\/es\/wp-json\/wp\/v2\/product_brand?post=3755"},{"taxonomy":"product_cat","embeddable":true,"href":"https:\/\/stage.annamariamartinolli.it\/es\/wp-json\/wp\/v2\/product_cat?post=3755"},{"taxonomy":"product_tag","embeddable":true,"href":"https:\/\/stage.annamariamartinolli.it\/es\/wp-json\/wp\/v2\/product_tag?post=3755"}],"curies":[{"name":"wp","href":"https:\/\/api.w.org\/{rel}","templated":true}]}}