{"id":3753,"date":"2020-06-19T06:40:51","date_gmt":"2020-06-19T04:40:51","guid":{"rendered":"http:\/\/stage.annamariamartinolli.it\/catalogo\/sin%20categor\u00eda\/in-scena-e-fuori-scena-la-breve-e-tragicomica-carriera-di-un-aspirante-attore\/"},"modified":"2020-08-09T15:25:29","modified_gmt":"2020-08-09T13:25:29","slug":"in-scena-e-fuori-scena-la-breve-e-tragicomica-carriera-di-un-aspirante-attore","status":"publish","type":"product","link":"https:\/\/stage.annamariamartinolli.it\/es\/librer\u00eda\/libros\/in-scena-e-fuori-scena-la-breve-e-tragicomica-carriera-di-un-aspirante-attore\/","title":{"rendered":"In scena e fuori scena"},"content":{"rendered":"","protected":false},"excerpt":{"rendered":"<p><em>On stage and off<\/em> es el primer volumen escrito por Jerome K. Jerome en el que el autor describe sus experiencias, positivas y negativas, en el entorno teatral. Optando por una narraci\u00f3n franca y sincera, que no deja fuera ni siquiera los aspectos m\u00e1s crueles de la profesi\u00f3n, Jerome introduce al lector en un mundo cuya realidad es muy diferente de la imaginada por el espectador sentado en el patio de butacas. Todo est\u00e1 puntuado por su humor infalible, capaz de transformar una l\u00e1grima en una sonrisa y capaz de expresar optimismo incluso en una situaci\u00f3n que parece no tener salida. <strong>El libro est\u00e1 en lengua italiana<\/strong>.<\/p>\n[av_promobox button='yes' label='Comprar' icon_select='yes' icon='ue859' font='entypo-fontello' color='theme-color' custom_bg='#444444' custom_font='#ffffff' size='large' box_color='' box_custom_font='#ffffff' box_custom_bg='#444444' box_custom_border='#333333' label_display='' link='manually,https:\/\/www.editoriaespettacolo.com\/prodotto\/scena-scena-la-breve-tragicomica-carriera-un-aspirante-attore\/' link_target='_blank' id='' custom_class='' av_uid='' admin_preview_bg='']<br \/>\nComprar en Editoria&amp;Spettacolo<br \/>\n[\/av_promobox]\n","protected":false},"featured_media":1210,"comment_status":"open","ping_status":"closed","template":"","meta":[],"product_brand":[],"product_cat":[133],"product_tag":[139,138],"class_list":{"0":"post-3753","1":"product","2":"type-product","3":"status-publish","4":"has-post-thumbnail","6":"product_cat-libros","7":"product_tag-jerome-k-jerome-es","8":"product_tag-libros","10":"first","11":"instock","12":"shipping-taxable","13":"product-type-simple"},"_links":{"self":[{"href":"https:\/\/stage.annamariamartinolli.it\/es\/wp-json\/wp\/v2\/product\/3753","targetHints":{"allow":["GET"]}}],"collection":[{"href":"https:\/\/stage.annamariamartinolli.it\/es\/wp-json\/wp\/v2\/product"}],"about":[{"href":"https:\/\/stage.annamariamartinolli.it\/es\/wp-json\/wp\/v2\/types\/product"}],"replies":[{"embeddable":true,"href":"https:\/\/stage.annamariamartinolli.it\/es\/wp-json\/wp\/v2\/comments?post=3753"}],"wp:featuredmedia":[{"embeddable":true,"href":"https:\/\/stage.annamariamartinolli.it\/es\/wp-json\/wp\/v2\/media\/1210"}],"wp:attachment":[{"href":"https:\/\/stage.annamariamartinolli.it\/es\/wp-json\/wp\/v2\/media?parent=3753"}],"wp:term":[{"taxonomy":"product_brand","embeddable":true,"href":"https:\/\/stage.annamariamartinolli.it\/es\/wp-json\/wp\/v2\/product_brand?post=3753"},{"taxonomy":"product_cat","embeddable":true,"href":"https:\/\/stage.annamariamartinolli.it\/es\/wp-json\/wp\/v2\/product_cat?post=3753"},{"taxonomy":"product_tag","embeddable":true,"href":"https:\/\/stage.annamariamartinolli.it\/es\/wp-json\/wp\/v2\/product_tag?post=3753"}],"curies":[{"name":"wp","href":"https:\/\/api.w.org\/{rel}","templated":true}]}}