{"id":16751,"date":"2026-03-30T10:11:22","date_gmt":"2026-03-30T08:11:22","guid":{"rendered":"http:\/\/stage.annamariamartinolli.it\/?post_type=product&#038;p=16751"},"modified":"2026-03-30T10:45:49","modified_gmt":"2026-03-30T08:45:49","slug":"linquilino-del-terzo-piano-sul-retro","status":"publish","type":"product","link":"https:\/\/stage.annamariamartinolli.it\/es\/librer\u00eda\/guiones\/linquilino-del-terzo-piano-sul-retro\/","title":{"rendered":"L&#8217;inquilino del terzo piano sul retro"},"content":{"rendered":"<p>Obra en un pr\u00f3logo, un acto y un\u00a0ep\u00edlogo por Jerome K. Jerome. Doce personajes: seis hombres y seis mujeres. <strong>El gui\u00f3n est\u00e1 en lengua italiana.<\/strong><\/p>\n<div  class='avia-button-wrap av-2xoi0b-427b02c1ec27ac989a6ed426a020078d-wrap avia-button-left  avia-builder-el-0  avia-builder-el-no-sibling '><a href='https:\/\/stage.annamariamartinolli.it\/contatti\/'  class='avia-button av-2xoi0b-427b02c1ec27ac989a6ed426a020078d av-link-btn avia-icon_select-yes-left-icon avia-size-large avia-position-left avia-color-theme-color'   aria-label=\"Cont\u00e1ctame\"><span class='avia_button_icon avia_button_icon_left avia-iconfont avia-font-entypo-fontello' data-av_icon='\ue836' data-av_iconfont='entypo-fontello' ><\/span><span class='avia_iconbox_title' >Cont\u00e1ctame<\/span><\/a><\/div>\n<p>&nbsp;<\/p>\n","protected":false},"excerpt":{"rendered":"<p>En una pensi\u00f3n inglesa para gente de alta sociedad, las relaciones humanas son desastrosas: hipocres\u00eda, enga\u00f1os, falta de respeto hacia uno mismo y hacia los dem\u00e1s, estafas, artima\u00f1as y, sobre todo, desprecio. Hasta que, un tercer viernes de noviembre cualquiera, llega un misterioso viajero que alquila la habitaci\u00f3n de la tercera planta en la parte trasera, considerada a modo de desv\u00e1n. Al enfrentarse uno a uno con los hu\u00e9spedes, el hombre conseguir\u00e1 sacar a relucir su mejor lado, empuj\u00e1ndolos a convertirse, si no en buenas personas, al menos en seres humanos. Pero, \u00bfqui\u00e9n es en realidad el misterioso inquilino que siempre tiene una sonrisa para todos y que habla de un rey que una vez naci\u00f3 en un establo?<\/p>\n<p>Jerome Klapka Jerome, que en su juventud so\u00f1aba con ser actor de teatro, escribe una comedia impregnada de ese humor que ha hecho famosas sus novelas y aborda el tema religioso centr\u00e1ndose en la bondad y la sensibilidad que el personaje del desconocido es capaz de despertar en cada uno. Una comedia que hace re\u00edr, pero que, sobre todo, hace bien al coraz\u00f3n.<\/p>\n[av_toggle_container initial='0' mode='accordion' sort='' styling='' colors='' font_color='' background_color='' border_color='' colors_current='' font_color_current='' background_current='' background_color_current='' background_gradient_current_color1='' background_gradient_current_color2='' background_gradient_current_direction='vertical' hover_colors='' hover_background_color='' hover_font_color='' alb_description='' id='' custom_class='' av_uid='']<br \/>\n[av_toggle title='Formulario de solicitud de un gui\u00f3n de teatro traducido al italiano' tags='' custom_id='']<br \/>\n[gravityform id=\"5\" title=\"false\" description=\"false\" ajax=\"true\"]<br \/>\n[\/av_toggle]<\/p>\n<p>[\/av_toggle_container]\n","protected":false},"featured_media":16760,"comment_status":"open","ping_status":"closed","template":"","meta":[],"product_brand":[],"product_cat":[906,130],"product_tag":[335,139],"class_list":{"0":"post-16751","1":"product","2":"type-product","3":"status-publish","4":"has-post-thumbnail","6":"product_cat-aa-vv-es","7":"product_cat-guiones","8":"product_tag-guiones-de-teatro","9":"product_tag-jerome-k-jerome-es","11":"first","12":"instock","13":"virtual","14":"product-type-simple"},"_links":{"self":[{"href":"https:\/\/stage.annamariamartinolli.it\/es\/wp-json\/wp\/v2\/product\/16751","targetHints":{"allow":["GET"]}}],"collection":[{"href":"https:\/\/stage.annamariamartinolli.it\/es\/wp-json\/wp\/v2\/product"}],"about":[{"href":"https:\/\/stage.annamariamartinolli.it\/es\/wp-json\/wp\/v2\/types\/product"}],"replies":[{"embeddable":true,"href":"https:\/\/stage.annamariamartinolli.it\/es\/wp-json\/wp\/v2\/comments?post=16751"}],"wp:featuredmedia":[{"embeddable":true,"href":"https:\/\/stage.annamariamartinolli.it\/es\/wp-json\/wp\/v2\/media\/16760"}],"wp:attachment":[{"href":"https:\/\/stage.annamariamartinolli.it\/es\/wp-json\/wp\/v2\/media?parent=16751"}],"wp:term":[{"taxonomy":"product_brand","embeddable":true,"href":"https:\/\/stage.annamariamartinolli.it\/es\/wp-json\/wp\/v2\/product_brand?post=16751"},{"taxonomy":"product_cat","embeddable":true,"href":"https:\/\/stage.annamariamartinolli.it\/es\/wp-json\/wp\/v2\/product_cat?post=16751"},{"taxonomy":"product_tag","embeddable":true,"href":"https:\/\/stage.annamariamartinolli.it\/es\/wp-json\/wp\/v2\/product_tag?post=16751"}],"curies":[{"name":"wp","href":"https:\/\/api.w.org\/{rel}","templated":true}]}}