{"id":16564,"date":"2026-02-12T10:12:12","date_gmt":"2026-02-12T09:12:12","guid":{"rendered":"http:\/\/stage.annamariamartinolli.it\/?post_type=product&#038;p=16564"},"modified":"2026-02-13T11:42:44","modified_gmt":"2026-02-13T10:42:44","slug":"le-fauci-del-lupo","status":"publish","type":"product","link":"https:\/\/stage.annamariamartinolli.it\/es\/librer\u00eda\/guiones\/maurice-hennequin-es\/le-fauci-del-lupo\/","title":{"rendered":"Le fauci del lupo"},"content":{"rendered":"<p>Vodevil en tres actos, nueve personajes: cinco hombres y cuatro mujeres. <strong>El gui\u00f3n est\u00e1 en lengua italiana.<\/strong><\/p>\n<div  class='avia-button-wrap av-2xoi0b-427b02c1ec27ac989a6ed426a020078d-wrap avia-button-left  avia-builder-el-0  avia-builder-el-no-sibling '><a href='https:\/\/stage.annamariamartinolli.it\/contatti\/'  class='avia-button av-2xoi0b-427b02c1ec27ac989a6ed426a020078d av-link-btn avia-icon_select-yes-left-icon avia-size-large avia-position-left avia-color-theme-color'   aria-label=\"Cont\u00e1ctame\"><span class='avia_button_icon avia_button_icon_left avia-iconfont avia-font-entypo-fontello' data-av_icon='\ue836' data-av_iconfont='entypo-fontello' ><\/span><span class='avia_iconbox_title' >Cont\u00e1ctame<\/span><\/a><\/div>\n<p>&nbsp;<\/p>\n","protected":false},"excerpt":{"rendered":"<p>La ingenua Gilberte, casada con el arquitecto Barentin, se deja seducir por el encantador Gaston, amigo de su marido. Cuando est\u00e1 a punto de ceder a sus halagos, su amiga Antoinette, antigua v\u00edctima del seductor, la detiene y acepta ir a casa de \u00e9l en lugar de Gilberte para desenmascarar sus fechor\u00edas. Quien la meter\u00e1 inadvertidamente en problemas ser\u00e1 un astuto y perezoso criado decidido a crear todo tipo de problemas a Gaston con tal de que lo despidan. En la red de enga\u00f1os tambi\u00e9n caer\u00e1n Barentin, ocupado en ir a ver a su amante, y el marido de Antoinette, Planturel, cuya amante, casualmente, es la misma que la de Barentin.<\/p>\n<p>Una divertida comedia de Maurice Hennequin traducida por primera vez al italiano.<\/p>\n[av_toggle_container initial='0' mode='accordion' sort='' styling='' colors='' font_color='' background_color='' border_color='' colors_current='' font_color_current='' background_current='' background_color_current='' background_gradient_current_color1='' background_gradient_current_color2='' background_gradient_current_direction='vertical' hover_colors='' hover_background_color='' hover_font_color='' alb_description='' id='' custom_class='' av_uid='']<br \/>\n[av_toggle title='Formulario de solicitud de un gui\u00f3n de teatro traducido al italiano' tags='' custom_id='']<br \/>\n[gravityform id=\"5\" title=\"false\" description=\"false\" ajax=\"true\"]<br \/>\n[\/av_toggle]<\/p>\n<p>[\/av_toggle_container]\n","protected":false},"featured_media":2873,"comment_status":"open","ping_status":"closed","template":"","meta":[],"product_brand":[],"product_cat":[130,184],"product_tag":[335,185],"class_list":{"0":"post-16564","1":"product","2":"type-product","3":"status-publish","4":"has-post-thumbnail","6":"product_cat-guiones","7":"product_cat-maurice-hennequin-es","8":"product_tag-guiones-de-teatro","9":"product_tag-maurice-hennequin-es","11":"first","12":"instock","13":"virtual","14":"product-type-simple"},"_links":{"self":[{"href":"https:\/\/stage.annamariamartinolli.it\/es\/wp-json\/wp\/v2\/product\/16564","targetHints":{"allow":["GET"]}}],"collection":[{"href":"https:\/\/stage.annamariamartinolli.it\/es\/wp-json\/wp\/v2\/product"}],"about":[{"href":"https:\/\/stage.annamariamartinolli.it\/es\/wp-json\/wp\/v2\/types\/product"}],"replies":[{"embeddable":true,"href":"https:\/\/stage.annamariamartinolli.it\/es\/wp-json\/wp\/v2\/comments?post=16564"}],"wp:featuredmedia":[{"embeddable":true,"href":"https:\/\/stage.annamariamartinolli.it\/es\/wp-json\/wp\/v2\/media\/2873"}],"wp:attachment":[{"href":"https:\/\/stage.annamariamartinolli.it\/es\/wp-json\/wp\/v2\/media?parent=16564"}],"wp:term":[{"taxonomy":"product_brand","embeddable":true,"href":"https:\/\/stage.annamariamartinolli.it\/es\/wp-json\/wp\/v2\/product_brand?post=16564"},{"taxonomy":"product_cat","embeddable":true,"href":"https:\/\/stage.annamariamartinolli.it\/es\/wp-json\/wp\/v2\/product_cat?post=16564"},{"taxonomy":"product_tag","embeddable":true,"href":"https:\/\/stage.annamariamartinolli.it\/es\/wp-json\/wp\/v2\/product_tag?post=16564"}],"curies":[{"name":"wp","href":"https:\/\/api.w.org\/{rel}","templated":true}]}}