{"id":15727,"date":"2025-10-04T11:09:31","date_gmt":"2025-10-04T09:09:31","guid":{"rendered":"http:\/\/stage.annamariamartinolli.it\/?post_type=product&#038;p=15727"},"modified":"2025-10-04T11:53:19","modified_gmt":"2025-10-04T09:53:19","slug":"la-partita","status":"publish","type":"product","link":"https:\/\/stage.annamariamartinolli.it\/es\/librer\u00eda\/guiones\/la-partita\/","title":{"rendered":"La partita"},"content":{"rendered":"<p>Obra moral por Louise Bryant. Cuatro personajes: dos hombres y dos mujeres. <strong>El gui\u00f3n est\u00e1 en lengua italiana<\/strong>.<\/p>\n<div  class='avia-button-wrap av-2xoi0b-d1a2e455d948b240bdd3ac8d7a6a88d2-wrap avia-button-left  avia-builder-el-0  avia-builder-el-no-sibling '><a href='http:\/\/stage.annamariamartinolli.it\/es\/contactos\/'  class='avia-button av-2xoi0b-d1a2e455d948b240bdd3ac8d7a6a88d2 av-link-btn avia-icon_select-yes-left-icon avia-size-large avia-position-left avia-color-theme-color'   aria-label=\"Cont\u00e1ctame\"><span class='avia_button_icon avia_button_icon_left avia-iconfont avia-font-entypo-fontello' data-av_icon='\ue836' data-av_iconfont='entypo-fontello' ><\/span><span class='avia_iconbox_title' >Cont\u00e1ctame<\/span><\/a><\/div>\n","protected":false},"excerpt":{"rendered":"<p>La Vida y la Muerte juegan a los dados para decidir a qui\u00e9n pertenecen dos j\u00f3venes aspirantes al suicidio que piensan acabar con sus vidas porque no se sienten amados. \u00bfQui\u00e9n ganar\u00e1? Una profunda y atenta reflexi\u00f3n de la autora y periodista feminista Louise Bryant sobre la vida, el amor y la muerte.<\/p>\n[av_toggle_container initial='0' mode='accordion' sort='' styling='' colors='' font_color='' background_color='' border_color='' colors_current='' font_color_current='' background_current='' background_color_current='' background_gradient_current_color1='' background_gradient_current_color2='' background_gradient_current_direction='vertical' hover_colors='' hover_background_color='' hover_font_color='' alb_description='' id='' custom_class='' av_uid='']<br \/>\n[av_toggle title='Formulario de solicitud de un gui\u00f3n de teatro traducido al italiano' tags='' custom_id='']<br \/>\n[gravityform id=\"5\" title=\"false\" description=\"false\" ajax=\"true\"]<br \/>\n[\/av_toggle]<\/p>\n<p>[\/av_toggle_container]\n","protected":false},"featured_media":15736,"comment_status":"open","ping_status":"closed","template":"","meta":[],"product_brand":[],"product_cat":[906,130],"product_tag":[],"class_list":{"0":"post-15727","1":"product","2":"type-product","3":"status-publish","4":"has-post-thumbnail","6":"product_cat-aa-vv-es","7":"product_cat-guiones","9":"first","10":"instock","11":"virtual","12":"product-type-simple"},"_links":{"self":[{"href":"https:\/\/stage.annamariamartinolli.it\/es\/wp-json\/wp\/v2\/product\/15727","targetHints":{"allow":["GET"]}}],"collection":[{"href":"https:\/\/stage.annamariamartinolli.it\/es\/wp-json\/wp\/v2\/product"}],"about":[{"href":"https:\/\/stage.annamariamartinolli.it\/es\/wp-json\/wp\/v2\/types\/product"}],"replies":[{"embeddable":true,"href":"https:\/\/stage.annamariamartinolli.it\/es\/wp-json\/wp\/v2\/comments?post=15727"}],"wp:featuredmedia":[{"embeddable":true,"href":"https:\/\/stage.annamariamartinolli.it\/es\/wp-json\/wp\/v2\/media\/15736"}],"wp:attachment":[{"href":"https:\/\/stage.annamariamartinolli.it\/es\/wp-json\/wp\/v2\/media?parent=15727"}],"wp:term":[{"taxonomy":"product_brand","embeddable":true,"href":"https:\/\/stage.annamariamartinolli.it\/es\/wp-json\/wp\/v2\/product_brand?post=15727"},{"taxonomy":"product_cat","embeddable":true,"href":"https:\/\/stage.annamariamartinolli.it\/es\/wp-json\/wp\/v2\/product_cat?post=15727"},{"taxonomy":"product_tag","embeddable":true,"href":"https:\/\/stage.annamariamartinolli.it\/es\/wp-json\/wp\/v2\/product_tag?post=15727"}],"curies":[{"name":"wp","href":"https:\/\/api.w.org\/{rel}","templated":true}]}}