{"id":15622,"date":"2025-09-15T10:15:29","date_gmt":"2025-09-15T08:15:29","guid":{"rendered":"http:\/\/stage.annamariamartinolli.it\/?post_type=product&#038;p=15622"},"modified":"2025-09-15T11:03:08","modified_gmt":"2025-09-15T09:03:08","slug":"bed-and-breakfast","status":"publish","type":"product","link":"https:\/\/stage.annamariamartinolli.it\/es\/librer\u00eda\/guiones\/jean-pierre-martinez-es\/bed-and-breakfast\/","title":{"rendered":"Bed and Breakfast"},"content":{"rendered":"<p>Pieza c\u00f3mica. Cuatro personajes: tres hombres y una mujer. <strong>El gui\u00f3n est\u00e1 en lengua italiana<\/strong>.<\/p>\n<div  class='avia-button-wrap av-2xoi0b-2d6c0b20333912f910caf559dddfe947-wrap avia-button-left  avia-builder-el-0  avia-builder-el-no-sibling '><a href='http:\/\/stage.annamariamartinolli.it\/wp-content\/uploads\/2025\/09\/bedandbreakfast_it_comediatheque.pdf'  class='avia-button av-2xoi0b-2d6c0b20333912f910caf559dddfe947 av-link-btn avia-icon_select-yes-left-icon avia-size-large avia-position-left avia-color-theme-color'   aria-label=\"Descargar PDF\"><span class='avia_button_icon avia_button_icon_left avia-iconfont avia-font-entypo-fontello' data-av_icon='\ue836' data-av_iconfont='entypo-fontello' ><\/span><span class='avia_iconbox_title' >Descargar PDF<\/span><\/a><\/div>\n","protected":false},"excerpt":{"rendered":"<p>Una pareja acaba de mudarse a la monta\u00f1a, donde ha abierto un Bed and Breakfast. \u00c9l pinta, mientras que ella produce queso de cabra ecol\u00f3gico. Sin embargo, la llegada de sus primeros hu\u00e9spedes amenaza con convertir este rinc\u00f3n del para\u00edso en un infierno, y el queso tambi\u00e9n podr\u00eda deparar alguna sorpresa.<br \/>\nUna nueva y divertid\u00edsima comedia de Jean-Pierre Martinez en la que el autor no escatima en sus ya cl\u00e1sicos chistes explosivos.<\/p>\n","protected":false},"featured_media":8170,"comment_status":"open","ping_status":"closed","template":"","meta":[],"product_brand":[],"product_cat":[130,331],"product_tag":[335,332],"class_list":{"0":"post-15622","1":"product","2":"type-product","3":"status-publish","4":"has-post-thumbnail","6":"product_cat-guiones","7":"product_cat-jean-pierre-martinez-es","8":"product_tag-guiones-de-teatro","9":"product_tag-jean-pierre-martinez-es","11":"first","12":"instock","13":"virtual","14":"product-type-simple"},"_links":{"self":[{"href":"https:\/\/stage.annamariamartinolli.it\/es\/wp-json\/wp\/v2\/product\/15622","targetHints":{"allow":["GET"]}}],"collection":[{"href":"https:\/\/stage.annamariamartinolli.it\/es\/wp-json\/wp\/v2\/product"}],"about":[{"href":"https:\/\/stage.annamariamartinolli.it\/es\/wp-json\/wp\/v2\/types\/product"}],"replies":[{"embeddable":true,"href":"https:\/\/stage.annamariamartinolli.it\/es\/wp-json\/wp\/v2\/comments?post=15622"}],"wp:featuredmedia":[{"embeddable":true,"href":"https:\/\/stage.annamariamartinolli.it\/es\/wp-json\/wp\/v2\/media\/8170"}],"wp:attachment":[{"href":"https:\/\/stage.annamariamartinolli.it\/es\/wp-json\/wp\/v2\/media?parent=15622"}],"wp:term":[{"taxonomy":"product_brand","embeddable":true,"href":"https:\/\/stage.annamariamartinolli.it\/es\/wp-json\/wp\/v2\/product_brand?post=15622"},{"taxonomy":"product_cat","embeddable":true,"href":"https:\/\/stage.annamariamartinolli.it\/es\/wp-json\/wp\/v2\/product_cat?post=15622"},{"taxonomy":"product_tag","embeddable":true,"href":"https:\/\/stage.annamariamartinolli.it\/es\/wp-json\/wp\/v2\/product_tag?post=15622"}],"curies":[{"name":"wp","href":"https:\/\/api.w.org\/{rel}","templated":true}]}}