{"id":15369,"date":"2025-07-21T10:42:58","date_gmt":"2025-07-21T08:42:58","guid":{"rendered":"http:\/\/stage.annamariamartinolli.it\/?post_type=product&#038;p=15369"},"modified":"2025-07-21T10:56:31","modified_gmt":"2025-07-21T08:56:31","slug":"come-lui-menti-al-marito-di-lei","status":"publish","type":"product","link":"https:\/\/stage.annamariamartinolli.it\/es\/librer\u00eda\/guiones\/come-lui-menti-al-marito-di-lei\/","title":{"rendered":"Come lui ment\u00ec al marito di lei"},"content":{"rendered":"<p>Pieza en un acto, tres personajes: dos hombres y una mujer. <strong>El gui\u00f3n est\u00e1 en lengua italiana.<\/strong><\/p>\n<div  class='avia-button-wrap av-2xoi0b-d1a2e455d948b240bdd3ac8d7a6a88d2-wrap avia-button-left  avia-builder-el-0  avia-builder-el-no-sibling '><a href='http:\/\/stage.annamariamartinolli.it\/es\/contactos\/'  class='avia-button av-2xoi0b-d1a2e455d948b240bdd3ac8d7a6a88d2 av-link-btn avia-icon_select-yes-left-icon avia-size-large avia-position-left avia-color-theme-color'   aria-label=\"Cont\u00e1ctame\"><span class='avia_button_icon avia_button_icon_left avia-iconfont avia-font-entypo-fontello' data-av_icon='\ue836' data-av_iconfont='entypo-fontello' ><\/span><span class='avia_iconbox_title' >Cont\u00e1ctame<\/span><\/a><\/div>\n","protected":false},"excerpt":{"rendered":"<p>\u00c9l y Ella son amantes. \u00c9l es un joven veintea\u00f1ero, guapo y muy inteligente. Ella es una mujer de cuarenta a\u00f1os, superficial, de clase media alta y mimada. Su marido, ignorante e iracundo, descubre la aventura; \u00bfconseguir\u00e1 el astuto joven salir indemne?<br \/>\nPartiendo del cl\u00e1sico tri\u00e1ngulo marido, mujer, amante, George Bernard Shaw trastoca las reglas del vodevil -en el que la situaci\u00f3n evoluciona seg\u00fan patrones bien conocidos y definidos- y compone un texto c\u00f3mico que acaba sorprendiendo incluso a los espectadores m\u00e1s experimentados.<br \/>\nUna obra en un acto de sutil ingenio que demuestra c\u00f3mo, partiendo de una situaci\u00f3n banal demasiado explotada en el teatro, se puede conseguir crear un entretenimiento refinado para un p\u00fablico que no se contenta con la risa f\u00e1cil.<\/p>\n[av_toggle_container initial='0' mode='accordion' sort='' styling='' colors='' font_color='' background_color='' border_color='' colors_current='' font_color_current='' background_current='' background_color_current='' background_gradient_current_color1='' background_gradient_current_color2='' background_gradient_current_direction='vertical' hover_colors='' hover_background_color='' hover_font_color='' alb_description='' id='' custom_class='' av_uid='']<br \/>\n[av_toggle title='Formulario de solicitud de un gui\u00f3n de teatro traducido al italiano' tags='' custom_id='']<br \/>\n[gravityform id=\"5\" title=\"false\" description=\"false\" ajax=\"true\"]<br \/>\n[\/av_toggle]<\/p>\n<p>[\/av_toggle_container]\n","protected":false},"featured_media":15012,"comment_status":"open","ping_status":"closed","template":"","meta":[],"product_brand":[],"product_cat":[890,130],"product_tag":[894],"class_list":{"0":"post-15369","1":"product","2":"type-product","3":"status-publish","4":"has-post-thumbnail","6":"product_cat-george-bernard-shaw-es","7":"product_cat-guiones","8":"product_tag-george-bernard-shaw-es","10":"first","11":"instock","12":"virtual","13":"product-type-simple"},"_links":{"self":[{"href":"https:\/\/stage.annamariamartinolli.it\/es\/wp-json\/wp\/v2\/product\/15369","targetHints":{"allow":["GET"]}}],"collection":[{"href":"https:\/\/stage.annamariamartinolli.it\/es\/wp-json\/wp\/v2\/product"}],"about":[{"href":"https:\/\/stage.annamariamartinolli.it\/es\/wp-json\/wp\/v2\/types\/product"}],"replies":[{"embeddable":true,"href":"https:\/\/stage.annamariamartinolli.it\/es\/wp-json\/wp\/v2\/comments?post=15369"}],"wp:featuredmedia":[{"embeddable":true,"href":"https:\/\/stage.annamariamartinolli.it\/es\/wp-json\/wp\/v2\/media\/15012"}],"wp:attachment":[{"href":"https:\/\/stage.annamariamartinolli.it\/es\/wp-json\/wp\/v2\/media?parent=15369"}],"wp:term":[{"taxonomy":"product_brand","embeddable":true,"href":"https:\/\/stage.annamariamartinolli.it\/es\/wp-json\/wp\/v2\/product_brand?post=15369"},{"taxonomy":"product_cat","embeddable":true,"href":"https:\/\/stage.annamariamartinolli.it\/es\/wp-json\/wp\/v2\/product_cat?post=15369"},{"taxonomy":"product_tag","embeddable":true,"href":"https:\/\/stage.annamariamartinolli.it\/es\/wp-json\/wp\/v2\/product_tag?post=15369"}],"curies":[{"name":"wp","href":"https:\/\/api.w.org\/{rel}","templated":true}]}}