{"id":14677,"date":"2025-03-31T15:54:12","date_gmt":"2025-03-31T13:54:12","guid":{"rendered":"http:\/\/stage.annamariamartinolli.it\/?post_type=product&#038;p=14677"},"modified":"2025-04-02T11:02:12","modified_gmt":"2025-04-02T09:02:12","slug":"jacinto-benavente-scene-a-due-o-a-tre","status":"publish","type":"product","link":"https:\/\/stage.annamariamartinolli.it\/es\/librer\u00eda\/guiones\/jacinto-benavente-scene-a-due-o-a-tre\/","title":{"rendered":"Jacinto Benavente scene a due o a tre"},"content":{"rendered":"<p>Ocho escenas para dos o tres personajes. <strong>El gui\u00f3n est\u00e1 en lengua italiana.<\/strong><\/p>\n<div  class='avia-button-wrap av-2xoi0b-d1a2e455d948b240bdd3ac8d7a6a88d2-wrap avia-button-left  avia-builder-el-0  avia-builder-el-no-sibling '><a href='http:\/\/stage.annamariamartinolli.it\/es\/contactos\/'  class='avia-button av-2xoi0b-d1a2e455d948b240bdd3ac8d7a6a88d2 av-link-btn avia-icon_select-yes-left-icon avia-size-large avia-position-left avia-color-theme-color'   aria-label=\"Cont\u00e1ctame\"><span class='avia_button_icon avia_button_icon_left avia-iconfont avia-font-entypo-fontello' data-av_icon='\ue836' data-av_iconfont='entypo-fontello' ><\/span><span class='avia_iconbox_title' >Cont\u00e1ctame<\/span><\/a><\/div>\n","protected":false},"excerpt":{"rendered":"<p>Colecci\u00f3n de escenas cortas del Premio Nobel de Literatura Jacinto Benavente.<\/p>\n<p>L&#8217;incanto di un&#8217;ora (1U 1D)<br \/>\nDos figuritas de porcelana sobre una columna cobran vida durante una hora gracias a un encantamiento y luego se preguntan por el sentido de la vida y del amor.<\/p>\n<p>Confidenze (2U)<br \/>\nDos amigos con problemas matrimoniales se pasean hablando de estrategias para olvidar la angustia nocturna que a veces los embarga.<\/p>\n<p>Flirt (1U 1D)<br \/>\nUn hombre y una mujer llevan tiempo flirteando, pero ella tiene una actitud exasperante.<\/p>\n<p>Nozze reali (2D)<br \/>\nUna princesa a punto de casarse con un pr\u00edncipe al que no ama conf\u00eda sus sentimientos a su amiga m\u00e1s \u00edntima.<\/p>\n<p>Maternit\u00e0 (2D)<br \/>\nDos mujeres, una de las cuales ya es madre, reflexionan sobre los aspectos positivos y negativos de la maternidad y el comportamiento de los hombres.<\/p>\n<p>Paternit\u00e0 (1U 1D 1B)<br \/>\nUn hombre expresa a su mujer su desprecio por el hecho de que haya educado a su hijo peque\u00f1o como un fan\u00e1tico religioso.<\/p>\n<p>Modernismo (2U)<br \/>\nUn joven autor se enfrenta a un modernista sobre el mundo del teatro, la cr\u00edtica y las definiciones mal empleadas.<\/p>\n<p>Tra artisti (3U)<br \/>\nTres pintores que preparan una exposici\u00f3n discuten sobre la pintura y el arte en un entorno cada vez m\u00e1s orientado a la venta que a la creaci\u00f3n de obras de arte.<\/p>\n[av_toggle_container initial='0' mode='accordion' sort='' styling='' colors='' font_color='' background_color='' border_color='' colors_current='' font_color_current='' background_current='' background_color_current='' background_gradient_current_color1='' background_gradient_current_color2='' background_gradient_current_direction='vertical' hover_colors='' hover_background_color='' hover_font_color='' alb_description='' id='' custom_class='' av_uid='']<br \/>\n[av_toggle title='Formulario de solicitud de un gui\u00f3n de teatro traducido al italiano' tags='' custom_id='']<br \/>\n[gravityform id=\"5\" title=\"false\" description=\"false\" ajax=\"true\"]<br \/>\n[\/av_toggle]<\/p>\n<p>[\/av_toggle_container]\n","protected":false},"featured_media":13199,"comment_status":"open","ping_status":"closed","template":"","meta":[],"product_brand":[],"product_cat":[130,861],"product_tag":[853],"class_list":{"0":"post-14677","1":"product","2":"type-product","3":"status-publish","4":"has-post-thumbnail","6":"product_cat-guiones","7":"product_cat-jacinto-benavente-es-2","8":"product_tag-jacinto-benavente-es","10":"first","11":"instock","12":"virtual","13":"product-type-simple"},"_links":{"self":[{"href":"https:\/\/stage.annamariamartinolli.it\/es\/wp-json\/wp\/v2\/product\/14677","targetHints":{"allow":["GET"]}}],"collection":[{"href":"https:\/\/stage.annamariamartinolli.it\/es\/wp-json\/wp\/v2\/product"}],"about":[{"href":"https:\/\/stage.annamariamartinolli.it\/es\/wp-json\/wp\/v2\/types\/product"}],"replies":[{"embeddable":true,"href":"https:\/\/stage.annamariamartinolli.it\/es\/wp-json\/wp\/v2\/comments?post=14677"}],"wp:featuredmedia":[{"embeddable":true,"href":"https:\/\/stage.annamariamartinolli.it\/es\/wp-json\/wp\/v2\/media\/13199"}],"wp:attachment":[{"href":"https:\/\/stage.annamariamartinolli.it\/es\/wp-json\/wp\/v2\/media?parent=14677"}],"wp:term":[{"taxonomy":"product_brand","embeddable":true,"href":"https:\/\/stage.annamariamartinolli.it\/es\/wp-json\/wp\/v2\/product_brand?post=14677"},{"taxonomy":"product_cat","embeddable":true,"href":"https:\/\/stage.annamariamartinolli.it\/es\/wp-json\/wp\/v2\/product_cat?post=14677"},{"taxonomy":"product_tag","embeddable":true,"href":"https:\/\/stage.annamariamartinolli.it\/es\/wp-json\/wp\/v2\/product_tag?post=14677"}],"curies":[{"name":"wp","href":"https:\/\/api.w.org\/{rel}","templated":true}]}}