{"id":14473,"date":"2025-03-02T14:46:53","date_gmt":"2025-03-02T13:46:53","guid":{"rendered":"http:\/\/stage.annamariamartinolli.it\/?post_type=product&#038;p=14473"},"modified":"2025-03-04T10:36:18","modified_gmt":"2025-03-04T09:36:18","slug":"il-demone-del-focolare","status":"publish","type":"product","link":"https:\/\/stage.annamariamartinolli.it\/es\/librer\u00eda\/guiones\/il-demone-del-focolare\/","title":{"rendered":"Il demone del focolare"},"content":{"rendered":"<p>Obra en dos actos, doce personajes: nueve hombres y tres mujeres. <strong>El gui\u00f3n est\u00e1 en lengua italiana.<\/strong><\/p>\n<div  class='avia-button-wrap av-2xoi0b-d1a2e455d948b240bdd3ac8d7a6a88d2-wrap avia-button-left  avia-builder-el-0  avia-builder-el-no-sibling '><a href='http:\/\/stage.annamariamartinolli.it\/es\/contactos\/'  class='avia-button av-2xoi0b-d1a2e455d948b240bdd3ac8d7a6a88d2 av-link-btn avia-icon_select-yes-left-icon avia-size-large avia-position-left avia-color-theme-color'   aria-label=\"Cont\u00e1ctame\"><span class='avia_button_icon avia_button_icon_left avia-iconfont avia-font-entypo-fontello' data-av_icon='\ue836' data-av_iconfont='entypo-fontello' ><\/span><span class='avia_iconbox_title' >Cont\u00e1ctame<\/span><\/a><\/div>\n","protected":false},"excerpt":{"rendered":"<p>Un anciano compositor que triunfa en La Scala de Mil\u00e1n adopt\u00f3 en el pasado a tres hermanas hu\u00e9rfanas cuya madre conoci\u00f3. Nina, la mayor, tiene un car\u00e1cter maternal y siempre ha cuidado de las otras dos con gran esmero y cari\u00f1o. Camilla, la segunda hermana, muestra un talento considerable para el canto pero, a pesar de ello, sigue siendo humilde y contin\u00faa apreciando las cosas sencillas de la vida. Flora, la hermana menor, es incre\u00edblemente bella y siempre ha aprovechado su corta edad para ver cumplidos todos sus caprichos. Cuando la propia Flora se enamora de un joven marqu\u00e9s que est\u00e1 claramente enamorado de Camilla y decide, por despecho, huir con un pr\u00edncipe que la halaga, toda la familia se ve obligada a perseguirla en un intento de traerla a casa antes de que la reputaci\u00f3n de la joven se arruine para siempre.<br \/>\nCon gran esp\u00edritu de observaci\u00f3n y delicadeza, la escritora George Sand dibuja el retrato de tres muchachas que a\u00fan no son plenamente mujeres y que se ven obligadas a enfrentarse a sus sentimientos, y a la relaci\u00f3n que las une, mientras su anciano tutor intenta c\u00f3micamente hacerlas entrar en raz\u00f3n en medio de las aflicciones amorosas del marqu\u00e9s y del car\u00e1cter demasiado despreocupado del pr\u00edncipe.<\/p>\n[av_toggle_container initial='0' mode='accordion' sort='' styling='' colors='' font_color='' background_color='' border_color='' colors_current='' font_color_current='' background_current='' background_color_current='' background_gradient_current_color1='' background_gradient_current_color2='' background_gradient_current_direction='vertical' hover_colors='' hover_background_color='' hover_font_color='' alb_description='' id='' custom_class='' av_uid='']<br \/>\n[av_toggle title='Formulario de solicitud de un gui\u00f3n de teatro traducido al italiano' tags='' custom_id='']<br \/>\n[gravityform id=\"5\" title=\"false\" description=\"false\" ajax=\"true\"]<br \/>\n[\/av_toggle]<\/p>\n<p>[\/av_toggle_container]\n","protected":false},"featured_media":14482,"comment_status":"open","ping_status":"closed","template":"","meta":[],"product_brand":[],"product_cat":[878,130],"product_tag":[882,335],"class_list":{"0":"post-14473","1":"product","2":"type-product","3":"status-publish","4":"has-post-thumbnail","6":"product_cat-george-sand-es","7":"product_cat-guiones","8":"product_tag-george-sand-es","9":"product_tag-guiones-de-teatro","11":"first","12":"instock","13":"virtual","14":"product-type-simple"},"_links":{"self":[{"href":"https:\/\/stage.annamariamartinolli.it\/es\/wp-json\/wp\/v2\/product\/14473","targetHints":{"allow":["GET"]}}],"collection":[{"href":"https:\/\/stage.annamariamartinolli.it\/es\/wp-json\/wp\/v2\/product"}],"about":[{"href":"https:\/\/stage.annamariamartinolli.it\/es\/wp-json\/wp\/v2\/types\/product"}],"replies":[{"embeddable":true,"href":"https:\/\/stage.annamariamartinolli.it\/es\/wp-json\/wp\/v2\/comments?post=14473"}],"wp:featuredmedia":[{"embeddable":true,"href":"https:\/\/stage.annamariamartinolli.it\/es\/wp-json\/wp\/v2\/media\/14482"}],"wp:attachment":[{"href":"https:\/\/stage.annamariamartinolli.it\/es\/wp-json\/wp\/v2\/media?parent=14473"}],"wp:term":[{"taxonomy":"product_brand","embeddable":true,"href":"https:\/\/stage.annamariamartinolli.it\/es\/wp-json\/wp\/v2\/product_brand?post=14473"},{"taxonomy":"product_cat","embeddable":true,"href":"https:\/\/stage.annamariamartinolli.it\/es\/wp-json\/wp\/v2\/product_cat?post=14473"},{"taxonomy":"product_tag","embeddable":true,"href":"https:\/\/stage.annamariamartinolli.it\/es\/wp-json\/wp\/v2\/product_tag?post=14473"}],"curies":[{"name":"wp","href":"https:\/\/api.w.org\/{rel}","templated":true}]}}