{"id":14246,"date":"2025-01-18T09:55:49","date_gmt":"2025-01-18T08:55:49","guid":{"rendered":"http:\/\/stage.annamariamartinolli.it\/?post_type=product&#038;p=14246"},"modified":"2025-01-20T14:59:36","modified_gmt":"2025-01-20T13:59:36","slug":"un-giorno-ancora","status":"publish","type":"product","link":"https:\/\/stage.annamariamartinolli.it\/es\/librer\u00eda\/guiones\/un-giorno-ancora\/","title":{"rendered":"Un giorno ancora"},"content":{"rendered":"<p>Comedia en un acto, cinco personajes: cuatro hombres y una mujer. <strong>El gui\u00f3n est\u00e1 en lengua italiana.<\/strong><\/p>\n<div  class='avia-button-wrap av-2xoi0b-d1a2e455d948b240bdd3ac8d7a6a88d2-wrap avia-button-left  avia-builder-el-0  avia-builder-el-no-sibling '><a href='http:\/\/stage.annamariamartinolli.it\/es\/contactos\/'  class='avia-button av-2xoi0b-d1a2e455d948b240bdd3ac8d7a6a88d2 av-link-btn avia-icon_select-yes-left-icon avia-size-large avia-position-left avia-color-theme-color'   aria-label=\"Cont\u00e1ctame\"><span class='avia_button_icon avia_button_icon_left avia-iconfont avia-font-entypo-fontello' data-av_icon='\ue836' data-av_iconfont='entypo-fontello' ><\/span><span class='avia_iconbox_title' >Cont\u00e1ctame<\/span><\/a><\/div>\n","protected":false},"excerpt":{"rendered":"<p>Joseph Conrad, hablando del personaje de Bessie, la llama \u00abla primera creaci\u00f3n femenina consciente de toda mi obra\u00bb.<br \/>\nBessie sufre la angustia psicol\u00f3gica de su padre ciego, que la humilla y la trata como a una sirvienta en la creencia de que es su deber, como hija y mujer, desempe\u00f1ar ese papel. De este modo, le impide vivir su vida libremente y elegir su futuro.<br \/>\nEl capit\u00e1n Hagberd, por su parte, atrae a Bessie a su mundo de locura e ilusiones. A \u00e9l tambi\u00e9n le habr\u00eda gustado elegir el destino de su hijo Harry, quien, sin embargo, prefiri\u00f3 huir antes que someterse a sus imposiciones, y ahora al capit\u00e1n se le mete en la cabeza que Bessie podr\u00eda ser la esposa ideal para el hijo perdido que no ha visto en diecis\u00e9is a\u00f1os. Cuando Harry regresa de verdad, Bessie se enfrenta a la mentalidad ya no de dos hombres sino de tres, tomando conciencia definitiva de la triste realidad en la que est\u00e1 atrapada.<\/p>\n[av_toggle_container initial='0' mode='accordion' sort='' styling='' colors='' font_color='' background_color='' border_color='' colors_current='' font_color_current='' background_current='' background_color_current='' background_gradient_current_color1='' background_gradient_current_color2='' background_gradient_current_direction='vertical' hover_colors='' hover_background_color='' hover_font_color='' alb_description='' id='' custom_class='' av_uid='']<br \/>\n[av_toggle title='Formulario de solicitud de un gui\u00f3n de teatro traducido al italiano' tags='' custom_id='']<br \/>\n[gravityform id=\"5\" title=\"false\" description=\"false\" ajax=\"true\"]<br \/>\n[\/av_toggle]<\/p>\n<p>[\/av_toggle_container]\n","protected":false},"featured_media":14217,"comment_status":"open","ping_status":"closed","template":"","meta":[],"product_brand":[],"product_cat":[130,873],"product_tag":[335],"class_list":{"0":"post-14246","1":"product","2":"type-product","3":"status-publish","4":"has-post-thumbnail","6":"product_cat-guiones","7":"product_cat-joseph-conrad-es","8":"product_tag-guiones-de-teatro","10":"first","11":"instock","12":"virtual","13":"product-type-simple"},"_links":{"self":[{"href":"https:\/\/stage.annamariamartinolli.it\/es\/wp-json\/wp\/v2\/product\/14246","targetHints":{"allow":["GET"]}}],"collection":[{"href":"https:\/\/stage.annamariamartinolli.it\/es\/wp-json\/wp\/v2\/product"}],"about":[{"href":"https:\/\/stage.annamariamartinolli.it\/es\/wp-json\/wp\/v2\/types\/product"}],"replies":[{"embeddable":true,"href":"https:\/\/stage.annamariamartinolli.it\/es\/wp-json\/wp\/v2\/comments?post=14246"}],"wp:featuredmedia":[{"embeddable":true,"href":"https:\/\/stage.annamariamartinolli.it\/es\/wp-json\/wp\/v2\/media\/14217"}],"wp:attachment":[{"href":"https:\/\/stage.annamariamartinolli.it\/es\/wp-json\/wp\/v2\/media?parent=14246"}],"wp:term":[{"taxonomy":"product_brand","embeddable":true,"href":"https:\/\/stage.annamariamartinolli.it\/es\/wp-json\/wp\/v2\/product_brand?post=14246"},{"taxonomy":"product_cat","embeddable":true,"href":"https:\/\/stage.annamariamartinolli.it\/es\/wp-json\/wp\/v2\/product_cat?post=14246"},{"taxonomy":"product_tag","embeddable":true,"href":"https:\/\/stage.annamariamartinolli.it\/es\/wp-json\/wp\/v2\/product_tag?post=14246"}],"curies":[{"name":"wp","href":"https:\/\/api.w.org\/{rel}","templated":true}]}}