{"id":14137,"date":"2024-12-19T15:48:47","date_gmt":"2024-12-19T14:48:47","guid":{"rendered":"http:\/\/stage.annamariamartinolli.it\/?post_type=product&#038;p=14137"},"modified":"2024-12-26T15:08:54","modified_gmt":"2024-12-26T14:08:54","slug":"lufficio-postale","status":"publish","type":"product","link":"https:\/\/stage.annamariamartinolli.it\/es\/librer\u00eda\/guiones\/lufficio-postale\/","title":{"rendered":"L&#8217;ufficio postale"},"content":{"rendered":"<p>Drama en dos actos, trece personajes: ocho hombres y cinco ni\u00f1os, uno de los cuales es una ni\u00f1a. <strong>El gui\u00f3n est\u00e1 en lengua italiana.<\/strong><\/p>\n<div  class='avia-button-wrap av-2xoi0b-d1a2e455d948b240bdd3ac8d7a6a88d2-wrap avia-button-left  avia-builder-el-0  avia-builder-el-no-sibling '><a href='http:\/\/stage.annamariamartinolli.it\/es\/contactos\/'  class='avia-button av-2xoi0b-d1a2e455d948b240bdd3ac8d7a6a88d2 av-link-btn avia-icon_select-yes-left-icon avia-size-large avia-position-left avia-color-theme-color'   aria-label=\"Cont\u00e1ctame\"><span class='avia_button_icon avia_button_icon_left avia-iconfont avia-font-entypo-fontello' data-av_icon='\ue836' data-av_iconfont='entypo-fontello' ><\/span><span class='avia_iconbox_title' >Cont\u00e1ctame<\/span><\/a><\/div>\n","protected":false},"excerpt":{"rendered":"<p>El peque\u00f1o Amal est\u00e1 gravemente enfermo y el m\u00e9dico -un hombre que habla entre comillas- ordena a su t\u00edo adoptivo que no le deje salir de casa. A trav\u00e9s de la \u00fanica ventana abierta, el ni\u00f1o se encuentra cara a cara con una humanidad variopinta, se hace amigo de todos y fantasea con lo que podr\u00eda hacer y llegar a ser una vez curado. Tras descubrir que frente a la casa hay una oficina de correos del rey, el ni\u00f1o sue\u00f1a con recibir una carta del gobernante. El malvado jefe del pueblo intenta burlarse del peque\u00f1o, pero algo inesperado est\u00e1 a punto de suceder.<\/p>\n[av_toggle_container initial='0' mode='accordion' sort='' styling='' colors='' font_color='' background_color='' border_color='' colors_current='' font_color_current='' background_current='' background_color_current='' background_gradient_current_color1='' background_gradient_current_color2='' background_gradient_current_direction='vertical' hover_colors='' hover_background_color='' hover_font_color='' alb_description='' id='' custom_class='' av_uid='']<br \/>\n[av_toggle title='Formulario de solicitud de un gui\u00f3n de teatro traducido al italiano' tags='' custom_id='']<br \/>\n[gravityform id=\"5\" title=\"false\" description=\"false\" ajax=\"true\"]<br \/>\n[\/av_toggle]<\/p>\n<p>[\/av_toggle_container]\n","protected":false},"featured_media":14092,"comment_status":"open","ping_status":"closed","template":"","meta":[],"product_brand":[],"product_cat":[130,865],"product_tag":[335,869],"class_list":{"0":"post-14137","1":"product","2":"type-product","3":"status-publish","4":"has-post-thumbnail","6":"product_cat-guiones","7":"product_cat-rabindranath-tagore-es","8":"product_tag-guiones-de-teatro","9":"product_tag-rabindranath-tagore-es","11":"first","12":"instock","13":"virtual","14":"product-type-simple"},"_links":{"self":[{"href":"https:\/\/stage.annamariamartinolli.it\/es\/wp-json\/wp\/v2\/product\/14137","targetHints":{"allow":["GET"]}}],"collection":[{"href":"https:\/\/stage.annamariamartinolli.it\/es\/wp-json\/wp\/v2\/product"}],"about":[{"href":"https:\/\/stage.annamariamartinolli.it\/es\/wp-json\/wp\/v2\/types\/product"}],"replies":[{"embeddable":true,"href":"https:\/\/stage.annamariamartinolli.it\/es\/wp-json\/wp\/v2\/comments?post=14137"}],"wp:featuredmedia":[{"embeddable":true,"href":"https:\/\/stage.annamariamartinolli.it\/es\/wp-json\/wp\/v2\/media\/14092"}],"wp:attachment":[{"href":"https:\/\/stage.annamariamartinolli.it\/es\/wp-json\/wp\/v2\/media?parent=14137"}],"wp:term":[{"taxonomy":"product_brand","embeddable":true,"href":"https:\/\/stage.annamariamartinolli.it\/es\/wp-json\/wp\/v2\/product_brand?post=14137"},{"taxonomy":"product_cat","embeddable":true,"href":"https:\/\/stage.annamariamartinolli.it\/es\/wp-json\/wp\/v2\/product_cat?post=14137"},{"taxonomy":"product_tag","embeddable":true,"href":"https:\/\/stage.annamariamartinolli.it\/es\/wp-json\/wp\/v2\/product_tag?post=14137"}],"curies":[{"name":"wp","href":"https:\/\/api.w.org\/{rel}","templated":true}]}}