{"id":14004,"date":"2024-11-30T15:22:40","date_gmt":"2024-11-30T14:22:40","guid":{"rendered":"http:\/\/stage.annamariamartinolli.it\/?post_type=product&#038;p=14004"},"modified":"2024-12-01T10:52:12","modified_gmt":"2024-12-01T09:52:12","slug":"e-pericoloso-sporgersi","status":"publish","type":"product","link":"https:\/\/stage.annamariamartinolli.it\/es\/librer\u00eda\/guiones\/enrique-jardiel-poncela-es-2\/e-pericoloso-sporgersi\/","title":{"rendered":"\u00c8 pericoloso sporgersi"},"content":{"rendered":"<p>Comedia en dos actos y un pr\u00f3logo. Dieciseis personajes: siete mujeres y nueve hombres. <strong>El gui\u00f3n est\u00e1 en lengua italiana.<\/strong><\/p>\n<div  class='avia-button-wrap av-2xoi0b-d1a2e455d948b240bdd3ac8d7a6a88d2-wrap avia-button-left  avia-builder-el-0  avia-builder-el-no-sibling '><a href='http:\/\/stage.annamariamartinolli.it\/es\/contactos\/'  class='avia-button av-2xoi0b-d1a2e455d948b240bdd3ac8d7a6a88d2 av-link-btn avia-icon_select-yes-left-icon avia-size-large avia-position-left avia-color-theme-color'   aria-label=\"Cont\u00e1ctame\"><span class='avia_button_icon avia_button_icon_left avia-iconfont avia-font-entypo-fontello' data-av_icon='\ue836' data-av_iconfont='entypo-fontello' ><\/span><span class='avia_iconbox_title' >Cont\u00e1ctame<\/span><\/a><\/div>\n","protected":false},"excerpt":{"rendered":"<p>El conde Gerardo y sus dos hijos, Mariano y Federico, est\u00e1n a punto de casarse cada uno con una mujer distinta, o eso creen. En realidad, la susodicha se llama Isabel y ha hecho un l\u00edo: se ha enamorado de los tres, adoptando una actitud radicalmente distinta con cada uno de ellos y haci\u00e9ndoles creer as\u00ed que es la mujer de sus sue\u00f1os.<br \/>\nAl llegar a casa del conde con motivo de la pr\u00f3xima boda, la joven confiesa la verdad y expresa sus convicciones sobre el amor, pero su presencia acaba sembrando el caos en toda la familia, implicando incluso a los criados, llamados a gestionar una situaci\u00f3n parad\u00f3jica.<br \/>\nUna hilarante comedia de Enrique Jardiel Poncela donde los sentimientos verdaderos y profundos son sustituidos por la idea, a menudo equivocada, que cada uno tiene del otro, y por la ilusi\u00f3n de felicidad que uno cree que reside en ser exactamente como el otro quiere que seamos.<\/p>\n[av_toggle_container initial='0' mode='accordion' sort='' styling='' colors='' font_color='' background_color='' border_color='' colors_current='' font_color_current='' background_current='' background_color_current='' background_gradient_current_color1='' background_gradient_current_color2='' background_gradient_current_direction='vertical' hover_colors='' hover_background_color='' hover_font_color='' alb_description='' id='' custom_class='' av_uid='']<br \/>\n[av_toggle title='Formulario de solicitud de un gui\u00f3n de teatro traducido al italiano' tags='' custom_id='']<br \/>\n[gravityform id=\"5\" title=\"false\" description=\"false\" ajax=\"true\"]<br \/>\n[\/av_toggle]<\/p>\n<p>[\/av_toggle_container]\n","protected":false},"featured_media":10173,"comment_status":"open","ping_status":"closed","template":"","meta":[],"product_brand":[],"product_cat":[628,130],"product_tag":[629,335],"class_list":{"0":"post-14004","1":"product","2":"type-product","3":"status-publish","4":"has-post-thumbnail","6":"product_cat-enrique-jardiel-poncela-es-2","7":"product_cat-guiones","8":"product_tag-enrique-jardiel-poncela-es","9":"product_tag-guiones-de-teatro","11":"first","12":"instock","13":"virtual","14":"product-type-simple"},"_links":{"self":[{"href":"https:\/\/stage.annamariamartinolli.it\/es\/wp-json\/wp\/v2\/product\/14004","targetHints":{"allow":["GET"]}}],"collection":[{"href":"https:\/\/stage.annamariamartinolli.it\/es\/wp-json\/wp\/v2\/product"}],"about":[{"href":"https:\/\/stage.annamariamartinolli.it\/es\/wp-json\/wp\/v2\/types\/product"}],"replies":[{"embeddable":true,"href":"https:\/\/stage.annamariamartinolli.it\/es\/wp-json\/wp\/v2\/comments?post=14004"}],"wp:featuredmedia":[{"embeddable":true,"href":"https:\/\/stage.annamariamartinolli.it\/es\/wp-json\/wp\/v2\/media\/10173"}],"wp:attachment":[{"href":"https:\/\/stage.annamariamartinolli.it\/es\/wp-json\/wp\/v2\/media?parent=14004"}],"wp:term":[{"taxonomy":"product_brand","embeddable":true,"href":"https:\/\/stage.annamariamartinolli.it\/es\/wp-json\/wp\/v2\/product_brand?post=14004"},{"taxonomy":"product_cat","embeddable":true,"href":"https:\/\/stage.annamariamartinolli.it\/es\/wp-json\/wp\/v2\/product_cat?post=14004"},{"taxonomy":"product_tag","embeddable":true,"href":"https:\/\/stage.annamariamartinolli.it\/es\/wp-json\/wp\/v2\/product_tag?post=14004"}],"curies":[{"name":"wp","href":"https:\/\/api.w.org\/{rel}","templated":true}]}}