{"id":12141,"date":"2023-11-21T14:23:25","date_gmt":"2023-11-21T13:23:25","guid":{"rendered":"http:\/\/stage.annamariamartinolli.it\/?post_type=product&#038;p=12141"},"modified":"2024-01-22T15:03:14","modified_gmt":"2024-01-22T14:03:14","slug":"orgoglio-di-presidente","status":"publish","type":"product","link":"https:\/\/stage.annamariamartinolli.it\/es\/librer\u00eda\/guiones\/xavi-morato-es-2\/orgoglio-di-presidente\/","title":{"rendered":"Orgoglio di presidente"},"content":{"rendered":"<p>Comedia en dieciocho escenas, seis personajes: tres hombres y tres mujeres. <strong>El gui\u00f3n\u00a0est\u00e1 en lengua italiana<\/strong>.<\/p>\n<div  class='avia-button-wrap av-2xoi0b-d1a2e455d948b240bdd3ac8d7a6a88d2-wrap avia-button-left  avia-builder-el-0  avia-builder-el-no-sibling '><a href='http:\/\/stage.annamariamartinolli.it\/es\/contactos\/'  class='avia-button av-2xoi0b-d1a2e455d948b240bdd3ac8d7a6a88d2 av-link-btn avia-icon_select-yes-left-icon avia-size-large avia-position-left avia-color-theme-color'   aria-label=\"Cont\u00e1ctame\"><span class='avia_button_icon avia_button_icon_left avia-iconfont avia-font-entypo-fontello' data-av_icon='\ue836' data-av_iconfont='entypo-fontello' ><\/span><span class='avia_iconbox_title' >Cont\u00e1ctame<\/span><\/a><\/div>\n","protected":false},"excerpt":{"rendered":"<p>Un presidente del Gobierno, miembro de un partido pol\u00edtico ultratradicionalista, oculta a su electorado y a sus asociados que es homosexual y que mantiene desde hace siete a\u00f1os una relaci\u00f3n extramatrimonial estable con un hombre de baja cultura. En un c\u00f3mico y desesperado intento por no perder sus privilegios, tiene que lidiar con una complicada relaci\u00f3n con su amante, una esposa que s\u00f3lo come croquetas, una ambiciosa vicepresidenta, un vicepresidente hom\u00f3fobo y una periodista entrometida.<br \/>\nXavi Morat\u00f3 retrata a una clase pol\u00edtica cuya mentalidad es bien conocida por todos, dispuesta a cualquier subterfugio con tal de no perder la confianza del electorado y muy poco interesada en ocuparse de los problemas de un pa\u00eds que se desmorona. Sin embargo, a pesar de esta conciencia, el p\u00fablico no puede evitar re\u00edrse a carcajadas de las peripecias de un presidente del Gobierno de chiste que refleja plenamente una realidad que, por desgracia, muchos ciudadanos conocen.<\/p>\n[av_toggle_container initial='0' mode='accordion' sort='' styling='' colors='' font_color='' background_color='' border_color='' colors_current='' font_color_current='' background_current='' background_color_current='' background_gradient_current_color1='' background_gradient_current_color2='' background_gradient_current_direction='vertical' hover_colors='' hover_background_color='' hover_font_color='' alb_description='' id='' custom_class='' av_uid='']<br \/>\n[av_toggle title='Formulario de solicitud de un gui\u00f3n de teatro traducido al italiano' tags='' custom_id='']<br \/>\n[gravityform id=\"5\" title=\"false\" description=\"false\" ajax=\"true\"]<br \/>\n[\/av_toggle]<\/p>\n<p>[\/av_toggle_container]\n","protected":false},"featured_media":12346,"comment_status":"open","ping_status":"closed","template":"","meta":[],"product_brand":[],"product_cat":[130,707],"product_tag":[708],"class_list":{"0":"post-12141","1":"product","2":"type-product","3":"status-publish","4":"has-post-thumbnail","6":"product_cat-guiones","7":"product_cat-xavi-morato-es-2","8":"product_tag-xavi-morato-es-2","10":"first","11":"instock","12":"virtual","13":"product-type-simple"},"_links":{"self":[{"href":"https:\/\/stage.annamariamartinolli.it\/es\/wp-json\/wp\/v2\/product\/12141","targetHints":{"allow":["GET"]}}],"collection":[{"href":"https:\/\/stage.annamariamartinolli.it\/es\/wp-json\/wp\/v2\/product"}],"about":[{"href":"https:\/\/stage.annamariamartinolli.it\/es\/wp-json\/wp\/v2\/types\/product"}],"replies":[{"embeddable":true,"href":"https:\/\/stage.annamariamartinolli.it\/es\/wp-json\/wp\/v2\/comments?post=12141"}],"wp:featuredmedia":[{"embeddable":true,"href":"https:\/\/stage.annamariamartinolli.it\/es\/wp-json\/wp\/v2\/media\/12346"}],"wp:attachment":[{"href":"https:\/\/stage.annamariamartinolli.it\/es\/wp-json\/wp\/v2\/media?parent=12141"}],"wp:term":[{"taxonomy":"product_brand","embeddable":true,"href":"https:\/\/stage.annamariamartinolli.it\/es\/wp-json\/wp\/v2\/product_brand?post=12141"},{"taxonomy":"product_cat","embeddable":true,"href":"https:\/\/stage.annamariamartinolli.it\/es\/wp-json\/wp\/v2\/product_cat?post=12141"},{"taxonomy":"product_tag","embeddable":true,"href":"https:\/\/stage.annamariamartinolli.it\/es\/wp-json\/wp\/v2\/product_tag?post=12141"}],"curies":[{"name":"wp","href":"https:\/\/api.w.org\/{rel}","templated":true}]}}