{"id":12079,"date":"2023-10-02T13:59:16","date_gmt":"2023-10-02T11:59:16","guid":{"rendered":"http:\/\/stage.annamariamartinolli.it\/?post_type=product&#038;p=12079"},"modified":"2023-10-02T14:13:38","modified_gmt":"2023-10-02T12:13:38","slug":"arianna-e-barbablu","status":"publish","type":"product","link":"https:\/\/stage.annamariamartinolli.it\/es\/librer\u00eda\/guiones\/maurice-maeterlinck-es\/arianna-e-barbablu\/","title":{"rendered":"Arianna e Barbabl\u00f9"},"content":{"rendered":"<p>Cuento de hadas en tres actos, once personajes: cuatro hombres y siete mujeres. <strong>El gui\u00f3n est\u00e1 en lengua italiana<\/strong><\/p>\n<div  class='avia-button-wrap av-2xoi0b-d1a2e455d948b240bdd3ac8d7a6a88d2-wrap avia-button-left  avia-builder-el-0  avia-builder-el-no-sibling '><a href='http:\/\/stage.annamariamartinolli.it\/es\/contactos\/'  class='avia-button av-2xoi0b-d1a2e455d948b240bdd3ac8d7a6a88d2 av-link-btn avia-icon_select-yes-left-icon avia-size-large avia-position-left avia-color-theme-color'   aria-label=\"Cont\u00e1ctame\"><span class='avia_button_icon avia_button_icon_left avia-iconfont avia-font-entypo-fontello' data-av_icon='\ue836' data-av_iconfont='entypo-fontello' ><\/span><span class='avia_iconbox_title' >Cont\u00e1ctame<\/span><\/a><\/div>\n","protected":false},"excerpt":{"rendered":"<p>Ariadna, la nueva esposa del tirano Barba Azul, llega a su castillo con su nodriza. Rebel\u00e1ndose contra las \u00f3rdenes recibidas, inicia una lucha para liberarse a s\u00ed misma y a todas las esposas anteriores atrapadas en la mazmorra.<br \/>\nPasando de la oscuridad a la luz, Maurice Maeterlinck cuenta la historia de una mujer dispuesta a luchar por su independencia a sabiendas de que la elecci\u00f3n le costar\u00e1 cara.<\/p>\n[av_toggle_container initial='0' mode='accordion' sort='' styling='' colors='' font_color='' background_color='' border_color='' colors_current='' font_color_current='' background_current='' background_color_current='' background_gradient_current_color1='' background_gradient_current_color2='' background_gradient_current_direction='vertical' hover_colors='' hover_background_color='' hover_font_color='' alb_description='' id='' custom_class='' av_uid='']<br \/>\n[av_toggle title='Formulario de solicitud de un gui\u00f3n de teatro traducido al italiano' tags='' custom_id='']<br \/>\n[gravityform id=\"5\" title=\"false\" description=\"false\" ajax=\"true\"]<br \/>\n[\/av_toggle]<\/p>\n<p>[\/av_toggle_container]\n","protected":false},"featured_media":2934,"comment_status":"open","ping_status":"closed","template":"","meta":[],"product_brand":[],"product_cat":[130,177],"product_tag":[178],"class_list":{"0":"post-12079","1":"product","2":"type-product","3":"status-publish","4":"has-post-thumbnail","6":"product_cat-guiones","7":"product_cat-maurice-maeterlinck-es","8":"product_tag-maurice-maeterlinck-es","10":"first","11":"instock","12":"virtual","13":"product-type-simple"},"_links":{"self":[{"href":"https:\/\/stage.annamariamartinolli.it\/es\/wp-json\/wp\/v2\/product\/12079","targetHints":{"allow":["GET"]}}],"collection":[{"href":"https:\/\/stage.annamariamartinolli.it\/es\/wp-json\/wp\/v2\/product"}],"about":[{"href":"https:\/\/stage.annamariamartinolli.it\/es\/wp-json\/wp\/v2\/types\/product"}],"replies":[{"embeddable":true,"href":"https:\/\/stage.annamariamartinolli.it\/es\/wp-json\/wp\/v2\/comments?post=12079"}],"wp:featuredmedia":[{"embeddable":true,"href":"https:\/\/stage.annamariamartinolli.it\/es\/wp-json\/wp\/v2\/media\/2934"}],"wp:attachment":[{"href":"https:\/\/stage.annamariamartinolli.it\/es\/wp-json\/wp\/v2\/media?parent=12079"}],"wp:term":[{"taxonomy":"product_brand","embeddable":true,"href":"https:\/\/stage.annamariamartinolli.it\/es\/wp-json\/wp\/v2\/product_brand?post=12079"},{"taxonomy":"product_cat","embeddable":true,"href":"https:\/\/stage.annamariamartinolli.it\/es\/wp-json\/wp\/v2\/product_cat?post=12079"},{"taxonomy":"product_tag","embeddable":true,"href":"https:\/\/stage.annamariamartinolli.it\/es\/wp-json\/wp\/v2\/product_tag?post=12079"}],"curies":[{"name":"wp","href":"https:\/\/api.w.org\/{rel}","templated":true}]}}