{"id":11941,"date":"2023-09-15T10:03:32","date_gmt":"2023-09-15T08:03:32","guid":{"rendered":"http:\/\/stage.annamariamartinolli.it\/?post_type=product&#038;p=11941"},"modified":"2023-09-15T10:27:51","modified_gmt":"2023-09-15T08:27:51","slug":"il-peggior-paese-ditalia","status":"publish","type":"product","link":"https:\/\/stage.annamariamartinolli.it\/es\/librer\u00eda\/guiones\/jean-pierre-martinez-es\/il-peggior-paese-ditalia\/","title":{"rendered":"Il peggior paese d&#8217;Italia"},"content":{"rendered":"<p>Comedia en tres actos, diez personajes: siete hombres y tres mujeres. <strong>El gui\u00f3n est\u00e1 en lengua italiana<\/strong>.<\/p>\n<div  class='avia-button-wrap av-2xoi0b-74209c32cb644417446158f8ae12e584-wrap avia-button-left  avia-builder-el-0  avia-builder-el-no-sibling '><a href='http:\/\/stage.annamariamartinolli.it\/wp-content\/uploads\/2023\/09\/peggiorpaese.pdf'  class='avia-button av-2xoi0b-74209c32cb644417446158f8ae12e584 av-link-btn avia-icon_select-yes-left-icon avia-size-large avia-position-left avia-color-theme-color'   aria-label=\"Descargar PDF\"><span class='avia_button_icon avia_button_icon_left avia-iconfont avia-font-entypo-fontello' data-av_icon='\ue836' data-av_iconfont='entypo-fontello' ><\/span><span class='avia_iconbox_title' >Descargar PDF<\/span><\/a><\/div>\n","protected":false},"excerpt":{"rendered":"<p>En un remoto pueblo donde el \u00fanico atractivo son los campos de patatas, la situaci\u00f3n empeora: la escuela, el ayuntamiento y la iglesia corren peligro de cierre y el pueblo se fusiona con la aldea vecina.<br \/>\nLos pocos habitantes que quedan deciden organizarse para salvar lo que se pueda y, aprovechando la repentina llegada de una periodista y una productora de telerrealidad, inventan una historia criminal para llamar la atenci\u00f3n. Por supuesto, las cosas no salen como ellos quieren y la torpeza de los polic\u00edas enviados a investigar s\u00f3lo empeorar\u00e1 las cosas.<br \/>\nUna comedia divertida y desenfadada que se burla del mundo de los reality shows y de la astucia humana.<\/p>\n","protected":false},"featured_media":8170,"comment_status":"open","ping_status":"closed","template":"","meta":[],"product_brand":[],"product_cat":[130,331],"product_tag":[335,822,332],"class_list":{"0":"post-11941","1":"product","2":"type-product","3":"status-publish","4":"has-post-thumbnail","6":"product_cat-guiones","7":"product_cat-jean-pierre-martinez-es","8":"product_tag-guiones-de-teatro","9":"product_tag-il-peggior-paese-ditalia-es","10":"product_tag-jean-pierre-martinez-es","12":"first","13":"instock","14":"virtual","15":"product-type-simple"},"_links":{"self":[{"href":"https:\/\/stage.annamariamartinolli.it\/es\/wp-json\/wp\/v2\/product\/11941","targetHints":{"allow":["GET"]}}],"collection":[{"href":"https:\/\/stage.annamariamartinolli.it\/es\/wp-json\/wp\/v2\/product"}],"about":[{"href":"https:\/\/stage.annamariamartinolli.it\/es\/wp-json\/wp\/v2\/types\/product"}],"replies":[{"embeddable":true,"href":"https:\/\/stage.annamariamartinolli.it\/es\/wp-json\/wp\/v2\/comments?post=11941"}],"wp:featuredmedia":[{"embeddable":true,"href":"https:\/\/stage.annamariamartinolli.it\/es\/wp-json\/wp\/v2\/media\/8170"}],"wp:attachment":[{"href":"https:\/\/stage.annamariamartinolli.it\/es\/wp-json\/wp\/v2\/media?parent=11941"}],"wp:term":[{"taxonomy":"product_brand","embeddable":true,"href":"https:\/\/stage.annamariamartinolli.it\/es\/wp-json\/wp\/v2\/product_brand?post=11941"},{"taxonomy":"product_cat","embeddable":true,"href":"https:\/\/stage.annamariamartinolli.it\/es\/wp-json\/wp\/v2\/product_cat?post=11941"},{"taxonomy":"product_tag","embeddable":true,"href":"https:\/\/stage.annamariamartinolli.it\/es\/wp-json\/wp\/v2\/product_tag?post=11941"}],"curies":[{"name":"wp","href":"https:\/\/api.w.org\/{rel}","templated":true}]}}