{"id":11682,"date":"2023-03-13T14:21:17","date_gmt":"2023-03-13T13:21:17","guid":{"rendered":"http:\/\/stage.annamariamartinolli.it\/?post_type=product&#038;p=11682"},"modified":"2023-03-13T14:45:43","modified_gmt":"2023-03-13T13:45:43","slug":"pierrot-lunaire-e-pierrot-narcisse","status":"publish","type":"product","link":"https:\/\/stage.annamariamartinolli.it\/es\/librer\u00eda\/libros\/pierrot-lunaire-e-pierrot-narcisse\/","title":{"rendered":"Pierrot Lunaire e Pierrot Narcisse"},"content":{"rendered":"<p><strong>El libro contiene los textos siguientes:<\/strong><\/p>\n<ul>\n<li>Pierrot Lunaire (50 poemas)<\/li>\n<li>Pierrot Narcisse (obra de teatro)<\/li>\n<\/ul>\n","protected":false},"excerpt":{"rendered":"<p>Pierrot, Arlequ\u00edn, Columbine y Cassandro cobran vida, a trav\u00e9s de la pluma del autor belga Albert Giraud, convirti\u00e9ndose en protagonistas de situaciones que van de lo l\u00edrico a lo aberrante, ambientadas en un mundo donde todo est\u00e1 art\u00edsticamente permitido. Dominando la escena, sin embargo, siempre est\u00e1 \u00e9l, Pierrot, con su locura, su iron\u00eda, su sadismo y esa profunda vena melanc\u00f3lica que nunca le abandona. Pierrot como m\u00e1scara, pero tambi\u00e9n, y sobre todo, como personificaci\u00f3n del tormento del poeta en busca de las palabras adecuadas para expresarse.<br \/>\nAlbert Giraud, m\u00e1s conocido por la versi\u00f3n musical de Pierrot Lunaire, que el compositor Arnold Sch\u00f6nberg extrajo a principios del siglo XX de su obra hom\u00f3nima, transporta al lector a su universo po\u00e9tico y mental, para embelesarle e inquietarle con elecciones l\u00e9xicas ins\u00f3litas e im\u00e1genes que rozan lo visionario.<br \/>\nEste volumen recoge los cincuenta poemas de Pierrot Lunaire y la obra de teatro que es su secuela, Pierrot Narcisse. La detallada introducci\u00f3n, los art\u00edculos de cr\u00edticos italianos y extranjeros y el Ap\u00e9ndice -en el que, adem\u00e1s de la versi\u00f3n textual del Pierrot Lunaire de Schoenberg, se pueden encontrar varios art\u00edculos de fondo- ponen de relieve la importancia de la obra del c\u00e9lebre autor, a\u00fan poco conocida en Italia.<\/p>\n<p><strong>El libro est\u00e1 en lengua italiana<\/strong><br \/>\n(edici\u00f3n cuidada por Annamaria Martinolli)<\/p>\n[av_promobox button='yes' label='Comprar' icon_select='yes' icon='ue859' font='entypo-fontello' color='theme-color' custom_bg='#444444' custom_font='#ffffff' size='large' box_color='' box_custom_font='#ffffff' box_custom_bg='#444444' box_custom_border='#333333' label_display='' link='manually,https:\/\/www.editoriaespettacolo.com\/prodotto\/pierrot-lunaire-pierrot-narcisse\/' link_target='_blank' id='' custom_class='' av_uid='' admin_preview_bg='']<br \/>\nComprar en Editoria&amp;Spettacolo<br \/>\n[\/av_promobox]\n","protected":false},"featured_media":11687,"comment_status":"open","ping_status":"closed","template":"","meta":[],"product_brand":[],"product_cat":[133],"product_tag":[814,138],"class_list":{"0":"post-11682","1":"product","2":"type-product","3":"status-publish","4":"has-post-thumbnail","6":"product_cat-libros","7":"product_tag-albert-giraud-es","8":"product_tag-libros","10":"first","11":"instock","12":"shipping-taxable","13":"product-type-simple"},"_links":{"self":[{"href":"https:\/\/stage.annamariamartinolli.it\/es\/wp-json\/wp\/v2\/product\/11682","targetHints":{"allow":["GET"]}}],"collection":[{"href":"https:\/\/stage.annamariamartinolli.it\/es\/wp-json\/wp\/v2\/product"}],"about":[{"href":"https:\/\/stage.annamariamartinolli.it\/es\/wp-json\/wp\/v2\/types\/product"}],"replies":[{"embeddable":true,"href":"https:\/\/stage.annamariamartinolli.it\/es\/wp-json\/wp\/v2\/comments?post=11682"}],"wp:featuredmedia":[{"embeddable":true,"href":"https:\/\/stage.annamariamartinolli.it\/es\/wp-json\/wp\/v2\/media\/11687"}],"wp:attachment":[{"href":"https:\/\/stage.annamariamartinolli.it\/es\/wp-json\/wp\/v2\/media?parent=11682"}],"wp:term":[{"taxonomy":"product_brand","embeddable":true,"href":"https:\/\/stage.annamariamartinolli.it\/es\/wp-json\/wp\/v2\/product_brand?post=11682"},{"taxonomy":"product_cat","embeddable":true,"href":"https:\/\/stage.annamariamartinolli.it\/es\/wp-json\/wp\/v2\/product_cat?post=11682"},{"taxonomy":"product_tag","embeddable":true,"href":"https:\/\/stage.annamariamartinolli.it\/es\/wp-json\/wp\/v2\/product_tag?post=11682"}],"curies":[{"name":"wp","href":"https:\/\/api.w.org\/{rel}","templated":true}]}}