{"id":11588,"date":"2023-03-10T10:15:41","date_gmt":"2023-03-10T09:15:41","guid":{"rendered":"http:\/\/stage.annamariamartinolli.it\/?post_type=product&#038;p=11588"},"modified":"2023-03-10T10:36:52","modified_gmt":"2023-03-10T09:36:52","slug":"benvenuta-a-bordo","status":"publish","type":"product","link":"https:\/\/stage.annamariamartinolli.it\/es\/librer\u00eda\/guiones\/jean-pierre-martinez-es\/benvenuta-a-bordo\/","title":{"rendered":"Benvenuta a bordo!"},"content":{"rendered":"<p>Comedia en un acto, diez personajes: cuatro hombres y seis mujeres. <strong>El gui\u00f3n est\u00e1 en lengua italiana<\/strong>.<\/p>\n<div  class='avia-button-wrap av-2xoi0b-40f7b595bd0e130d5723d0d9ac0576d0-wrap avia-button-left  avia-builder-el-0  avia-builder-el-no-sibling '><a href='http:\/\/stage.annamariamartinolli.it\/wp-content\/uploads\/2023\/03\/benvenutabordo.pdf'  class='avia-button av-2xoi0b-40f7b595bd0e130d5723d0d9ac0576d0 av-link-btn avia-icon_select-yes-left-icon avia-size-large avia-position-left avia-color-theme-color'   aria-label=\"Descargar PDF\"><span class='avia_button_icon avia_button_icon_left avia-iconfont avia-font-entypo-fontello' data-av_icon='\ue836' data-av_iconfont='entypo-fontello' ><\/span><span class='avia_iconbox_title' >Descargar PDF<\/span><\/a><\/div>\n","protected":false},"excerpt":{"rendered":"<p>Bianca, una anciana de car\u00e1cter, es ingresada por su hija y su yerno en una residencia de ancianos. Al principio malhumorada con los dem\u00e1s residentes, poco a poco se integra perfectamente en el grupo, vi\u00e9ndose envuelta en situaciones hilarantes y en un misterioso asesinato en la residencia.<br \/>\nUna comedia sobre la vejez que compara a j\u00f3venes y ancianos y subraya la importancia del humor para afrontar las dificultades de la vida.<\/p>\n","protected":false},"featured_media":8170,"comment_status":"open","ping_status":"closed","template":"","meta":[],"product_brand":[],"product_cat":[130,331],"product_tag":[794,335,332],"class_list":{"0":"post-11588","1":"product","2":"type-product","3":"status-publish","4":"has-post-thumbnail","6":"product_cat-guiones","7":"product_cat-jean-pierre-martinez-es","8":"product_tag-benvenuta-a-bordo-es","9":"product_tag-guiones-de-teatro","10":"product_tag-jean-pierre-martinez-es","12":"first","13":"instock","14":"virtual","15":"product-type-simple"},"_links":{"self":[{"href":"https:\/\/stage.annamariamartinolli.it\/es\/wp-json\/wp\/v2\/product\/11588","targetHints":{"allow":["GET"]}}],"collection":[{"href":"https:\/\/stage.annamariamartinolli.it\/es\/wp-json\/wp\/v2\/product"}],"about":[{"href":"https:\/\/stage.annamariamartinolli.it\/es\/wp-json\/wp\/v2\/types\/product"}],"replies":[{"embeddable":true,"href":"https:\/\/stage.annamariamartinolli.it\/es\/wp-json\/wp\/v2\/comments?post=11588"}],"wp:featuredmedia":[{"embeddable":true,"href":"https:\/\/stage.annamariamartinolli.it\/es\/wp-json\/wp\/v2\/media\/8170"}],"wp:attachment":[{"href":"https:\/\/stage.annamariamartinolli.it\/es\/wp-json\/wp\/v2\/media?parent=11588"}],"wp:term":[{"taxonomy":"product_brand","embeddable":true,"href":"https:\/\/stage.annamariamartinolli.it\/es\/wp-json\/wp\/v2\/product_brand?post=11588"},{"taxonomy":"product_cat","embeddable":true,"href":"https:\/\/stage.annamariamartinolli.it\/es\/wp-json\/wp\/v2\/product_cat?post=11588"},{"taxonomy":"product_tag","embeddable":true,"href":"https:\/\/stage.annamariamartinolli.it\/es\/wp-json\/wp\/v2\/product_tag?post=11588"}],"curies":[{"name":"wp","href":"https:\/\/api.w.org\/{rel}","templated":true}]}}