{"id":11421,"date":"2022-12-11T14:37:35","date_gmt":"2022-12-11T13:37:35","guid":{"rendered":"http:\/\/stage.annamariamartinolli.it\/?post_type=product&#038;p=11421"},"modified":"2022-12-11T15:02:30","modified_gmt":"2022-12-11T14:02:30","slug":"miracolo-nel-convento-di-santa-maria-giovanna","status":"publish","type":"product","link":"https:\/\/stage.annamariamartinolli.it\/es\/librer\u00eda\/guiones\/jean-pierre-martinez-es\/miracolo-nel-convento-di-santa-maria-giovanna\/","title":{"rendered":"Miracolo nel convento di Santa Maria Giovanna"},"content":{"rendered":"<p>Comedia en un acto, de diez a trece personajes: hombres o mujeres. <strong>El gui\u00f3n est\u00e1 en lengua italiana<\/strong>.<\/p>\n<div  class='avia-button-wrap av-2xoi0b-3b19fac26d9bd8e3c0fc26b90e5abe54-wrap avia-button-left  avia-builder-el-0  avia-builder-el-no-sibling '><a href='http:\/\/stage.annamariamartinolli.it\/wp-content\/uploads\/2022\/12\/miracolo.pdf'  class='avia-button av-2xoi0b-3b19fac26d9bd8e3c0fc26b90e5abe54 av-link-btn avia-icon_select-yes-left-icon avia-size-large avia-position-left avia-color-theme-color'   aria-label=\"Descargar PDF\"><span class='avia_button_icon avia_button_icon_left avia-iconfont avia-font-entypo-fontello' data-av_icon='\ue836' data-av_iconfont='entypo-fontello' ><\/span><span class='avia_iconbox_title' >Descargar PDF<\/span><\/a><\/div>\n","protected":false},"excerpt":{"rendered":"<p>En la tienda del convento de Santa Mar\u00eda Juana, el negocio va mal. El famoso licor de la Santa ya no se vende como antes y las monjas se encuentran en la miseria. En un intento por aumentar las ventas, una monja decide modificar la antigua receta a\u00f1adiendo a los ingredientes una nueva hierba encontrada en los alrededores del convento. El resultado es tan \u00bb estupefaciente\u00bb que quita clientes a los traficantes locales y crea expectaci\u00f3n entre los tenderos.<br \/>\nUna \u00f3pera c\u00f3mica toda ella basada en esa &#8216;mar\u00eda juana&#8217; tambi\u00e9n mencionada en una famosa canci\u00f3n italiana de Articolo 31.<\/p>\n","protected":false},"featured_media":8170,"comment_status":"open","ping_status":"closed","template":"","meta":[],"product_brand":[],"product_cat":[130,331],"product_tag":[335,332,787],"class_list":{"0":"post-11421","1":"product","2":"type-product","3":"status-publish","4":"has-post-thumbnail","6":"product_cat-guiones","7":"product_cat-jean-pierre-martinez-es","8":"product_tag-guiones-de-teatro","9":"product_tag-jean-pierre-martinez-es","10":"product_tag-miracolo-nel-convento-es","12":"first","13":"instock","14":"virtual","15":"product-type-simple"},"_links":{"self":[{"href":"https:\/\/stage.annamariamartinolli.it\/es\/wp-json\/wp\/v2\/product\/11421","targetHints":{"allow":["GET"]}}],"collection":[{"href":"https:\/\/stage.annamariamartinolli.it\/es\/wp-json\/wp\/v2\/product"}],"about":[{"href":"https:\/\/stage.annamariamartinolli.it\/es\/wp-json\/wp\/v2\/types\/product"}],"replies":[{"embeddable":true,"href":"https:\/\/stage.annamariamartinolli.it\/es\/wp-json\/wp\/v2\/comments?post=11421"}],"wp:featuredmedia":[{"embeddable":true,"href":"https:\/\/stage.annamariamartinolli.it\/es\/wp-json\/wp\/v2\/media\/8170"}],"wp:attachment":[{"href":"https:\/\/stage.annamariamartinolli.it\/es\/wp-json\/wp\/v2\/media?parent=11421"}],"wp:term":[{"taxonomy":"product_brand","embeddable":true,"href":"https:\/\/stage.annamariamartinolli.it\/es\/wp-json\/wp\/v2\/product_brand?post=11421"},{"taxonomy":"product_cat","embeddable":true,"href":"https:\/\/stage.annamariamartinolli.it\/es\/wp-json\/wp\/v2\/product_cat?post=11421"},{"taxonomy":"product_tag","embeddable":true,"href":"https:\/\/stage.annamariamartinolli.it\/es\/wp-json\/wp\/v2\/product_tag?post=11421"}],"curies":[{"name":"wp","href":"https:\/\/api.w.org\/{rel}","templated":true}]}}