{"id":11279,"date":"2022-10-17T14:49:51","date_gmt":"2022-10-17T12:49:51","guid":{"rendered":"http:\/\/stage.annamariamartinolli.it\/?post_type=product&#038;p=11279"},"modified":"2022-10-17T15:06:12","modified_gmt":"2022-10-17T13:06:12","slug":"prognosi-riservata","status":"publish","type":"product","link":"https:\/\/stage.annamariamartinolli.it\/es\/librer\u00eda\/guiones\/jean-pierre-martinez-es\/prognosi-riservata\/","title":{"rendered":"Prognosi riservata"},"content":{"rendered":"<p>Comedia en un acto, seis personajes: seis mujeres. <strong>El gui\u00f3n est\u00e1 en lengua italiana.<\/strong><\/p>\n<div  class='avia-button-wrap av-2xoi0b-000e647b94f6d595ff9f78b36be2f614-wrap avia-button-left  avia-builder-el-0  avia-builder-el-no-sibling '><a href='http:\/\/stage.annamariamartinolli.it\/wp-content\/uploads\/2022\/10\/prognosiriservata.pdf'  class='avia-button av-2xoi0b-000e647b94f6d595ff9f78b36be2f614 av-link-btn avia-icon_select-yes-left-icon avia-size-large avia-position-left avia-color-theme-color'   aria-label=\"Descargar PDF\"><span class='avia_button_icon avia_button_icon_left avia-iconfont avia-font-entypo-fontello' data-av_icon='\ue836' data-av_iconfont='entypo-fontello' ><\/span><span class='avia_iconbox_title' >Descargar PDF<\/span><\/a><\/div>\n","protected":false},"excerpt":{"rendered":"<p>La Doctora Malamorte y la enfermera Gioia est\u00e1n pensando en abrir una cl\u00ednica privada. Teresa y Luisa son hermanas que no se ven desde hace a\u00f1os y tienen mala relaci\u00f3n incluso con su hermano. Giovanna est\u00e1 buscando un bot\u00edn perdido. La comisaria S\u00e1nchez quiere atrapar a dos ladrones que acaban de robar un banco. Giacomo est\u00e1 en coma, sabe d\u00f3nde est\u00e1 el bot\u00edn y es testigo de todo desde su cama de hospital, dispuesto a dar muchas sorpresas a pesar de su inmovilidad. Una divertida comedia en la que las apariencias enga\u00f1an.<\/p>\n","protected":false},"featured_media":8170,"comment_status":"open","ping_status":"closed","template":"","meta":[],"product_brand":[],"product_cat":[130,331],"product_tag":[335,332,754],"class_list":{"0":"post-11279","1":"product","2":"type-product","3":"status-publish","4":"has-post-thumbnail","6":"product_cat-guiones","7":"product_cat-jean-pierre-martinez-es","8":"product_tag-guiones-de-teatro","9":"product_tag-jean-pierre-martinez-es","10":"product_tag-prognosi-riservata-es","12":"first","13":"instock","14":"virtual","15":"product-type-simple"},"_links":{"self":[{"href":"https:\/\/stage.annamariamartinolli.it\/es\/wp-json\/wp\/v2\/product\/11279","targetHints":{"allow":["GET"]}}],"collection":[{"href":"https:\/\/stage.annamariamartinolli.it\/es\/wp-json\/wp\/v2\/product"}],"about":[{"href":"https:\/\/stage.annamariamartinolli.it\/es\/wp-json\/wp\/v2\/types\/product"}],"replies":[{"embeddable":true,"href":"https:\/\/stage.annamariamartinolli.it\/es\/wp-json\/wp\/v2\/comments?post=11279"}],"wp:featuredmedia":[{"embeddable":true,"href":"https:\/\/stage.annamariamartinolli.it\/es\/wp-json\/wp\/v2\/media\/8170"}],"wp:attachment":[{"href":"https:\/\/stage.annamariamartinolli.it\/es\/wp-json\/wp\/v2\/media?parent=11279"}],"wp:term":[{"taxonomy":"product_brand","embeddable":true,"href":"https:\/\/stage.annamariamartinolli.it\/es\/wp-json\/wp\/v2\/product_brand?post=11279"},{"taxonomy":"product_cat","embeddable":true,"href":"https:\/\/stage.annamariamartinolli.it\/es\/wp-json\/wp\/v2\/product_cat?post=11279"},{"taxonomy":"product_tag","embeddable":true,"href":"https:\/\/stage.annamariamartinolli.it\/es\/wp-json\/wp\/v2\/product_tag?post=11279"}],"curies":[{"name":"wp","href":"https:\/\/api.w.org\/{rel}","templated":true}]}}