{"id":11253,"date":"2022-10-07T15:21:40","date_gmt":"2022-10-07T13:21:40","guid":{"rendered":"http:\/\/stage.annamariamartinolli.it\/?post_type=product&#038;p=11253"},"modified":"2022-10-07T15:56:07","modified_gmt":"2022-10-07T13:56:07","slug":"flagrante-delirio","status":"publish","type":"product","link":"https:\/\/stage.annamariamartinolli.it\/es\/librer\u00eda\/guiones\/jean-pierre-martinez-es\/flagrante-delirio\/","title":{"rendered":"Flagrante delirio"},"content":{"rendered":"<p>Comedia en cinco actos, seis personajes: tres hombres y tres mujeres. Reparto f\u00e1cilmente adaptable a las necesidades de cualquier compa\u00f1\u00eda de teatro. <strong>El gui\u00f3n est\u00e1 en lengua italiana.<\/strong><\/p>\n<div  class='avia-button-wrap av-2xoi0b-69d87d0a624208905ec4ef12da9f35d3-wrap avia-button-left  avia-builder-el-0  avia-builder-el-no-sibling '><a href='http:\/\/stage.annamariamartinolli.it\/wp-content\/uploads\/2022\/10\/flagrante-delirio.pdf'  class='avia-button av-2xoi0b-69d87d0a624208905ec4ef12da9f35d3 av-link-btn avia-icon_select-yes-left-icon avia-size-large avia-position-left avia-color-theme-color'   aria-label=\"Descargar PDF\"><span class='avia_button_icon avia_button_icon_left avia-iconfont avia-font-entypo-fontello' data-av_icon='\ue836' data-av_iconfont='entypo-fontello' ><\/span><span class='avia_iconbox_title' >Descargar PDF<\/span><\/a><\/div>\n","protected":false},"excerpt":{"rendered":"<p>En una comisar\u00eda anticuada, donde los polic\u00edas tienen apellidos que se adaptan a sus personalidades, se enfrentan a un misterioso caso en el que est\u00e1n implicados una baronesa ex estrella del porno y un bar\u00f3n que lleva demasiadas horas encerrado en una sauna, sellada con Super Attack.<br \/>\n\u00bfLograr\u00e1n nuestros h\u00e9roes resolver el enigma sin quedar demasiado mal? Una divertid\u00edsima comedia polic\u00edaca de Jean-Pierre Mart\u00ednez, ya representada con \u00e9xito en Francia.<\/p>\n","protected":false},"featured_media":8170,"comment_status":"open","ping_status":"closed","template":"","meta":[],"product_brand":[],"product_cat":[130,331],"product_tag":[335,332],"class_list":{"0":"post-11253","1":"product","2":"type-product","3":"status-publish","4":"has-post-thumbnail","6":"product_cat-guiones","7":"product_cat-jean-pierre-martinez-es","8":"product_tag-guiones-de-teatro","9":"product_tag-jean-pierre-martinez-es","11":"first","12":"instock","13":"virtual","14":"product-type-simple"},"_links":{"self":[{"href":"https:\/\/stage.annamariamartinolli.it\/es\/wp-json\/wp\/v2\/product\/11253","targetHints":{"allow":["GET"]}}],"collection":[{"href":"https:\/\/stage.annamariamartinolli.it\/es\/wp-json\/wp\/v2\/product"}],"about":[{"href":"https:\/\/stage.annamariamartinolli.it\/es\/wp-json\/wp\/v2\/types\/product"}],"replies":[{"embeddable":true,"href":"https:\/\/stage.annamariamartinolli.it\/es\/wp-json\/wp\/v2\/comments?post=11253"}],"wp:featuredmedia":[{"embeddable":true,"href":"https:\/\/stage.annamariamartinolli.it\/es\/wp-json\/wp\/v2\/media\/8170"}],"wp:attachment":[{"href":"https:\/\/stage.annamariamartinolli.it\/es\/wp-json\/wp\/v2\/media?parent=11253"}],"wp:term":[{"taxonomy":"product_brand","embeddable":true,"href":"https:\/\/stage.annamariamartinolli.it\/es\/wp-json\/wp\/v2\/product_brand?post=11253"},{"taxonomy":"product_cat","embeddable":true,"href":"https:\/\/stage.annamariamartinolli.it\/es\/wp-json\/wp\/v2\/product_cat?post=11253"},{"taxonomy":"product_tag","embeddable":true,"href":"https:\/\/stage.annamariamartinolli.it\/es\/wp-json\/wp\/v2\/product_tag?post=11253"}],"curies":[{"name":"wp","href":"https:\/\/api.w.org\/{rel}","templated":true}]}}