{"id":11100,"date":"2022-08-02T12:05:25","date_gmt":"2022-08-02T10:05:25","guid":{"rendered":"http:\/\/stage.annamariamartinolli.it\/?post_type=product&#038;p=11100"},"modified":"2022-08-02T12:20:23","modified_gmt":"2022-08-02T10:20:23","slug":"abbracciamoci-folleville","status":"publish","type":"product","link":"https:\/\/stage.annamariamartinolli.it\/es\/librer\u00eda\/guiones\/eugene-labiche-es\/abbracciamoci-folleville\/","title":{"rendered":"Abbracciamoci, Folleville!"},"content":{"rendered":"<p>Comedia en un acto, seis personajes: cinco hombres y una mujer. Para cualquier actuaci\u00f3n, por favor, p\u00f3ngase en contacto con el autor al menos con tres o cuatro meses de antelaci\u00f3n, ya que las obras est\u00e1n protegidas por la Sociedad Italiana de Autores y Editores. <strong>El gui\u00f3n est\u00e1 en lengua italiana<\/strong>.<\/p>\n<div  class='avia-button-wrap av-2xoi0b-d1a2e455d948b240bdd3ac8d7a6a88d2-wrap avia-button-left  avia-builder-el-0  avia-builder-el-no-sibling '><a href='http:\/\/stage.annamariamartinolli.it\/es\/contactos\/'  class='avia-button av-2xoi0b-d1a2e455d948b240bdd3ac8d7a6a88d2 av-link-btn avia-icon_select-yes-left-icon avia-size-large avia-position-left avia-color-theme-color'   aria-label=\"Cont\u00e1ctame\"><span class='avia_button_icon avia_button_icon_left avia-iconfont avia-font-entypo-fontello' data-av_icon='\ue836' data-av_iconfont='entypo-fontello' ><\/span><span class='avia_iconbox_title' >Cont\u00e1ctame<\/span><\/a><\/div>\n","protected":false},"excerpt":{"rendered":"<p>El marqu\u00e9s Manicamp est\u00e1 obsesionado con el caballero Folleville desde que \u00e9ste le salv\u00f3 de la deshonra durante una cacer\u00eda. Cada vez que lo ve, Manicamp le grita: \u00ab\u00a1Abrac\u00e9monos, Folleville!\u00bb, haciendo que se sienta avergonzado. Por si fuera poco, Manicamp exige a Folleville que se case con su hija, una chica de temperamento vivaz, que rompe ollas y da bofetadas, y a la que Folleville considera una enana.<br \/>\nEn un escenario hist\u00f3rico un tanto falso, con frecuentes amenazas de duelo, Labiche crea una de sus obras m\u00e1s conocidas y divertidas, hasta el punto de que la expresi\u00f3n \u00ab\u00a1Abrac\u00e9monos, Folleville!\u00bb ha entrado en el lenguaje com\u00fan en Francia para denotar una amistad hip\u00f3crita tras la que se esconde el conflicto.<\/p>\n[av_toggle_container initial='0' mode='accordion' sort='' styling='' colors='' font_color='' background_color='' border_color='' colors_current='' font_color_current='' background_current='' background_color_current='' background_gradient_current_color1='' background_gradient_current_color2='' background_gradient_current_direction='vertical' hover_colors='' hover_background_color='' hover_font_color='' alb_description='' id='' custom_class='' av_uid=''] [av_toggle title='Formulario de solicitud de un gui\u00f3n de teatro traducido al italiano' tags='' custom_id=''] [gravityform id=\"5\" title=\"false\" description=\"false\" ajax=\"true\"] [\/av_toggle] [\/av_toggle_container]\n","protected":false},"featured_media":13456,"comment_status":"open","ping_status":"closed","template":"","meta":[],"product_brand":[],"product_cat":[186,130],"product_tag":[144],"class_list":{"0":"post-11100","1":"product","2":"type-product","3":"status-publish","4":"has-post-thumbnail","6":"product_cat-eugene-labiche-es","7":"product_cat-guiones","8":"product_tag-eugene-labiche-es","10":"first","11":"instock","12":"virtual","13":"product-type-simple"},"_links":{"self":[{"href":"https:\/\/stage.annamariamartinolli.it\/es\/wp-json\/wp\/v2\/product\/11100","targetHints":{"allow":["GET"]}}],"collection":[{"href":"https:\/\/stage.annamariamartinolli.it\/es\/wp-json\/wp\/v2\/product"}],"about":[{"href":"https:\/\/stage.annamariamartinolli.it\/es\/wp-json\/wp\/v2\/types\/product"}],"replies":[{"embeddable":true,"href":"https:\/\/stage.annamariamartinolli.it\/es\/wp-json\/wp\/v2\/comments?post=11100"}],"wp:featuredmedia":[{"embeddable":true,"href":"https:\/\/stage.annamariamartinolli.it\/es\/wp-json\/wp\/v2\/media\/13456"}],"wp:attachment":[{"href":"https:\/\/stage.annamariamartinolli.it\/es\/wp-json\/wp\/v2\/media?parent=11100"}],"wp:term":[{"taxonomy":"product_brand","embeddable":true,"href":"https:\/\/stage.annamariamartinolli.it\/es\/wp-json\/wp\/v2\/product_brand?post=11100"},{"taxonomy":"product_cat","embeddable":true,"href":"https:\/\/stage.annamariamartinolli.it\/es\/wp-json\/wp\/v2\/product_cat?post=11100"},{"taxonomy":"product_tag","embeddable":true,"href":"https:\/\/stage.annamariamartinolli.it\/es\/wp-json\/wp\/v2\/product_tag?post=11100"}],"curies":[{"name":"wp","href":"https:\/\/api.w.org\/{rel}","templated":true}]}}