{"id":10861,"date":"2022-04-05T10:07:59","date_gmt":"2022-04-05T08:07:59","guid":{"rendered":"http:\/\/stage.annamariamartinolli.it\/?post_type=product&#038;p=10861"},"modified":"2022-04-05T11:18:36","modified_gmt":"2022-04-05T09:18:36","slug":"pelleas-e-melisande-e-arianna-e-barbablu","status":"publish","type":"product","link":"https:\/\/stage.annamariamartinolli.it\/es\/librer\u00eda\/libros\/pelleas-e-melisande-e-arianna-e-barbablu\/","title":{"rendered":"P\u00e9lleas e M\u00e9lisande e Arianna e Barbabl\u00f9"},"content":{"rendered":"","protected":false},"excerpt":{"rendered":"<p>Pell\u00e9as y M\u00e9lisande y Ariadna y Barba Azul son dos \u00f3peras que se distinguen por haber sido concebidas en periodos diferentes de la vida de Maurice Maeterlinck y representan la transici\u00f3n de la oscuridad a la luz, en la visi\u00f3n del autor. En la obra de Maeterlinck, los personajes no son presa de pasiones irrefrenables; al contrario, todo se insin\u00faa, se sugiere, se representa metaf\u00f3ricamente; nunca hay una explicaci\u00f3n directa de los sentimientos como ocurre, por ejemplo, en el teatro shakesperiano.<\/p>\n<p>El libro recoge los textos de Pell\u00e9as y M\u00e9lisande y Ariadna y Barba Azul en una nueva traducci\u00f3n italiana y los compara, analizando la evoluci\u00f3n de la obra de Maurice Maeterlinck tambi\u00e9n a trav\u00e9s de numerosos art\u00edculos cr\u00edticos y ensayos, as\u00ed como las versiones de Claude Debussy y Paul Dukas en las primeras representaciones en La Scala de Mil\u00e1n.<\/p>\n<p><strong>El libro est\u00e1 en lengua italiana<\/strong>.<\/p>\n[av_promobox button='yes' label='Comprar' icon_select='yes' icon='ue859' font='entypo-fontello' color='theme-color' custom_bg='#444444' custom_font='#ffffff' size='large' box_color='' box_custom_font='#ffffff' box_custom_bg='#444444' box_custom_border='#333333' label_display='' link='manually,https:\/\/www.editoriaespettacolo.com\/prodotto\/1979\/' link_target='_blank' id='' custom_class='' av_uid='' admin_preview_bg=''] Comprar en Editoria&amp;Spettacolo [\/av_promobox]\n","protected":false},"featured_media":10866,"comment_status":"open","ping_status":"closed","template":"","meta":[],"product_brand":[],"product_cat":[133],"product_tag":[138,178],"class_list":{"0":"post-10861","1":"product","2":"type-product","3":"status-publish","4":"has-post-thumbnail","6":"product_cat-libros","7":"product_tag-libros","8":"product_tag-maurice-maeterlinck-es","10":"first","11":"instock","12":"shipping-taxable","13":"product-type-simple"},"_links":{"self":[{"href":"https:\/\/stage.annamariamartinolli.it\/es\/wp-json\/wp\/v2\/product\/10861","targetHints":{"allow":["GET"]}}],"collection":[{"href":"https:\/\/stage.annamariamartinolli.it\/es\/wp-json\/wp\/v2\/product"}],"about":[{"href":"https:\/\/stage.annamariamartinolli.it\/es\/wp-json\/wp\/v2\/types\/product"}],"replies":[{"embeddable":true,"href":"https:\/\/stage.annamariamartinolli.it\/es\/wp-json\/wp\/v2\/comments?post=10861"}],"wp:featuredmedia":[{"embeddable":true,"href":"https:\/\/stage.annamariamartinolli.it\/es\/wp-json\/wp\/v2\/media\/10866"}],"wp:attachment":[{"href":"https:\/\/stage.annamariamartinolli.it\/es\/wp-json\/wp\/v2\/media?parent=10861"}],"wp:term":[{"taxonomy":"product_brand","embeddable":true,"href":"https:\/\/stage.annamariamartinolli.it\/es\/wp-json\/wp\/v2\/product_brand?post=10861"},{"taxonomy":"product_cat","embeddable":true,"href":"https:\/\/stage.annamariamartinolli.it\/es\/wp-json\/wp\/v2\/product_cat?post=10861"},{"taxonomy":"product_tag","embeddable":true,"href":"https:\/\/stage.annamariamartinolli.it\/es\/wp-json\/wp\/v2\/product_tag?post=10861"}],"curies":[{"name":"wp","href":"https:\/\/api.w.org\/{rel}","templated":true}]}}