{"id":10298,"date":"2021-10-14T10:49:41","date_gmt":"2021-10-14T08:49:41","guid":{"rendered":"http:\/\/stage.annamariamartinolli.it\/?post_type=product&#038;p=10298"},"modified":"2021-10-14T11:43:55","modified_gmt":"2021-10-14T09:43:55","slug":"il-teatro-comico-di-georges-feydeau-vi","status":"publish","type":"product","link":"https:\/\/stage.annamariamartinolli.it\/es\/librer\u00eda\/libros\/il-teatro-comico-di-georges-feydeau-vi\/","title":{"rendered":"Il teatro comico di Georges Feydeau VI"},"content":{"rendered":"<p><strong>Comedias en tres actos<br \/>\n<\/strong><\/p>\n<ul>\n<li>A chi tocca mia moglie?<\/li>\n<li>Il signore va a caccia<\/li>\n<li>Il germoglio<\/li>\n<\/ul>\n<p><strong>Comedias en un acto<br \/>\n<\/strong><\/p>\n<ul>\n<li>Amore e piano<\/li>\n<li>Ma non andare in giro tutta nuda!<\/li>\n<\/ul>\n<p><strong>Mon\u00f3logos<\/strong><\/p>\n<ul>\n<li>Il fazzoletto<\/li>\n<li>Il volontario<\/li>\n<\/ul>\n","protected":false},"excerpt":{"rendered":"<p>En el teatro de Feydeau, al empujar una puerta, se entra en una sala de estar, un comedor o un dormitorio, pero tambi\u00e9n en una especie de laboratorio de microf\u00edsica en forma de c\u00e1mara de plasma, c\u00e1mara de deriva o c\u00e1mara de centelleo.<br \/>\nFeydeau nos lleva a estos lugares para experimentar la resistencia y la velocidad del hombre bajo presi\u00f3n y pruebas extremas. [&#8230;]<br \/>\nComo suele ocurrir en el vodevil, se trata de un mundo circunscrito. Ning\u00fan elemento del mundo exterior entra en esta campana de cristal cerrada y protegida a modo de intrusi\u00f3n. Y es precisamente en las condiciones perfectas propias de un laboratorio donde asistimos al juego de los deseos y las energ\u00edas. No hay contaminaci\u00f3n que nos induzca a apartar la mirada de ese mundo perfecto que se est\u00e1 desintegrando. Y es en este momento cuando el autor calienta las part\u00edculas hasta que alcanzan la velocidad necesaria para generar una reacci\u00f3n. La risa, en Feydeau, es el resultado de una reacci\u00f3n de autofecundaci\u00f3n&#8230;<br \/>\n(Lukas Hemleb, director)<br \/>\n(Edici\u00f3n cuidada por Annamaria Martinolli. <strong>El libro est\u00e1 en lengua italiana<\/strong>)<\/p>\n[av_promobox button='yes' label='Comprar' icon_select='yes' icon='ue859' font='entypo-fontello' color='theme-color' custom_bg='#444444' custom_font='#ffffff' size='large' box_color='' box_custom_font='#ffffff' box_custom_bg='#444444' box_custom_border='#333333' label_display='' link='manually,https:\/\/www.editoriaespettacolo.com\/prodotto\/il-teatro-comico-di-georges-feydeau-vi\/' link_target='_blank' id='' custom_class='' av_uid='' admin_preview_bg='']<br \/>\nComprar en Editoria&amp;Spettacolo<br \/>\n[\/av_promobox]\n","protected":false},"featured_media":10303,"comment_status":"open","ping_status":"closed","template":"","meta":[],"product_brand":[],"product_cat":[133],"product_tag":[147,138],"class_list":{"0":"post-10298","1":"product","2":"type-product","3":"status-publish","4":"has-post-thumbnail","6":"product_cat-libros","7":"product_tag-georges-feydeau-es","8":"product_tag-libros","10":"first","11":"instock","12":"shipping-taxable","13":"product-type-simple"},"_links":{"self":[{"href":"https:\/\/stage.annamariamartinolli.it\/es\/wp-json\/wp\/v2\/product\/10298","targetHints":{"allow":["GET"]}}],"collection":[{"href":"https:\/\/stage.annamariamartinolli.it\/es\/wp-json\/wp\/v2\/product"}],"about":[{"href":"https:\/\/stage.annamariamartinolli.it\/es\/wp-json\/wp\/v2\/types\/product"}],"replies":[{"embeddable":true,"href":"https:\/\/stage.annamariamartinolli.it\/es\/wp-json\/wp\/v2\/comments?post=10298"}],"wp:featuredmedia":[{"embeddable":true,"href":"https:\/\/stage.annamariamartinolli.it\/es\/wp-json\/wp\/v2\/media\/10303"}],"wp:attachment":[{"href":"https:\/\/stage.annamariamartinolli.it\/es\/wp-json\/wp\/v2\/media?parent=10298"}],"wp:term":[{"taxonomy":"product_brand","embeddable":true,"href":"https:\/\/stage.annamariamartinolli.it\/es\/wp-json\/wp\/v2\/product_brand?post=10298"},{"taxonomy":"product_cat","embeddable":true,"href":"https:\/\/stage.annamariamartinolli.it\/es\/wp-json\/wp\/v2\/product_cat?post=10298"},{"taxonomy":"product_tag","embeddable":true,"href":"https:\/\/stage.annamariamartinolli.it\/es\/wp-json\/wp\/v2\/product_tag?post=10298"}],"curies":[{"name":"wp","href":"https:\/\/api.w.org\/{rel}","templated":true}]}}