{"id":10270,"date":"2021-09-13T14:13:50","date_gmt":"2021-09-13T12:13:50","guid":{"rendered":"http:\/\/stage.annamariamartinolli.it\/?post_type=product&#038;p=10270"},"modified":"2021-09-13T14:34:34","modified_gmt":"2021-09-13T12:34:34","slug":"un-giovane-frettoloso","status":"publish","type":"product","link":"https:\/\/stage.annamariamartinolli.it\/es\/librer\u00eda\/guiones\/eugene-labiche-es\/un-giovane-frettoloso\/","title":{"rendered":"Un giovane frettoloso"},"content":{"rendered":"<p>Comedia en un acto, tres personajes: tres hombres. Para cualquier actuaci\u00f3n, por favor, p\u00f3ngase en contacto con el autor al menos con tres o cuatro meses de antelaci\u00f3n, ya que las obras est\u00e1n protegidas por la Sociedad Italiana de Autores y Editores. <strong>El gui\u00f3n est\u00e1 en lengua italiana.<\/strong><\/p>\n<div  class='avia-button-wrap av-2xoi0b-d1a2e455d948b240bdd3ac8d7a6a88d2-wrap avia-button-left  avia-builder-el-0  avia-builder-el-no-sibling '><a href='http:\/\/stage.annamariamartinolli.it\/es\/contactos\/'  class='avia-button av-2xoi0b-d1a2e455d948b240bdd3ac8d7a6a88d2 av-link-btn avia-icon_select-yes-left-icon avia-size-large avia-position-left avia-color-theme-color'   aria-label=\"Cont\u00e1ctame\"><span class='avia_button_icon avia_button_icon_left avia-iconfont avia-font-entypo-fontello' data-av_icon='\ue836' data-av_iconfont='entypo-fontello' ><\/span><span class='avia_iconbox_title' >Cont\u00e1ctame<\/span><\/a><\/div>\n","protected":false},"excerpt":{"rendered":"<p>Dardard, un joven bordel\u00e9s con prisa, se presenta a las dos de la ma\u00f1ana en casa del guantero Pontbichet para pedir la mano de la hija que vio esa misma noche en el teatro.<br \/>\nAl principio reacio, Pontbichet se deja ganar poco a poco por la ingeniosidad del intruso -que, cuando lo echan por la puerta, vuelve a entrar por la ventana- y acaba prefiri\u00e9ndolo a Colardeau, el ingenuo pretendiente de su hija. Sin embargo, tal vez la chica que Dardard ha visto en el teatro no sea exactamente lo que \u00e9l esperaba.<br \/>\nUna estimulante obra en un acto de Labiche en la que s\u00f3lo tres personajes sostienen un texto que guarda muchas sorpresas divertidas.<\/p>\n[av_toggle_container initial='0' mode='accordion' sort='' styling='' colors='' font_color='' background_color='' border_color='' colors_current='' font_color_current='' background_current='' background_color_current='' background_gradient_current_color1='' background_gradient_current_color2='' background_gradient_current_direction='vertical' hover_colors='' hover_background_color='' hover_font_color='' alb_description='' id='' custom_class='' av_uid=''] [av_toggle title='Formulario de solicitud de un gui\u00f3n de teatro traducido al italiano' tags='' custom_id=''] [gravityform id=\"5\" title=\"false\" description=\"false\" ajax=\"true\"] [\/av_toggle] [\/av_toggle_container]\n","protected":false},"featured_media":13456,"comment_status":"open","ping_status":"closed","template":"","meta":[],"product_brand":[],"product_cat":[186,130],"product_tag":[144],"class_list":{"0":"post-10270","1":"product","2":"type-product","3":"status-publish","4":"has-post-thumbnail","6":"product_cat-eugene-labiche-es","7":"product_cat-guiones","8":"product_tag-eugene-labiche-es","10":"first","11":"instock","12":"virtual","13":"product-type-simple"},"_links":{"self":[{"href":"https:\/\/stage.annamariamartinolli.it\/es\/wp-json\/wp\/v2\/product\/10270","targetHints":{"allow":["GET"]}}],"collection":[{"href":"https:\/\/stage.annamariamartinolli.it\/es\/wp-json\/wp\/v2\/product"}],"about":[{"href":"https:\/\/stage.annamariamartinolli.it\/es\/wp-json\/wp\/v2\/types\/product"}],"replies":[{"embeddable":true,"href":"https:\/\/stage.annamariamartinolli.it\/es\/wp-json\/wp\/v2\/comments?post=10270"}],"wp:featuredmedia":[{"embeddable":true,"href":"https:\/\/stage.annamariamartinolli.it\/es\/wp-json\/wp\/v2\/media\/13456"}],"wp:attachment":[{"href":"https:\/\/stage.annamariamartinolli.it\/es\/wp-json\/wp\/v2\/media?parent=10270"}],"wp:term":[{"taxonomy":"product_brand","embeddable":true,"href":"https:\/\/stage.annamariamartinolli.it\/es\/wp-json\/wp\/v2\/product_brand?post=10270"},{"taxonomy":"product_cat","embeddable":true,"href":"https:\/\/stage.annamariamartinolli.it\/es\/wp-json\/wp\/v2\/product_cat?post=10270"},{"taxonomy":"product_tag","embeddable":true,"href":"https:\/\/stage.annamariamartinolli.it\/es\/wp-json\/wp\/v2\/product_tag?post=10270"}],"curies":[{"name":"wp","href":"https:\/\/api.w.org\/{rel}","templated":true}]}}