{"id":3496,"date":"2020-07-04T00:18:46","date_gmt":"2020-07-03T22:18:46","guid":{"rendered":"http:\/\/stage.annamariamartinolli.it\/?page_id=3496"},"modified":"2020-08-11T20:20:13","modified_gmt":"2020-08-11T18:20:13","slug":"referencias","status":"publish","type":"page","link":"https:\/\/stage.annamariamartinolli.it\/es\/identidad\/referencias\/","title":{"rendered":"Referencias"},"content":{"rendered":"\n<style type=\"text\/css\" data-created_by=\"avia_inline_auto\" id=\"style-css-av-dnffk-8c9ee848f2bdf07c0162287b640ae0d5\">\n.avia-section.av-dnffk-8c9ee848f2bdf07c0162287b640ae0d5 .av-parallax .av-parallax-inner{\nbackground-repeat:no-repeat;\nbackground-image:url(https:\/\/stage.annamariamartinolli.it\/wp-content\/uploads\/2020\/08\/rf-sfondo-4.jpeg);\nbackground-position:0% 0%;\nbackground-attachment:scroll;\n}\n.avia-section.av-dnffk-8c9ee848f2bdf07c0162287b640ae0d5 .av-section-color-overlay{\nopacity:0.2;\nbackground-color:#000000;\n}\n<\/style>\n<div id='av_section_1'  class='avia-section av-dnffk-8c9ee848f2bdf07c0162287b640ae0d5 main_color avia-section-large avia-no-shadow  avia-builder-el-0  el_before_av_section  avia-builder-el-first  avia-full-stretch av-parallax-section avia-bg-style-parallax av-section-color-overlay-active container_wrap sidebar_right'  data-section-bg-repeat='stretch'><div class='av-parallax' data-avia-parallax-ratio='0.3' ><div class='av-parallax-inner main_color avia-full-stretch'><\/div><\/div><div class=\"av-section-color-overlay-wrap\"><div class=\"av-section-color-overlay\"><\/div><div class='container av-section-cont-open' ><main  role=\"main\" itemprop=\"mainContentOfPage\"  class='template-page content  av-content-small alpha units'><div class='post-entry post-entry-type-page post-entry-3496'><div class='entry-content-wrapper clearfix'>\n\n<style type=\"text\/css\" data-created_by=\"avia_inline_auto\" id=\"style-css-av-kc6s5frd-898df82c7dd2b5749326075687f5c6ae\">\n#top .av-special-heading.av-kc6s5frd-898df82c7dd2b5749326075687f5c6ae{\npadding-bottom:0;\ncolor:#ffffff;\nfont-size:50px;\n}\nbody .av-special-heading.av-kc6s5frd-898df82c7dd2b5749326075687f5c6ae .av-special-heading-tag .heading-char{\nfont-size:25px;\n}\n#top #wrap_all .av-special-heading.av-kc6s5frd-898df82c7dd2b5749326075687f5c6ae .av-special-heading-tag{\nfont-size:50px;\n}\n.av-special-heading.av-kc6s5frd-898df82c7dd2b5749326075687f5c6ae .special-heading-inner-border{\nborder-color:#ffffff;\n}\n.av-special-heading.av-kc6s5frd-898df82c7dd2b5749326075687f5c6ae .av-subheading{\nfont-size:15px;\n}\n\n@media only screen and (min-width: 480px) and (max-width: 767px){ \n#top #wrap_all .av-special-heading.av-kc6s5frd-898df82c7dd2b5749326075687f5c6ae .av-special-heading-tag{\nfont-size:0.8em;\n}\n}\n\n@media only screen and (max-width: 479px){ \n#top #wrap_all .av-special-heading.av-kc6s5frd-898df82c7dd2b5749326075687f5c6ae .av-special-heading-tag{\nfont-size:0.8em;\n}\n}\n<\/style>\n<div  class='av-special-heading av-kc6s5frd-898df82c7dd2b5749326075687f5c6ae av-special-heading-h3 custom-color-heading blockquote modern-quote modern-centered  avia-builder-el-1  el_before_av_hr  avia-builder-el-first  av-inherit-size'><h3 class='av-special-heading-tag '  itemprop=\"headline\"  >Referencias<\/h3><div class='av_custom_color av-subheading av-subheading_below'><p>Poner tu alma en tu trabajo ayuda<\/p>\n<\/div><div class=\"special-heading-border\"><div class=\"special-heading-inner-border\"><\/div><\/div><\/div>\n\n<style type=\"text\/css\" data-created_by=\"avia_inline_auto\" id=\"style-css-av-cfk40-cc0e863df5594b3b19655f10594825ef\">\n#top .hr.av-cfk40-cc0e863df5594b3b19655f10594825ef{\nmargin-top:30px;\nmargin-bottom:30px;\n}\n.hr.av-cfk40-cc0e863df5594b3b19655f10594825ef .hr-inner{\nwidth:20%;\nborder-color:rgba(255,255,255,0.76);\nmax-width:45%;\n}\n.hr.av-cfk40-cc0e863df5594b3b19655f10594825ef .av-seperator-icon{\ncolor:#ffffff;\n}\n.hr.av-cfk40-cc0e863df5594b3b19655f10594825ef .av-seperator-icon.avia-svg-icon svg:first-child{\nfill:#ffffff;\nstroke:#ffffff;\n}\n<\/style>\n<div  class='hr av-cfk40-cc0e863df5594b3b19655f10594825ef hr-custom  avia-builder-el-2  el_after_av_heading  avia-builder-el-last  hr-center hr-icon-yes'><span class='hr-inner inner-border-av-border-thin'><span class=\"hr-inner-style\"><\/span><\/span><span class='av-seperator-icon avia-iconfont avia-font-entypo-fontello' data-av_icon='\ue8bf' data-av_iconfont='entypo-fontello' ><\/span><span class='hr-inner inner-border-av-border-thin'><span class=\"hr-inner-style\"><\/span><\/span><\/div>\n\n<\/div><\/div><\/main><!-- close content main element --><\/div><\/div><\/div><div id='av_section_2'  class='avia-section av-bszdo-a141737ec85fe804767dd2a8d0920264 main_color avia-section-small avia-no-border-styling  avia-builder-el-3  el_after_av_section  avia-builder-el-last  avia-bg-style-fixed container_wrap sidebar_right'  ><div class='container av-section-cont-open' ><div class='template-page content  av-content-small alpha units'><div class='post-entry post-entry-type-page post-entry-3496'><div class='entry-content-wrapper clearfix'>\n<div class='flex_column_table av-b5t1k-42c5a1681197e7ed799f0f723d3aafed sc-av_two_third av-equal-height-column-flextable'>\n<style type=\"text\/css\" data-created_by=\"avia_inline_auto\" id=\"style-css-av-b5t1k-42c5a1681197e7ed799f0f723d3aafed\">\n#top .flex_column_table.av-equal-height-column-flextable.av-b5t1k-42c5a1681197e7ed799f0f723d3aafed{\nmargin-top:-60px;\nmargin-bottom:-60px;\n}\n.flex_column.av-b5t1k-42c5a1681197e7ed799f0f723d3aafed{\nborder-radius:0px 0px 0px 0px;\npadding:30px 30px 30px 30px;\nbackground-color:#ffffff;\n}\n<\/style>\n<div  class='flex_column av-b5t1k-42c5a1681197e7ed799f0f723d3aafed av_two_third  avia-builder-el-4  el_before_av_one_third  avia-builder-el-first  first no_margin flex_column_table_cell av-equal-height-column av-align-top  '     ><p><div  class='avia-testimonial-wrapper av-kbgn5p3z-843a43c79d995f409907a215eb4baf91 avia-grid-testimonials avia-grid-1-testimonials avia_animate_when_almost_visible' >\n<section class=\"avia-testimonial-row\"><div class='avia-testimonial av-2xuy20-59f1778932824ceee8ac149a75591fb2 avia-testimonial-row-1 avia-first-testimonial flex_column no_margin av_one_full'><div class='avia-testimonial_inner'  itemscope=\"itemscope\" itemtype=\"https:\/\/schema.org\/CreativeWork\" ><div class='avia-testimonial-image'  itemprop=\"image\" ><img decoding=\"async\" width=\"180\" height=\"180\" src=\"https:\/\/stage.annamariamartinolli.it\/wp-content\/uploads\/2020\/07\/LucianoMigliorini-180x180.jpg\" class=\"attachment-square size-square\" alt=\"\" srcset=\"https:\/\/stage.annamariamartinolli.it\/wp-content\/uploads\/2020\/07\/LucianoMigliorini-180x180.jpg 180w, https:\/\/stage.annamariamartinolli.it\/wp-content\/uploads\/2020\/07\/LucianoMigliorini-100x100.jpg 100w, https:\/\/stage.annamariamartinolli.it\/wp-content\/uploads\/2020\/07\/LucianoMigliorini-80x80.jpg 80w, https:\/\/stage.annamariamartinolli.it\/wp-content\/uploads\/2020\/07\/LucianoMigliorini-36x36.jpg 36w\" sizes=\"(max-width: 180px) 100vw, 180px\" \/><\/div><div class='avia-testimonial-content '><div class='avia-testimonial-markup-entry-content'  itemprop=\"text\" ><p>Tuve la oportunidad de apreciar las cualidades de Annamaria hace unos a\u00f1os cuando trabajaba en nuestra empresa como secretaria, un papel que incluye varias tareas: siempre ha destacado por su seriedad y dedicaci\u00f3n. En los \u00faltimos tiempos hemos colaborado con ella como traductora y tambi\u00e9n en este caso ha demostrado ser muy precisa y puntual. Su profesionalidad y la atenci\u00f3n que pone en el trabajo que hace han sido evidentes.<\/p>\n<\/div><\/div><div class=\"avia-testimonial-meta\"><div class=\"avia-testimonial-arrow-wrap\"><div class=\"avia-arrow\"><\/div><\/div><div class='avia-testimonial-meta-mini'  itemprop=\"author\" itemscope=\"itemscope\" itemtype=\"https:\/\/schema.org\/Person\" ><strong  class='avia-testimonial-name'  itemprop=\"name\" >Luciano Migliorini<\/strong><span  class='avia-testimonial-subtitle '  itemprop=\"jobTitle\" >Ingeniero y Director \u00fanico<\/span><span class='hidden avia-testimonial-markup-link'  itemprop=\"url\" >http:\/\/www.amv.it\/<\/span><span class=\"avia-testimonial-subtitle-sep\">&ndash;<\/span><a class='avia-testimonial-link' href='http:\/\/www.amv.it\/' target=\"_blank\" rel=\"noopener noreferrer\">AMV Srl<\/a><\/div><\/div><\/div><\/div><\/section>\n<\/div><br \/>\n<div  class='avia-testimonial-wrapper av-kbgn5p3z-91fb871b4a9ec3a79dc627461a1853f3 avia-grid-testimonials avia-grid-2-testimonials avia_animate_when_almost_visible' >\n<section class=\"avia-testimonial-row\"><div class='avia-testimonial av-ay4lqg-1817c028eae8cff3f22d8052c22f406f avia-testimonial-row-1 avia-first-testimonial flex_column no_margin av_one_half'><div class='avia-testimonial_inner'  itemscope=\"itemscope\" itemtype=\"https:\/\/schema.org\/CreativeWork\" ><div class='avia-testimonial-image'  itemprop=\"image\" ><img decoding=\"async\" width=\"180\" height=\"180\" src=\"https:\/\/stage.annamariamartinolli.it\/wp-content\/uploads\/2020\/07\/ManuelaBuono-180x180.jpg\" class=\"attachment-square size-square\" alt=\"\" srcset=\"https:\/\/stage.annamariamartinolli.it\/wp-content\/uploads\/2020\/07\/ManuelaBuono-180x180.jpg 180w, https:\/\/stage.annamariamartinolli.it\/wp-content\/uploads\/2020\/07\/ManuelaBuono-300x300.jpg 300w, https:\/\/stage.annamariamartinolli.it\/wp-content\/uploads\/2020\/07\/ManuelaBuono-100x100.jpg 100w, https:\/\/stage.annamariamartinolli.it\/wp-content\/uploads\/2020\/07\/ManuelaBuono-80x80.jpg 80w, https:\/\/stage.annamariamartinolli.it\/wp-content\/uploads\/2020\/07\/ManuelaBuono-36x36.jpg 36w, https:\/\/stage.annamariamartinolli.it\/wp-content\/uploads\/2020\/07\/ManuelaBuono.jpg 586w\" sizes=\"(max-width: 180px) 100vw, 180px\" \/><\/div><div class='avia-testimonial-content '><div class='avia-testimonial-markup-entry-content'  itemprop=\"text\" ><p>A menudo recurrimos a Annamaria para la traducci\u00f3n de temas y guiones de pel\u00edculas. Annamaria siempre ha traducido nuestros escritos con gran cuidado y atenci\u00f3n, manteniendo en la traducci\u00f3n la voz peculiar del texto original. Precisa y puntual, es una colaboradora fundamental para nosotros!<\/p>\n<\/div><\/div><div class=\"avia-testimonial-meta\"><div class=\"avia-testimonial-arrow-wrap\"><div class=\"avia-arrow\"><\/div><\/div><div class='avia-testimonial-meta-mini'  itemprop=\"author\" itemscope=\"itemscope\" itemtype=\"https:\/\/schema.org\/Person\" ><strong  class='avia-testimonial-name'  itemprop=\"name\" >Manuela Buono<\/strong><span  class='avia-testimonial-subtitle '  itemprop=\"jobTitle\" >Director ejecutivo<\/span><span class='hidden avia-testimonial-markup-link'  itemprop=\"url\" >https:\/\/www.slingshotfilms.it\/<\/span><span class=\"avia-testimonial-subtitle-sep\">&ndash;<\/span><a class='avia-testimonial-link' href='https:\/\/www.slingshotfilms.it\/' target=\"_blank\" rel=\"noopener noreferrer\">Slingshot Films<\/a><\/div><\/div><\/div><\/div>\n<div class='avia-testimonial av-9fv5ns-1c35b15d5df4d1977d17341e599596ba avia-testimonial-row-1 avia-last-testimonial flex_column no_margin av_one_half'><div class='avia-testimonial_inner'  itemscope=\"itemscope\" itemtype=\"https:\/\/schema.org\/CreativeWork\" ><div class='avia-testimonial-image'  itemprop=\"image\" ><img decoding=\"async\" width=\"180\" height=\"180\" src=\"https:\/\/stage.annamariamartinolli.it\/wp-content\/uploads\/2020\/07\/Tesionline-180x180.png\" class=\"attachment-square size-square\" alt=\"\" srcset=\"https:\/\/stage.annamariamartinolli.it\/wp-content\/uploads\/2020\/07\/Tesionline-180x180.png 180w, https:\/\/stage.annamariamartinolli.it\/wp-content\/uploads\/2020\/07\/Tesionline-100x100.png 100w, https:\/\/stage.annamariamartinolli.it\/wp-content\/uploads\/2020\/07\/Tesionline-80x80.png 80w, https:\/\/stage.annamariamartinolli.it\/wp-content\/uploads\/2020\/07\/Tesionline-36x36.png 36w, https:\/\/stage.annamariamartinolli.it\/wp-content\/uploads\/2020\/07\/Tesionline.png 225w\" sizes=\"(max-width: 180px) 100vw, 180px\" \/><\/div><div class='avia-testimonial-content '><div class='avia-testimonial-markup-entry-content'  itemprop=\"text\" ><p>La Sra. Annamaria Martinolli ha traducido varias tesis publicadas en nuestra p\u00e1gina web de Humanidades, del espa\u00f1ol al italiano, del franc\u00e9s al italiano y del ingl\u00e9s al italiano, trabajando con puntualidad y precisi\u00f3n. <a href=\"https:\/\/www.tesionline.it\/tesi\/autore\/Annamaria-Martinolli\/22080\" target=\"_blank\" rel=\"noopener noreferrer\">Aqu\u00ed<\/a> puede encontrar una lista de las tesis traducidas por la Sra. Annamaria Martinolli.<\/p>\n<\/div><\/div><div class=\"avia-testimonial-meta\"><div class=\"avia-testimonial-arrow-wrap\"><div class=\"avia-arrow\"><\/div><\/div><div class='avia-testimonial-meta-mini'  itemprop=\"author\" itemscope=\"itemscope\" itemtype=\"https:\/\/schema.org\/Person\" ><strong  class='avia-testimonial-name'  itemprop=\"name\" >Tesionline<\/strong><span  class='avia-testimonial-subtitle '  itemprop=\"jobTitle\" >Redactor jefe<\/span><span class='hidden avia-testimonial-markup-link'  itemprop=\"url\" >https:\/\/www.tesionline.it\/<\/span><span class=\"avia-testimonial-subtitle-sep\">&ndash;<\/span><a class='avia-testimonial-link' href='https:\/\/www.tesionline.it\/' target=\"_blank\" rel=\"noopener noreferrer\">Tesionline<\/a><\/div><\/div><\/div><\/div><\/section>\n<section class=\"avia-testimonial-row\"><div class='avia-testimonial av-7wheyw-388d3cde693c6ff107c1bfec0b2c4e31 avia-testimonial-row-2 avia-first-testimonial flex_column no_margin av_one_half'><div class='avia-testimonial_inner'  itemscope=\"itemscope\" itemtype=\"https:\/\/schema.org\/CreativeWork\" ><div class='avia-testimonial-image'  itemprop=\"image\" ><img decoding=\"async\" width=\"180\" height=\"180\" src=\"https:\/\/stage.annamariamartinolli.it\/wp-content\/uploads\/2020\/07\/EnricoBaravoglia-1-180x180.jpg\" class=\"attachment-square size-square\" alt=\"\" srcset=\"https:\/\/stage.annamariamartinolli.it\/wp-content\/uploads\/2020\/07\/EnricoBaravoglia-1-180x180.jpg 180w, https:\/\/stage.annamariamartinolli.it\/wp-content\/uploads\/2020\/07\/EnricoBaravoglia-1-300x300.jpg 300w, https:\/\/stage.annamariamartinolli.it\/wp-content\/uploads\/2020\/07\/EnricoBaravoglia-1-100x100.jpg 100w, https:\/\/stage.annamariamartinolli.it\/wp-content\/uploads\/2020\/07\/EnricoBaravoglia-1-600x603.jpg 600w, https:\/\/stage.annamariamartinolli.it\/wp-content\/uploads\/2020\/07\/EnricoBaravoglia-1-80x80.jpg 80w, https:\/\/stage.annamariamartinolli.it\/wp-content\/uploads\/2020\/07\/EnricoBaravoglia-1-36x36.jpg 36w, https:\/\/stage.annamariamartinolli.it\/wp-content\/uploads\/2020\/07\/EnricoBaravoglia-1.jpg 623w\" sizes=\"(max-width: 180px) 100vw, 180px\" \/><\/div><div class='avia-testimonial-content '><div class='avia-testimonial-markup-entry-content'  itemprop=\"text\" ><p>Adem\u00e1s de ser la mejor redactora jefa que ha tenido la revista en sus m\u00e1s de veinte a\u00f1os de existencia, Annamaria ha traducido innumerables art\u00edculos que hemos publicado tambi\u00e9n en italiano, aportando as\u00ed nuevas -y m\u00e1s valiosas- contribuciones editoriales al proyecto que Fucine Mute representa, desde su fundaci\u00f3n y sobre la misma base estatutaria: la promoci\u00f3n y difusi\u00f3n de la cultura, en sentido amplio.<\/p>\n<\/div><\/div><div class=\"avia-testimonial-meta\"><div class=\"avia-testimonial-arrow-wrap\"><div class=\"avia-arrow\"><\/div><\/div><div class='avia-testimonial-meta-mini'  itemprop=\"author\" itemscope=\"itemscope\" itemtype=\"https:\/\/schema.org\/Person\" ><strong  class='avia-testimonial-name'  itemprop=\"name\" >Enrico Baravoglia<\/strong><span  class='avia-testimonial-subtitle '  itemprop=\"jobTitle\" >Director encargado<\/span><span class='hidden avia-testimonial-markup-link'  itemprop=\"url\" >https:\/\/www.fucinemute.it\/<\/span><span class=\"avia-testimonial-subtitle-sep\">&ndash;<\/span><a class='avia-testimonial-link' href='https:\/\/www.fucinemute.it\/' target=\"_blank\" rel=\"noopener noreferrer\">Fucine Mute<\/a><\/div><\/div><\/div><\/div>\n<div class='avia-testimonial av-5bp820-683cf6c0f19d7387535190686f463cfd avia-testimonial-row-2 avia-last-testimonial flex_column no_margin av_one_half'><div class='avia-testimonial_inner'  itemscope=\"itemscope\" itemtype=\"https:\/\/schema.org\/CreativeWork\" ><div class='avia-testimonial-image'  itemprop=\"image\" ><img decoding=\"async\" width=\"180\" height=\"180\" src=\"https:\/\/stage.annamariamartinolli.it\/wp-content\/uploads\/2020\/07\/SerenaSmeragliuolo-180x180.jpg\" class=\"attachment-square size-square\" alt=\"\" srcset=\"https:\/\/stage.annamariamartinolli.it\/wp-content\/uploads\/2020\/07\/SerenaSmeragliuolo-180x180.jpg 180w, https:\/\/stage.annamariamartinolli.it\/wp-content\/uploads\/2020\/07\/SerenaSmeragliuolo-300x300.jpg 300w, https:\/\/stage.annamariamartinolli.it\/wp-content\/uploads\/2020\/07\/SerenaSmeragliuolo-100x100.jpg 100w, https:\/\/stage.annamariamartinolli.it\/wp-content\/uploads\/2020\/07\/SerenaSmeragliuolo-80x80.jpg 80w, https:\/\/stage.annamariamartinolli.it\/wp-content\/uploads\/2020\/07\/SerenaSmeragliuolo-36x36.jpg 36w\" sizes=\"(max-width: 180px) 100vw, 180px\" \/><\/div><div class='avia-testimonial-content '><div class='avia-testimonial-markup-entry-content'  itemprop=\"text\" ><p>Annamaria es la persona de contacto de nuestra empresa para las traducciones a idiomas extranjeros y las revisiones de textos en otros idiomas. No es f\u00e1cil manejar documentos t\u00e9cnicos como los que se manejan en nuestra empresa, y de los cuales s\u00f3lo los especialistas captan el significado. Sin embargo, viendo la calidad de los trabajos realizados y los resultados obtenidos con ellos, estamos ahora seguros de que Annamaria conoce nuestro oficio incluso mejor que nosotros mismos.<\/p>\n<\/div><\/div><div class=\"avia-testimonial-meta\"><div class=\"avia-testimonial-arrow-wrap\"><div class=\"avia-arrow\"><\/div><\/div><div class='avia-testimonial-meta-mini'  itemprop=\"author\" itemscope=\"itemscope\" itemtype=\"https:\/\/schema.org\/Person\" ><strong  class='avia-testimonial-name'  itemprop=\"name\" >Serena Smeragliuolo<\/strong><span  class='avia-testimonial-subtitle '  itemprop=\"jobTitle\" >Socio fundador<\/span><span class='hidden avia-testimonial-markup-link'  itemprop=\"url\" >https:\/\/www.fucine.it\/<\/span><span class=\"avia-testimonial-subtitle-sep\">&ndash;<\/span><a class='avia-testimonial-link' href='https:\/\/www.fucine.it\/' target=\"_blank\" rel=\"noopener noreferrer\">Fucine Snc<\/a><\/div><\/div><\/div><\/div><\/section>\n<section class=\"avia-testimonial-row\"><div class='avia-testimonial av-4r7p4o-ba03bbcff269f8bf8a79e972b5830880 avia-testimonial-row-3 avia-first-testimonial flex_column no_margin av_one_half'><div class='avia-testimonial_inner'  itemscope=\"itemscope\" itemtype=\"https:\/\/schema.org\/CreativeWork\" ><div class='avia-testimonial-image'  itemprop=\"image\" ><img decoding=\"async\" width=\"109\" height=\"117\" src=\"https:\/\/stage.annamariamartinolli.it\/wp-content\/uploads\/2020\/07\/SantiagoAguadedLandero.jpg\" class=\"attachment-square size-square\" alt=\"\" \/><\/div><div class='avia-testimonial-content '><div class='avia-testimonial-markup-entry-content'  itemprop=\"text\" ><p>Creo que Annamaria ha hecho un gran trabajo pues traducir poes\u00eda es dificil.<\/p>\n<\/div><\/div><div class=\"avia-testimonial-meta\"><div class=\"avia-testimonial-arrow-wrap\"><div class=\"avia-arrow\"><\/div><\/div><div class='avia-testimonial-meta-mini'  itemprop=\"author\" itemscope=\"itemscope\" itemtype=\"https:\/\/schema.org\/Person\" ><strong  class='avia-testimonial-name'  itemprop=\"name\" >Santiago Aguaded Landero<\/strong><span  class='avia-testimonial-subtitle '  itemprop=\"jobTitle\" >Profesor<\/span><span class='hidden avia-testimonial-markup-link'  itemprop=\"url\" >http:\/\/www.uhu.es\/index.php<\/span><span class=\"avia-testimonial-subtitle-sep\">&ndash;<\/span><a class='avia-testimonial-link' href='http:\/\/www.uhu.es\/index.php' target=\"_blank\" rel=\"noopener noreferrer\">Universidad de Huelva<\/a><\/div><\/div><\/div><\/div>\n<div class='avia-testimonial av-28rqmg-6b548d406c4d93a9a619e2f68ad56f71 avia-testimonial-row-3 avia-last-testimonial flex_column no_margin av_one_half'><div class='avia-testimonial_inner'  itemscope=\"itemscope\" itemtype=\"https:\/\/schema.org\/CreativeWork\" ><div class='avia-testimonial-image'  itemprop=\"image\" ><img decoding=\"async\" width=\"180\" height=\"180\" src=\"https:\/\/stage.annamariamartinolli.it\/wp-content\/uploads\/2020\/07\/AmnestyInternationalItalia-180x180.jpg\" class=\"attachment-square size-square\" alt=\"\" srcset=\"https:\/\/stage.annamariamartinolli.it\/wp-content\/uploads\/2020\/07\/AmnestyInternationalItalia-180x180.jpg 180w, https:\/\/stage.annamariamartinolli.it\/wp-content\/uploads\/2020\/07\/AmnestyInternationalItalia-300x300.jpg 300w, https:\/\/stage.annamariamartinolli.it\/wp-content\/uploads\/2020\/07\/AmnestyInternationalItalia-100x100.jpg 100w, https:\/\/stage.annamariamartinolli.it\/wp-content\/uploads\/2020\/07\/AmnestyInternationalItalia-80x80.jpg 80w, https:\/\/stage.annamariamartinolli.it\/wp-content\/uploads\/2020\/07\/AmnestyInternationalItalia-36x36.jpg 36w, https:\/\/stage.annamariamartinolli.it\/wp-content\/uploads\/2020\/07\/AmnestyInternationalItalia.jpg 350w\" sizes=\"(max-width: 180px) 100vw, 180px\" \/><\/div><div class='avia-testimonial-content '><div class='avia-testimonial-markup-entry-content'  itemprop=\"text\" ><p>Maneja el texto con cierta facilidad y aprende r\u00e1pidamente (el texto mejora p\u00e1gina tras p\u00e1gina).<\/p>\n<\/div><\/div><div class=\"avia-testimonial-meta\"><div class=\"avia-testimonial-arrow-wrap\"><div class=\"avia-arrow\"><\/div><\/div><div class='avia-testimonial-meta-mini'  itemprop=\"author\" itemscope=\"itemscope\" itemtype=\"https:\/\/schema.org\/Person\" ><strong  class='avia-testimonial-name'  itemprop=\"name\" >Amnesty International Italia<\/strong><span  class='avia-testimonial-subtitle '  itemprop=\"jobTitle\" >Oficina de traducci\u00f3n<\/span><span class='hidden avia-testimonial-markup-link'  itemprop=\"url\" >https:\/\/www.amnesty.it\/<\/span><span class=\"avia-testimonial-subtitle-sep\">&ndash;<\/span><a class='avia-testimonial-link' href='https:\/\/www.amnesty.it\/' target=\"_blank\" rel=\"noopener noreferrer\">Amnesty International Italia<\/a><\/div><\/div><\/div><\/div><\/section>\n<\/div><\/p><\/div>\n<style type=\"text\/css\" data-created_by=\"avia_inline_auto\" id=\"style-css-av-3mthk-b0ba06c7ed37fda07c62a48a6581d11f\">\n#top .flex_column_table.av-equal-height-column-flextable.av-3mthk-b0ba06c7ed37fda07c62a48a6581d11f{\nmargin-top:-60px;\nmargin-bottom:-60px;\n}\n.flex_column.av-3mthk-b0ba06c7ed37fda07c62a48a6581d11f{\nborder-radius:0px 0px 0px 0px;\npadding:30px 30px 30px 30px;\nbackground-color:#f0f0f0;\n}\n<\/style>\n<div  class='flex_column av-3mthk-b0ba06c7ed37fda07c62a48a6581d11f av_one_third  avia-builder-el-7  el_after_av_two_third  avia-builder-el-last  no_margin flex_column_table_cell av-equal-height-column av-align-top  '     ><div  class='avia-builder-widget-area clearfix  avia-builder-el-8  avia-builder-el-no-sibling '><section id=\"nav_menu-13\" class=\"widget clearfix widget_nav_menu\"><h3 class=\"widgettitle\">Identidad<\/h3><div class=\"menu-identidad-container\"><ul id=\"menu-identidad\" class=\"menu\"><li id=\"menu-item-4091\" class=\"menu-item menu-item-type-post_type menu-item-object-page menu-item-4091\"><a href=\"https:\/\/stage.annamariamartinolli.it\/es\/identidad\/quien-soy\/\">\u00bfQui\u00e9n soy?<\/a><\/li>\n<li id=\"menu-item-4092\" class=\"menu-item menu-item-type-post_type menu-item-object-page menu-item-4092\"><a href=\"https:\/\/stage.annamariamartinolli.it\/es\/identidad\/curriculum-vitae\/\">Curriculum Vitae<\/a><\/li>\n<li id=\"menu-item-4093\" class=\"menu-item menu-item-type-post_type menu-item-object-page menu-item-4093\"><a href=\"https:\/\/stage.annamariamartinolli.it\/es\/identidad\/cualificaciones\/\">Cualificaciones<\/a><\/li>\n<li id=\"menu-item-4094\" class=\"menu-item menu-item-type-post_type menu-item-object-page menu-item-4094\"><a href=\"https:\/\/stage.annamariamartinolli.it\/es\/identidad\/referencias\/\">Referencias<\/a><\/li>\n<\/ul><\/div><span class=\"seperator extralight-border\"><\/span><\/section><\/div><\/div><\/div><!--close column table wrapper. Autoclose: 1 -->\n<\/div><\/div><\/div><!-- close content main div --><\/div><\/div><div id='after_section_2'  class='main_color av_default_container_wrap container_wrap sidebar_right'  ><div class='container av-section-cont-open' ><div class='template-page content  av-content-small alpha units'><div class='post-entry post-entry-type-page post-entry-3496'><div class='entry-content-wrapper clearfix'>\n","protected":false},"excerpt":{"rendered":"","protected":false},"author":1,"featured_media":0,"parent":1311,"menu_order":0,"comment_status":"open","ping_status":"closed","template":"","meta":{"footnotes":""},"class_list":["post-3496","page","type-page","status-publish","hentry"],"_links":{"self":[{"href":"https:\/\/stage.annamariamartinolli.it\/es\/wp-json\/wp\/v2\/pages\/3496","targetHints":{"allow":["GET"]}}],"collection":[{"href":"https:\/\/stage.annamariamartinolli.it\/es\/wp-json\/wp\/v2\/pages"}],"about":[{"href":"https:\/\/stage.annamariamartinolli.it\/es\/wp-json\/wp\/v2\/types\/page"}],"author":[{"embeddable":true,"href":"https:\/\/stage.annamariamartinolli.it\/es\/wp-json\/wp\/v2\/users\/1"}],"replies":[{"embeddable":true,"href":"https:\/\/stage.annamariamartinolli.it\/es\/wp-json\/wp\/v2\/comments?post=3496"}],"version-history":[{"count":0,"href":"https:\/\/stage.annamariamartinolli.it\/es\/wp-json\/wp\/v2\/pages\/3496\/revisions"}],"up":[{"embeddable":true,"href":"https:\/\/stage.annamariamartinolli.it\/es\/wp-json\/wp\/v2\/pages\/1311"}],"wp:attachment":[{"href":"https:\/\/stage.annamariamartinolli.it\/es\/wp-json\/wp\/v2\/media?parent=3496"}],"curies":[{"name":"wp","href":"https:\/\/api.w.org\/{rel}","templated":true}]}}