{"id":3418,"date":"2020-07-03T12:18:30","date_gmt":"2020-07-03T10:18:30","guid":{"rendered":"http:\/\/stage.annamariamartinolli.it\/?page_id=3418"},"modified":"2020-08-10T17:54:50","modified_gmt":"2020-08-10T15:54:50","slug":"cualificaciones","status":"publish","type":"page","link":"https:\/\/stage.annamariamartinolli.it\/es\/identidad\/cualificaciones\/","title":{"rendered":"Cualificaciones"},"content":{"rendered":"\n<style type=\"text\/css\" data-created_by=\"avia_inline_auto\" id=\"style-css-av-2sv2nm-eda4604903014f18140a3273d2ffcee5\">\n.avia-section.av-2sv2nm-eda4604903014f18140a3273d2ffcee5 .av-parallax .av-parallax-inner{\nbackground-repeat:no-repeat;\nbackground-image:url(https:\/\/stage.annamariamartinolli.it\/wp-content\/uploads\/2020\/08\/ik-sfondo-2.jpeg);\nbackground-position:50% 50%;\nbackground-attachment:scroll;\n}\n.avia-section.av-2sv2nm-eda4604903014f18140a3273d2ffcee5 .av-section-color-overlay{\nopacity:0.2;\nbackground-color:#000000;\n}\n<\/style>\n<div id='av_section_1'  class='avia-section av-2sv2nm-eda4604903014f18140a3273d2ffcee5 main_color avia-section-large avia-no-shadow  avia-builder-el-0  el_before_av_section  avia-builder-el-first  avia-full-stretch av-parallax-section avia-bg-style-parallax av-section-color-overlay-active container_wrap sidebar_right'  data-section-bg-repeat='stretch'><div class='av-parallax' data-avia-parallax-ratio='0.3' ><div class='av-parallax-inner main_color avia-full-stretch'><\/div><\/div><div class=\"av-section-color-overlay-wrap\"><div class=\"av-section-color-overlay\"><\/div><div class='container av-section-cont-open' ><main  role=\"main\" itemprop=\"mainContentOfPage\"  class='template-page content  av-content-small alpha units'><div class='post-entry post-entry-type-page post-entry-3418'><div class='entry-content-wrapper clearfix'>\n\n<style type=\"text\/css\" data-created_by=\"avia_inline_auto\" id=\"style-css-av-kc62f3y1-98234bc823e5ca722fea0b11fb23090e\">\n#top .av-special-heading.av-kc62f3y1-98234bc823e5ca722fea0b11fb23090e{\npadding-bottom:0;\ncolor:#ffffff;\nfont-size:50px;\n}\nbody .av-special-heading.av-kc62f3y1-98234bc823e5ca722fea0b11fb23090e .av-special-heading-tag .heading-char{\nfont-size:25px;\n}\n#top #wrap_all .av-special-heading.av-kc62f3y1-98234bc823e5ca722fea0b11fb23090e .av-special-heading-tag{\nfont-size:50px;\n}\n.av-special-heading.av-kc62f3y1-98234bc823e5ca722fea0b11fb23090e .special-heading-inner-border{\nborder-color:#ffffff;\n}\n.av-special-heading.av-kc62f3y1-98234bc823e5ca722fea0b11fb23090e .av-subheading{\nfont-size:15px;\n}\n\n@media only screen and (min-width: 480px) and (max-width: 767px){ \n#top #wrap_all .av-special-heading.av-kc62f3y1-98234bc823e5ca722fea0b11fb23090e .av-special-heading-tag{\nfont-size:0.8em;\n}\n}\n\n@media only screen and (max-width: 479px){ \n#top #wrap_all .av-special-heading.av-kc62f3y1-98234bc823e5ca722fea0b11fb23090e .av-special-heading-tag{\nfont-size:0.8em;\n}\n}\n<\/style>\n<div  class='av-special-heading av-kc62f3y1-98234bc823e5ca722fea0b11fb23090e av-special-heading-h3 custom-color-heading blockquote modern-quote modern-centered  avia-builder-el-1  el_before_av_hr  avia-builder-el-first  av-inherit-size'><h3 class='av-special-heading-tag '  itemprop=\"headline\"  >Cualificaciones<\/h3><div class='av_custom_color av-subheading av-subheading_below'><p>Formaci\u00f3n | Premios | Profesionalidad | T\u00edtulos<\/p>\n<\/div><div class=\"special-heading-border\"><div class=\"special-heading-inner-border\"><\/div><\/div><\/div>\n\n<style type=\"text\/css\" data-created_by=\"avia_inline_auto\" id=\"style-css-av-2gkjbu-ea6af217d603d5b1aa49cdc2b754df17\">\n#top .hr.av-2gkjbu-ea6af217d603d5b1aa49cdc2b754df17{\nmargin-top:30px;\nmargin-bottom:30px;\n}\n.hr.av-2gkjbu-ea6af217d603d5b1aa49cdc2b754df17 .hr-inner{\nwidth:20%;\nborder-color:rgba(255,255,255,0.76);\nmax-width:45%;\n}\n.hr.av-2gkjbu-ea6af217d603d5b1aa49cdc2b754df17 .av-seperator-icon{\ncolor:#ffffff;\n}\n.hr.av-2gkjbu-ea6af217d603d5b1aa49cdc2b754df17 .av-seperator-icon.avia-svg-icon svg:first-child{\nfill:#ffffff;\nstroke:#ffffff;\n}\n<\/style>\n<div  class='hr av-2gkjbu-ea6af217d603d5b1aa49cdc2b754df17 hr-custom  avia-builder-el-2  el_after_av_heading  avia-builder-el-last  hr-center hr-icon-yes'><span class='hr-inner inner-border-av-border-thin'><span class=\"hr-inner-style\"><\/span><\/span><span class='av-seperator-icon avia-iconfont avia-font-entypo-fontello' data-av_icon='\ue8bf' data-av_iconfont='entypo-fontello' ><\/span><span class='hr-inner inner-border-av-border-thin'><span class=\"hr-inner-style\"><\/span><\/span><\/div>\n\n<\/div><\/div><\/main><!-- close content main element --><\/div><\/div><\/div><div id='av_section_2'  class='avia-section av-28lirm-7d2a9d66191dc5bda990e1b0fcbb0b4c main_color avia-section-small avia-no-border-styling  avia-builder-el-3  el_after_av_section  avia-builder-el-last  avia-bg-style-fixed container_wrap sidebar_right'  ><div class='container av-section-cont-open' ><div class='template-page content  av-content-small alpha units'><div class='post-entry post-entry-type-page post-entry-3418'><div class='entry-content-wrapper clearfix'>\n<div class='flex_column_table av-247kt6-2b0fcb55fc9eb9f1eac37eb445064849 sc-av_two_third av-equal-height-column-flextable'>\n<style type=\"text\/css\" data-created_by=\"avia_inline_auto\" id=\"style-css-av-247kt6-2b0fcb55fc9eb9f1eac37eb445064849\">\n#top .flex_column_table.av-equal-height-column-flextable.av-247kt6-2b0fcb55fc9eb9f1eac37eb445064849{\nmargin-top:-60px;\nmargin-bottom:-60px;\n}\n.flex_column.av-247kt6-2b0fcb55fc9eb9f1eac37eb445064849{\nborder-radius:0px 0px 0px 0px;\npadding:30px 30px 30px 30px;\nbackground-color:#ffffff;\n}\n<\/style>\n<div  class='flex_column av-247kt6-2b0fcb55fc9eb9f1eac37eb445064849 av_two_third  avia-builder-el-4  el_before_av_one_third  avia-builder-el-first  first no_margin flex_column_table_cell av-equal-height-column av-align-top  '     ><p><div  id=\"av-sc-portfolio-1\"  class=\"av-portfolio-grid-sorting-container\"><div class='sort_width_container  av-sort-yes' data-portfolio-id='1' ><div id='js_sort_items' ><div class='sort_by_cat '><a href=\"#\" data-filter=\"all_sort\" class=\"all_sort_button active_sort\"><span class=\"inner_sort_button\"><span>Todo<\/span><small class=\"av-cat-count\"> 9 <\/small><\/span><\/a><span class=\"text-sep formacion_sort_sep\">\/<\/span><a href=\"#\" data-filter=\"formacion_sort\" class=\"formacion_sort_button\" ><span class=\"inner_sort_button\"><span>Formaci\u00f3n<\/span><small class=\"av-cat-count\"> 3 <\/small><\/span><\/a><span class=\"text-sep premios_sort_sep\">\/<\/span><a href=\"#\" data-filter=\"premios_sort\" class=\"premios_sort_button\" ><span class=\"inner_sort_button\"><span>Premios<\/span><small class=\"av-cat-count\"> 2 <\/small><\/span><\/a><span class=\"text-sep profesionalidad_sort_sep\">\/<\/span><a href=\"#\" data-filter=\"profesionalidad_sort\" class=\"profesionalidad_sort_button\" ><span class=\"inner_sort_button\"><span>Profesionalidad<\/span><small class=\"av-cat-count\"> 5 <\/small><\/span><\/a><span class=\"text-sep titulos_sort_sep\">\/<\/span><a href=\"#\" data-filter=\"titulos_sort\" class=\"titulos_sort_button\" ><span class=\"inner_sort_button\"><span>T\u00edtulos<\/span><small class=\"av-cat-count\"> 2 <\/small><\/span><\/a><\/div><\/div><\/div><div class='portfolio_preview_container ' data-portfolio-id='1'><div class='ajax_controlls iconfont'><a href='#prev' class='ajax_previous avia-svg-icon avia-font-svg_entypo-fontello' data-av_svg_icon='left-open-mini' data-av_iconset='svg_entypo-fontello'><svg version=\"1.1\" xmlns=\"http:\/\/www.w3.org\/2000\/svg\" width=\"8\" height=\"32\" viewBox=\"0 0 8 32\" preserveAspectRatio=\"xMidYMid meet\" role=\"graphics-symbol\" aria-hidden=\"true\">\n<path d=\"M8.064 21.44q0.832 0.832 0 1.536-0.832 0.832-1.536 0l-6.144-6.208q-0.768-0.768 0-1.6l6.144-6.208q0.704-0.832 1.536 0 0.832 0.704 0 1.536l-4.992 5.504z\"><\/path>\n<\/svg><\/a><a href='#next' class='ajax_next avia-svg-icon avia-font-svg_entypo-fontello' data-av_svg_icon='right-open-mini' data-av_iconset='svg_entypo-fontello'><svg version=\"1.1\" xmlns=\"http:\/\/www.w3.org\/2000\/svg\" width=\"8\" height=\"32\" viewBox=\"0 0 8 32\" preserveAspectRatio=\"xMidYMid meet\" role=\"graphics-symbol\" aria-hidden=\"true\">\n<path d=\"M0.416 21.44l5.056-5.44-5.056-5.504q-0.832-0.832 0-1.536 0.832-0.832 1.536 0l6.144 6.208q0.768 0.832 0 1.6l-6.144 6.208q-0.704 0.832-1.536 0-0.832-0.704 0-1.536z\"><\/path>\n<\/svg><\/a><a href='#close' class='avia_close avia-svg-icon avia-font-svg_entypo-fontello' data-av_svg_icon='cancel-circled' data-av_iconset='svg_entypo-fontello'><svg version=\"1.1\" xmlns=\"http:\/\/www.w3.org\/2000\/svg\" width=\"27\" height=\"32\" viewBox=\"0 0 27 32\" preserveAspectRatio=\"xMidYMid meet\" role=\"graphics-symbol\" aria-hidden=\"true\">\n<path d=\"M13.44 2.56q5.568 0 9.504 3.936t3.936 9.504-3.936 9.504-9.504 3.936-9.504-3.936-3.936-9.504 3.936-9.504 9.504-3.936zM16.192 16l4.928-4.928-2.752-2.752-4.928 4.864-4.864-4.864-2.816 2.752 4.928 4.928-4.928 4.864 2.816 2.752 4.864-4.864 4.928 4.864 2.752-2.752z\"><\/path>\n<\/svg><\/a><\/div><div class=\"portfolio-details-inner\"><\/div><\/div><div  class=' grid-sort-container isotope   no_margin-container with-excerpt-container grid-total-odd grid-col-3 grid-links-ajax' data-portfolio-id='1'><div data-ajax-id='3358' class=' grid-entry flex_column isotope-item all_sort no_margin post-entry post-entry-3358 grid-entry-overview grid-loop-1 grid-parity-odd  profesionalidad_sort  av_one_third first default_av_fullwidth '><article class='main_color inner-entry'  itemscope=\"itemscope\" itemtype=\"https:\/\/schema.org\/CreativeWork\" ><a href=\"https:\/\/stage.annamariamartinolli.it\/es\/portfolio-articoli\/certificacion-de-frances-proz\/\" title='CERTIFICACI\u00d3N DE FRANC\u00c9S PROZ'  data-rel='grid-1' class='grid-image avia-hover-fx'> <img decoding=\"async\" fetchpriority=\"high\" width=\"495\" height=\"400\" src=\"https:\/\/stage.annamariamartinolli.it\/wp-content\/uploads\/2020\/07\/certificatofrancesesitotraduttoripro-495x400.jpg\" class=\"wp-image-3122 avia-img-lazy-loading-not-3122 attachment-portfolio size-portfolio wp-post-image\" alt=\"Certificato Francese sito traduttori Pro\" \/><\/a><div class='grid-content'><div class='avia-arrow'><\/div><header class=\"entry-content-header\" aria-label=\"Portfolio: CERTIFICACI\u00d3N DE FRANC\u00c9S PROZ\"><h3 class='grid-entry-title entry-title '  itemprop=\"headline\" ><a href='https:\/\/stage.annamariamartinolli.it\/es\/portfolio-articoli\/certificacion-de-frances-proz\/' title='CERTIFICACI\u00d3N DE FRANC\u00c9S PROZ'>CERTIFICACI\u00d3N DE FRANC\u00c9S PROZ<\/a><\/h3><\/header><\/div><footer class=\"entry-footer\"><\/footer><\/article><\/div><div data-ajax-id='3360' class=' grid-entry flex_column isotope-item all_sort no_margin post-entry post-entry-3360 grid-entry-overview grid-loop-2 grid-parity-even  profesionalidad_sort  av_one_third  default_av_fullwidth '><article class='main_color inner-entry'  itemscope=\"itemscope\" itemtype=\"https:\/\/schema.org\/CreativeWork\" ><a href=\"https:\/\/stage.annamariamartinolli.it\/es\/portfolio-articoli\/certificacion-de-ingles-proz\/\" title='CERTIFICACI\u00d3N DE INGL\u00c9S PROZ'  data-rel='grid-1' class='grid-image avia-hover-fx'> <img decoding=\"async\" fetchpriority=\"high\" width=\"495\" height=\"400\" src=\"https:\/\/stage.annamariamartinolli.it\/wp-content\/uploads\/2020\/07\/certificatoinglesesitotraduttoripro-495x400.jpg\" class=\"wp-image-3129 avia-img-lazy-loading-not-3129 attachment-portfolio size-portfolio wp-post-image\" alt=\"Certificato inglese sito traduttori Pro\" \/><\/a><div class='grid-content'><div class='avia-arrow'><\/div><header class=\"entry-content-header\" aria-label=\"Portfolio: CERTIFICACI\u00d3N DE INGL\u00c9S PROZ\"><h3 class='grid-entry-title entry-title '  itemprop=\"headline\" ><a href='https:\/\/stage.annamariamartinolli.it\/es\/portfolio-articoli\/certificacion-de-ingles-proz\/' title='CERTIFICACI\u00d3N DE INGL\u00c9S PROZ'>CERTIFICACI\u00d3N DE INGL\u00c9S PROZ<\/a><\/h3><\/header><\/div><footer class=\"entry-footer\"><\/footer><\/article><\/div><div data-ajax-id='3356' class=' grid-entry flex_column isotope-item all_sort no_margin post-entry post-entry-3356 grid-entry-overview grid-loop-3 grid-parity-odd  premios_sort  av_one_third  default_av_fullwidth '><article class='main_color inner-entry'  itemscope=\"itemscope\" itemtype=\"https:\/\/schema.org\/CreativeWork\" ><a href=\"https:\/\/stage.annamariamartinolli.it\/es\/portfolio-articoli\/competicion-de-traduccion\/\" title='COMPETICI\u00d3N DE TRADUCCI\u00d3N'  data-rel='grid-1' class='grid-image avia-hover-fx'> <img decoding=\"async\" fetchpriority=\"high\" width=\"495\" height=\"400\" src=\"https:\/\/stage.annamariamartinolli.it\/wp-content\/uploads\/2020\/07\/certificatocontestvinto-495x400.jpeg\" class=\"wp-image-3115 avia-img-lazy-loading-not-3115 attachment-portfolio size-portfolio wp-post-image\" alt=\"Certificato contest vinto\" \/><\/a><div class='grid-content'><div class='avia-arrow'><\/div><header class=\"entry-content-header\" aria-label=\"Portfolio: COMPETICI\u00d3N DE TRADUCCI\u00d3N\"><h3 class='grid-entry-title entry-title '  itemprop=\"headline\" ><a href='https:\/\/stage.annamariamartinolli.it\/es\/portfolio-articoli\/competicion-de-traduccion\/' title='COMPETICI\u00d3N DE TRADUCCI\u00d3N'>COMPETICI\u00d3N DE TRADUCCI\u00d3N<\/a><\/h3><\/header><\/div><footer class=\"entry-footer\"><\/footer><\/article><\/div><div data-ajax-id='3350' class=' grid-entry flex_column isotope-item all_sort no_margin post-entry post-entry-3350 grid-entry-overview grid-loop-4 grid-parity-even  formacion_sort profesionalidad_sort  av_one_third first default_av_fullwidth '><article class='main_color inner-entry'  itemscope=\"itemscope\" itemtype=\"https:\/\/schema.org\/CreativeWork\" ><a href=\"https:\/\/stage.annamariamartinolli.it\/es\/portfolio-articoli\/dystefl2\/\" title='DysTEFL2'  data-rel='grid-1' class='grid-image avia-hover-fx'> <img decoding=\"async\" fetchpriority=\"high\" width=\"495\" height=\"400\" src=\"https:\/\/stage.annamariamartinolli.it\/wp-content\/uploads\/2020\/07\/certificatocorsodislessia2020-495x400.jpeg\" class=\"wp-image-3091 avia-img-lazy-loading-not-3091 attachment-portfolio size-portfolio wp-post-image\" alt=\"Certificato Corso Dislessia 2020\" \/><\/a><div class='grid-content'><div class='avia-arrow'><\/div><header class=\"entry-content-header\" aria-label=\"Portfolio: DysTEFL2\"><h3 class='grid-entry-title entry-title '  itemprop=\"headline\" ><a href='https:\/\/stage.annamariamartinolli.it\/es\/portfolio-articoli\/dystefl2\/' title='DysTEFL2'>DysTEFL2<\/a><\/h3><\/header><\/div><footer class=\"entry-footer\"><\/footer><\/article><\/div><div data-ajax-id='3352' class=' grid-entry flex_column isotope-item all_sort no_margin post-entry post-entry-3352 grid-entry-overview grid-loop-5 grid-parity-odd  premios_sort  av_one_third  default_av_fullwidth '><article class='main_color inner-entry'  itemscope=\"itemscope\" itemtype=\"https:\/\/schema.org\/CreativeWork\" ><a href=\"https:\/\/stage.annamariamartinolli.it\/es\/portfolio-articoli\/esol-examinations\/\" title='ESOL Examinations'  data-rel='grid-1' class='grid-image avia-hover-fx'> <img decoding=\"async\" fetchpriority=\"high\" width=\"495\" height=\"400\" src=\"https:\/\/stage.annamariamartinolli.it\/wp-content\/uploads\/2020\/07\/certificatoCLILcambridge-495x400.jpeg\" class=\"wp-image-3101 avia-img-lazy-loading-not-3101 attachment-portfolio size-portfolio wp-post-image\" alt=\"Certificato CLIL Cambridge\" \/><\/a><div class='grid-content'><div class='avia-arrow'><\/div><header class=\"entry-content-header\" aria-label=\"Portfolio: ESOL Examinations\"><h3 class='grid-entry-title entry-title '  itemprop=\"headline\" ><a href='https:\/\/stage.annamariamartinolli.it\/es\/portfolio-articoli\/esol-examinations\/' title='ESOL Examinations'>ESOL Examinations<\/a><\/h3><\/header><\/div><footer class=\"entry-footer\"><\/footer><\/article><\/div><div data-ajax-id='8924' class=' grid-entry flex_column isotope-item all_sort no_margin post-entry post-entry-8924 grid-entry-overview grid-loop-6 grid-parity-even  formacion_sort profesionalidad_sort  av_one_third  default_av_fullwidth '><article class='main_color inner-entry'  itemscope=\"itemscope\" itemtype=\"https:\/\/schema.org\/CreativeWork\" ><a href=\"https:\/\/stage.annamariamartinolli.it\/es\/portfolio-articoli\/tesol-tefl\/\" title='TESOL\/TEFL'  data-rel='grid-1' class='grid-image avia-hover-fx'> <img decoding=\"async\" fetchpriority=\"high\" width=\"495\" height=\"400\" src=\"https:\/\/stage.annamariamartinolli.it\/wp-content\/uploads\/2021\/04\/TESOF-TEFL-495x400.jpg\" class=\"wp-image-8914 avia-img-lazy-loading-not-8914 attachment-portfolio size-portfolio wp-post-image\" alt=\"TESOL\/TEFL\" srcset=\"https:\/\/stage.annamariamartinolli.it\/wp-content\/uploads\/2021\/04\/TESOF-TEFL-495x400.jpg 495w, https:\/\/stage.annamariamartinolli.it\/wp-content\/uploads\/2021\/04\/TESOF-TEFL-845x684.jpg 845w\" sizes=\"(max-width: 495px) 100vw, 495px\" \/><\/a><div class='grid-content'><div class='avia-arrow'><\/div><header class=\"entry-content-header\" aria-label=\"Portfolio: TESOL\/TEFL\"><h3 class='grid-entry-title entry-title '  itemprop=\"headline\" ><a href='https:\/\/stage.annamariamartinolli.it\/es\/portfolio-articoli\/tesol-tefl\/' title='TESOL\/TEFL'>TESOL\/TEFL<\/a><\/h3><\/header><\/div><footer class=\"entry-footer\"><\/footer><\/article><\/div><div data-ajax-id='3348' class=' grid-entry flex_column isotope-item all_sort no_margin post-entry post-entry-3348 grid-entry-overview grid-loop-7 grid-parity-odd  titulos_sort  av_one_third first default_av_fullwidth '><article class='main_color inner-entry'  itemscope=\"itemscope\" itemtype=\"https:\/\/schema.org\/CreativeWork\" ><a href=\"https:\/\/stage.annamariamartinolli.it\/es\/portfolio-articoli\/titulo-de-graduada\/\" title='T\u00edtulo de Graduada'  data-rel='grid-1' class='grid-image avia-hover-fx'> <img decoding=\"async\" fetchpriority=\"high\" width=\"495\" height=\"400\" src=\"https:\/\/stage.annamariamartinolli.it\/wp-content\/uploads\/2020\/07\/laureatradspecialistica-495x400.jpg\" class=\"wp-image-3522 avia-img-lazy-loading-not-3522 attachment-portfolio size-portfolio wp-post-image\" alt=\"Laurea Specialistica\" srcset=\"https:\/\/stage.annamariamartinolli.it\/wp-content\/uploads\/2020\/07\/laureatradspecialistica-495x400.jpg 495w, https:\/\/stage.annamariamartinolli.it\/wp-content\/uploads\/2020\/07\/laureatradspecialistica-845x684.jpg 845w\" sizes=\"(max-width: 495px) 100vw, 495px\" \/><\/a><div class='grid-content'><div class='avia-arrow'><\/div><header class=\"entry-content-header\" aria-label=\"Portfolio: T\u00edtulo de Graduada\"><h3 class='grid-entry-title entry-title '  itemprop=\"headline\" ><a href='https:\/\/stage.annamariamartinolli.it\/es\/portfolio-articoli\/titulo-de-graduada\/' title='T\u00edtulo de Graduada'>T\u00edtulo de Graduada<\/a><\/h3><\/header><\/div><footer class=\"entry-footer\"><\/footer><\/article><\/div><div data-ajax-id='3553' class=' grid-entry flex_column isotope-item all_sort no_margin post-entry post-entry-3553 grid-entry-overview grid-loop-8 grid-parity-even  titulos_sort  av_one_third  default_av_fullwidth '><article class='main_color inner-entry'  itemscope=\"itemscope\" itemtype=\"https:\/\/schema.org\/CreativeWork\" ><a href=\"https:\/\/stage.annamariamartinolli.it\/es\/portfolio-articoli\/titulo-de-licenciada\/\" title='T\u00edtulo de Licenciada'  data-rel='grid-1' class='grid-image avia-hover-fx'> <img decoding=\"async\" fetchpriority=\"high\" width=\"495\" height=\"400\" src=\"https:\/\/stage.annamariamartinolli.it\/wp-content\/uploads\/2020\/07\/laureatradeinter-495x400.jpg\" class=\"wp-image-3516 avia-img-lazy-loading-not-3516 attachment-portfolio size-portfolio wp-post-image\" alt=\"Laurea Magistrale\" srcset=\"https:\/\/stage.annamariamartinolli.it\/wp-content\/uploads\/2020\/07\/laureatradeinter-495x400.jpg 495w, https:\/\/stage.annamariamartinolli.it\/wp-content\/uploads\/2020\/07\/laureatradeinter-845x684.jpg 845w\" sizes=\"(max-width: 495px) 100vw, 495px\" \/><\/a><div class='grid-content'><div class='avia-arrow'><\/div><header class=\"entry-content-header\" aria-label=\"Portfolio: T\u00edtulo de Licenciada\"><h3 class='grid-entry-title entry-title '  itemprop=\"headline\" ><a href='https:\/\/stage.annamariamartinolli.it\/es\/portfolio-articoli\/titulo-de-licenciada\/' title='T\u00edtulo de Licenciada'>T\u00edtulo de Licenciada<\/a><\/h3><\/header><\/div><footer class=\"entry-footer\"><\/footer><\/article><\/div><div data-ajax-id='3354' class=' grid-entry flex_column isotope-item all_sort no_margin post-entry post-entry-3354 grid-entry-overview grid-loop-9 grid-parity-odd  post-entry-last  formacion_sort profesionalidad_sort  av_one_third  default_av_fullwidth '><article class='main_color inner-entry'  itemscope=\"itemscope\" itemtype=\"https:\/\/schema.org\/CreativeWork\" ><a href=\"https:\/\/stage.annamariamartinolli.it\/es\/portfolio-articoli\/tkt-clil\/\" title='TKT-CLIL'  data-rel='grid-1' class='grid-image avia-hover-fx'> <img decoding=\"async\" fetchpriority=\"high\" width=\"495\" height=\"400\" src=\"https:\/\/stage.annamariamartinolli.it\/wp-content\/uploads\/2020\/07\/certificatoCLILialfvg-495x400.jpeg\" class=\"wp-image-3108 avia-img-lazy-loading-not-3108 attachment-portfolio size-portfolio wp-post-image\" alt=\"Certificato CLIL Ial Fvg\" \/><\/a><div class='grid-content'><div class='avia-arrow'><\/div><header class=\"entry-content-header\" aria-label=\"Portfolio: TKT-CLIL\"><h3 class='grid-entry-title entry-title '  itemprop=\"headline\" ><a href='https:\/\/stage.annamariamartinolli.it\/es\/portfolio-articoli\/tkt-clil\/' title='TKT-CLIL'>TKT-CLIL<\/a><\/h3><\/header><\/div><footer class=\"entry-footer\"><\/footer><\/article><\/div><\/div><\/div>   <!--   class=\"av-portfolio-grid-sorting-container\"  --><br \/>\n\n<style type=\"text\/css\" data-created_by=\"avia_inline_auto\" id=\"style-css-av-kbqod6sw-56f30afff2a32d9f8547af72b2c5a705\">\n#top .hr.hr-invisible.av-kbqod6sw-56f30afff2a32d9f8547af72b2c5a705{\nheight:40px;\n}\n<\/style>\n<div  class='hr av-kbqod6sw-56f30afff2a32d9f8547af72b2c5a705 hr-invisible  avia-builder-el-6  el_after_av_portfolio  avia-builder-el-no-sibling '><span class='hr-inner '><span class=\"hr-inner-style\"><\/span><\/span><\/div><\/p><\/div>\n<style type=\"text\/css\" data-created_by=\"avia_inline_auto\" id=\"style-css-av-129lnm-7bad4ddeee2d678c147859c09fa1c7eb\">\n#top .flex_column_table.av-equal-height-column-flextable.av-129lnm-7bad4ddeee2d678c147859c09fa1c7eb{\nmargin-top:-60px;\nmargin-bottom:-60px;\n}\n.flex_column.av-129lnm-7bad4ddeee2d678c147859c09fa1c7eb{\nborder-radius:0px 0px 0px 0px;\npadding:30px 30px 30px 30px;\nbackground-color:#f0f0f0;\n}\n<\/style>\n<div  class='flex_column av-129lnm-7bad4ddeee2d678c147859c09fa1c7eb av_one_third  avia-builder-el-7  el_after_av_two_third  avia-builder-el-last  no_margin flex_column_table_cell av-equal-height-column av-align-top  '     ><div  class='avia-builder-widget-area clearfix  avia-builder-el-8  avia-builder-el-no-sibling '><section id=\"nav_menu-13\" class=\"widget clearfix widget_nav_menu\"><h3 class=\"widgettitle\">Identidad<\/h3><div class=\"menu-identidad-container\"><ul id=\"menu-identidad\" class=\"menu\"><li id=\"menu-item-4091\" class=\"menu-item menu-item-type-post_type menu-item-object-page menu-item-4091\"><a href=\"https:\/\/stage.annamariamartinolli.it\/es\/identidad\/quien-soy\/\">\u00bfQui\u00e9n soy?<\/a><\/li>\n<li id=\"menu-item-4092\" class=\"menu-item menu-item-type-post_type menu-item-object-page menu-item-4092\"><a href=\"https:\/\/stage.annamariamartinolli.it\/es\/identidad\/curriculum-vitae\/\">Curriculum Vitae<\/a><\/li>\n<li id=\"menu-item-4093\" class=\"menu-item menu-item-type-post_type menu-item-object-page menu-item-4093\"><a href=\"https:\/\/stage.annamariamartinolli.it\/es\/identidad\/cualificaciones\/\">Cualificaciones<\/a><\/li>\n<li id=\"menu-item-4094\" class=\"menu-item menu-item-type-post_type menu-item-object-page menu-item-4094\"><a href=\"https:\/\/stage.annamariamartinolli.it\/es\/identidad\/referencias\/\">Referencias<\/a><\/li>\n<\/ul><\/div><span class=\"seperator extralight-border\"><\/span><\/section><\/div><\/div><\/div><!--close column table wrapper. Autoclose: 1 -->\n<\/div><\/div><\/div><!-- close content main div --><\/div><\/div><div id='after_section_2'  class='main_color av_default_container_wrap container_wrap sidebar_right'  ><div class='container av-section-cont-open' ><div class='template-page content  av-content-small alpha units'><div class='post-entry post-entry-type-page post-entry-3418'><div class='entry-content-wrapper clearfix'>\n","protected":false},"excerpt":{"rendered":"","protected":false},"author":1,"featured_media":0,"parent":1311,"menu_order":0,"comment_status":"open","ping_status":"open","template":"","meta":{"footnotes":""},"class_list":["post-3418","page","type-page","status-publish","hentry"],"_links":{"self":[{"href":"https:\/\/stage.annamariamartinolli.it\/es\/wp-json\/wp\/v2\/pages\/3418","targetHints":{"allow":["GET"]}}],"collection":[{"href":"https:\/\/stage.annamariamartinolli.it\/es\/wp-json\/wp\/v2\/pages"}],"about":[{"href":"https:\/\/stage.annamariamartinolli.it\/es\/wp-json\/wp\/v2\/types\/page"}],"author":[{"embeddable":true,"href":"https:\/\/stage.annamariamartinolli.it\/es\/wp-json\/wp\/v2\/users\/1"}],"replies":[{"embeddable":true,"href":"https:\/\/stage.annamariamartinolli.it\/es\/wp-json\/wp\/v2\/comments?post=3418"}],"version-history":[{"count":0,"href":"https:\/\/stage.annamariamartinolli.it\/es\/wp-json\/wp\/v2\/pages\/3418\/revisions"}],"up":[{"embeddable":true,"href":"https:\/\/stage.annamariamartinolli.it\/es\/wp-json\/wp\/v2\/pages\/1311"}],"wp:attachment":[{"href":"https:\/\/stage.annamariamartinolli.it\/es\/wp-json\/wp\/v2\/media?parent=3418"}],"curies":[{"name":"wp","href":"https:\/\/api.w.org\/{rel}","templated":true}]}}