{"id":2672,"date":"2020-06-26T21:05:32","date_gmt":"2020-06-26T21:05:32","guid":{"rendered":"http:\/\/stage.annamariamartinolli.it\/?page_id=2672"},"modified":"2020-08-09T19:25:36","modified_gmt":"2020-08-09T17:25:36","slug":"textos-de-teatro","status":"publish","type":"page","link":"https:\/\/stage.annamariamartinolli.it\/es\/servicios\/introduccion\/textos-de-teatro\/","title":{"rendered":"Textos de teatro"},"content":{"rendered":"\n<style type=\"text\/css\" data-created_by=\"avia_inline_auto\" id=\"style-css-av-2k0238-c121386707d318cea28cafd5d9290a9b\">\n.avia-section.av-2k0238-c121386707d318cea28cafd5d9290a9b .av-parallax .av-parallax-inner{\nbackground-repeat:no-repeat;\nbackground-image:url(https:\/\/stage.annamariamartinolli.it\/wp-content\/uploads\/2020\/08\/sz-sfondo.jpeg);\nbackground-position:50% 50%;\nbackground-attachment:scroll;\n}\n.avia-section.av-2k0238-c121386707d318cea28cafd5d9290a9b .av-section-color-overlay{\nopacity:0.2;\nbackground-color:#000000;\n}\n<\/style>\n<div id='av_section_1'  class='avia-section av-2k0238-c121386707d318cea28cafd5d9290a9b main_color avia-section-large avia-no-shadow  avia-builder-el-0  el_before_av_section  avia-builder-el-first  avia-full-stretch av-parallax-section avia-bg-style-parallax av-section-color-overlay-active container_wrap sidebar_right'  data-section-bg-repeat='stretch'><div class='av-parallax' data-avia-parallax-ratio='0.3' ><div class='av-parallax-inner main_color avia-full-stretch'><\/div><\/div><div class=\"av-section-color-overlay-wrap\"><div class=\"av-section-color-overlay\"><\/div><div class='container av-section-cont-open' ><main  role=\"main\" itemprop=\"mainContentOfPage\"  class='template-page content  av-content-small alpha units'><div class='post-entry post-entry-type-page post-entry-2672'><div class='entry-content-wrapper clearfix'>\n\n<style type=\"text\/css\" data-created_by=\"avia_inline_auto\" id=\"style-css-av-kbwpggjr-180dcc7480c7c29d592d1d21f2b6c48a\">\n#top .av-special-heading.av-kbwpggjr-180dcc7480c7c29d592d1d21f2b6c48a{\npadding-bottom:0;\ncolor:#ffffff;\nfont-size:50px;\n}\nbody .av-special-heading.av-kbwpggjr-180dcc7480c7c29d592d1d21f2b6c48a .av-special-heading-tag .heading-char{\nfont-size:25px;\n}\n#top #wrap_all .av-special-heading.av-kbwpggjr-180dcc7480c7c29d592d1d21f2b6c48a .av-special-heading-tag{\nfont-size:50px;\n}\n.av-special-heading.av-kbwpggjr-180dcc7480c7c29d592d1d21f2b6c48a .special-heading-inner-border{\nborder-color:#ffffff;\n}\n.av-special-heading.av-kbwpggjr-180dcc7480c7c29d592d1d21f2b6c48a .av-subheading{\nfont-size:15px;\n}\n\n@media only screen and (min-width: 480px) and (max-width: 767px){ \n#top #wrap_all .av-special-heading.av-kbwpggjr-180dcc7480c7c29d592d1d21f2b6c48a .av-special-heading-tag{\nfont-size:0.8em;\n}\n}\n\n@media only screen and (max-width: 479px){ \n#top #wrap_all .av-special-heading.av-kbwpggjr-180dcc7480c7c29d592d1d21f2b6c48a .av-special-heading-tag{\nfont-size:0.8em;\n}\n}\n<\/style>\n<div  class='av-special-heading av-kbwpggjr-180dcc7480c7c29d592d1d21f2b6c48a av-special-heading-h3 custom-color-heading blockquote modern-quote modern-centered  avia-builder-el-1  el_before_av_hr  avia-builder-el-first  av-inherit-size'><h3 class='av-special-heading-tag '  itemprop=\"headline\"  >Textos de teatro<\/h3><div class='av_custom_color av-subheading av-subheading_below'><p>Guiones para la rapresentaci\u00f3n esc\u00e9nica y para la publicaci\u00f3n<\/p>\n<\/div><div class=\"special-heading-border\"><div class=\"special-heading-inner-border\"><\/div><\/div><\/div>\n\n<style type=\"text\/css\" data-created_by=\"avia_inline_auto\" id=\"style-css-av-26tyyk-0819f196add2c30cb2e201ca639f3dd8\">\n#top .hr.av-26tyyk-0819f196add2c30cb2e201ca639f3dd8{\nmargin-top:30px;\nmargin-bottom:30px;\n}\n.hr.av-26tyyk-0819f196add2c30cb2e201ca639f3dd8 .hr-inner{\nwidth:20%;\nborder-color:rgba(255,255,255,0.76);\nmax-width:45%;\n}\n.hr.av-26tyyk-0819f196add2c30cb2e201ca639f3dd8 .av-seperator-icon{\ncolor:#ffffff;\n}\n.hr.av-26tyyk-0819f196add2c30cb2e201ca639f3dd8 .av-seperator-icon.avia-svg-icon svg:first-child{\nfill:#ffffff;\nstroke:#ffffff;\n}\n<\/style>\n<div  class='hr av-26tyyk-0819f196add2c30cb2e201ca639f3dd8 hr-custom  avia-builder-el-2  el_after_av_heading  avia-builder-el-last  hr-center hr-icon-yes'><span class='hr-inner inner-border-av-border-thin'><span class=\"hr-inner-style\"><\/span><\/span><span class='av-seperator-icon avia-iconfont avia-font-entypo-fontello' data-av_icon='\ue8bf' data-av_iconfont='entypo-fontello' ><\/span><span class='hr-inner inner-border-av-border-thin'><span class=\"hr-inner-style\"><\/span><\/span><\/div>\n\n<\/div><\/div><\/main><!-- close content main element --><\/div><\/div><\/div><div id='av_section_2'  class='avia-section av-22e18s-cd8bd8fb30df89e0928a471245a098ab main_color avia-section-small avia-no-border-styling  avia-builder-el-3  el_after_av_section  avia-builder-el-last  avia-bg-style-fixed container_wrap sidebar_right'  ><div class='container av-section-cont-open' ><div class='template-page content  av-content-small alpha units'><div class='post-entry post-entry-type-page post-entry-2672'><div class='entry-content-wrapper clearfix'>\n<div class='flex_column_table av-1w41fw-84e1a6fb9fd5934d550517aa96d56851 sc-av_two_third av-equal-height-column-flextable'>\n<style type=\"text\/css\" data-created_by=\"avia_inline_auto\" id=\"style-css-av-1w41fw-84e1a6fb9fd5934d550517aa96d56851\">\n#top .flex_column_table.av-equal-height-column-flextable.av-1w41fw-84e1a6fb9fd5934d550517aa96d56851{\nmargin-top:-60px;\nmargin-bottom:-60px;\n}\n.flex_column.av-1w41fw-84e1a6fb9fd5934d550517aa96d56851{\nborder-radius:0px 0px 0px 0px;\npadding:30px 30px 30px 30px;\nbackground-color:#ffffff;\n}\n<\/style>\n<div  class='flex_column av-1w41fw-84e1a6fb9fd5934d550517aa96d56851 av_two_third  avia-builder-el-4  el_before_av_one_third  avia-builder-el-first  first no_margin flex_column_table_cell av-equal-height-column av-align-top  '     ><p><section  class='av_textblock_section av-kbt8fadd-1ec2517833234c18c1b0aff7b9fbd0da '   itemscope=\"itemscope\" itemtype=\"https:\/\/schema.org\/CreativeWork\" ><div class='avia_textblock'  itemprop=\"text\" ><p>Si ten\u00e9is un gui\u00f3n en idioma extranjero para el que no consegu\u00eds encontrar la traducci\u00f3n italiana, puedo traducirlo para vosotros. Si necesit\u00e1is encontrar alg\u00fan gui\u00f3n espec\u00edfico, incluso de los siglos XIX-XX, los muchos a\u00f1os de experiencia me permiten ser fiable tambi\u00e9n en esta actividad de busqueda.<\/p>\n<\/div><\/section><br \/>\n\n<style type=\"text\/css\" data-created_by=\"avia_inline_auto\" id=\"style-css-av-kbrkx5m9-516f215309e24ea6c412f8d40bfff599\">\n.avia-icon-grid-container.av-kbrkx5m9-516f215309e24ea6c412f8d40bfff599 .avia-icongrid{\njustify-content:space-between;\n}\n.avia-icon-grid-container.av-kbrkx5m9-516f215309e24ea6c412f8d40bfff599 .avia-icongrid-wrapper .avia-icongrid-front{\nbackground-color:#f4f4f4;\n}\n.avia-icon-grid-container.av-kbrkx5m9-516f215309e24ea6c412f8d40bfff599 .avia-icongrid-wrapper .avia-icongrid-icon{\nfont-size:50px;\n}\n.avia-icon-grid-container.av-kbrkx5m9-516f215309e24ea6c412f8d40bfff599 .avia-icongrid-wrapper .icongrid_subtitle{\nfont-size:12px;\n}\n.avia-icon-grid-container.av-kbrkx5m9-516f215309e24ea6c412f8d40bfff599 .avia-icongrid-wrapper .avia-icongrid-content .avia-icongrid-inner{\nfont-size:11px;\n}\n.avia-icon-grid-container.av-kbrkx5m9-516f215309e24ea6c412f8d40bfff599 .avia-icongrid-wrapper .avia-icongrid-flipback{\nfont-size:11px;\n}\n<\/style>\n\n<style type=\"text\/css\" data-created_by=\"avia_inline_auto\" id=\"style-css-sub-av-kbrkx5m9-516f215309e24ea6c412f8d40bfff599\">\n.avia-icon-grid-container .avia-icongrid-wrapper.av-b2xjy8-0f38b6080c14ed4421dc5b024c82dd60 .avia-icongrid-front{\nbackground:unset;\nbackground-color:#ffffff;\n}\n.avia-icon-grid-container .avia-icongrid-wrapper.av-b2xjy8-0f38b6080c14ed4421dc5b024c82dd60 .avia-icongrid-icon{\ncolor:#e5e5e5;\n}\n.avia-icon-grid-container .avia-icongrid-wrapper.av-b2xjy8-0f38b6080c14ed4421dc5b024c82dd60 .avia-icongrid-icon .icongrid-char.avia-svg-icon svg:first-child{\nfill:#e5e5e5;\nstroke:#e5e5e5;\n}\n.avia-icon-grid-container .avia-icongrid-wrapper.av-b2xjy8-0f38b6080c14ed4421dc5b024c82dd60 .icongrid_title{\ncolor:#e5e5e5;\n}\n.avia-icon-grid-container .avia-icongrid-wrapper.av-b2xjy8-0f38b6080c14ed4421dc5b024c82dd60 .icongrid_subtitle{\ncolor:#e5e5e5;\n}\n.avia-icon-grid-container .avia-icongrid-wrapper.av-b2xjy8-0f38b6080c14ed4421dc5b024c82dd60 .avia-icongrid-content{\nbackground:unset;\nbackground-color:#ffffff;\n}\n.avia-icon-grid-container .avia-icongrid-wrapper.av-b2xjy8-0f38b6080c14ed4421dc5b024c82dd60 .avia-icongrid-flipback{\nbackground:unset;\nbackground-color:#ffffff;\n}\n.avia-icon-grid-container .avia-icongrid-wrapper.av-b2xjy8-0f38b6080c14ed4421dc5b024c82dd60 .avia-icongrid-content .avia-icongrid-text{\ncolor:#e5e5e5;\n}\n.avia-icon-grid-container .avia-icongrid-wrapper.av-b2xjy8-0f38b6080c14ed4421dc5b024c82dd60 .avia-icongrid-flipback .avia-icongrid-text{\ncolor:#e5e5e5;\n}\n<\/style>\n<div  class='avia-icon-grid-container av-kbrkx5m9-516f215309e24ea6c412f8d40bfff599  avia-builder-el-6  el_after_av_textblock  el_before_av_hr ' ><ul id='avia-icongrid-69e3bd9ff0b57' class='avia-icongrid clearfix avia_animate_when_almost_visible avia-icongrid-flipbox avia-icongrid-numrow-3 avia-cell-space-between av-flex-cells av-break-767 av-can-break-50'>\n<li class='av-icon-cell-item av-row-with-3-cells av-row-nr-1 av-cell-1 av-first-cell-row av-first-cell-item'><a href='https:\/\/stage.annamariamartinolli.it\/es\/contactos\/' title='Textos de teatro'  class='avia-icongrid-wrapper av-b2xjy8-0f38b6080c14ed4421dc5b024c82dd60'><article class='article-icon-entry '  itemscope=\"itemscope\" itemtype=\"https:\/\/schema.org\/CreativeWork\" ><div class='avia-icongrid-front '><div class=\"avia-icongrid-inner\"><div class='avia-icongrid-icon'><span class='icongrid-char avia-iconfont avia-font-entypo-fontello' data-av_icon='\ue80b' data-av_iconfont='entypo-fontello' ><\/span><\/div><header class=\"entry-content-header\" aria-label=\"Icon: Textos de teatro\"><h4 class='av_icongrid_title icongrid_title '  itemprop=\"headline\" >Textos de teatro<\/h4><\/header><\/div><\/div><div class='avia-icongrid-flipback '><div class=\"avia-icongrid-inner\"><div class='avia-icongrid-text'  itemprop=\"text\" ><h4 style=\"text-align: center;\">Cont\u00e1ctame<\/h4>\n<\/div><\/div><\/div><\/article><\/a><\/li>\n<li class='av-icon-cell-item av-row-with-3-cells av-row-nr-1 av-cell-2 av-first-cell-row av-inner-cell-item'><a href='https:\/\/stage.annamariamartinolli.it\/es\/servicios\/introduccion\/tesis-de-graduacion-y-doctorado\/' title='Tesis'  class='avia-icongrid-wrapper av-2m5rds-b00ed80732be55f27006bccc14b23753'><article class='article-icon-entry '  itemscope=\"itemscope\" itemtype=\"https:\/\/schema.org\/CreativeWork\" ><div class='avia-icongrid-front '><div class=\"avia-icongrid-inner\"><div class='avia-icongrid-icon'><span class='icongrid-char avia-iconfont avia-font-entypo-fontello' data-av_icon='\ue84f' data-av_iconfont='entypo-fontello' ><\/span><\/div><header class=\"entry-content-header\" aria-label=\"Icon: Tesis\"><h4 class='av_icongrid_title icongrid_title '  itemprop=\"headline\" >Tesis<\/h4><\/header><\/div><\/div><div class='avia-icongrid-flipback '><div class=\"avia-icongrid-inner\"><div class='avia-icongrid-text'  itemprop=\"text\" ><h4 style=\"text-align: center;\">Entrar<\/h4>\n<\/div><\/div><\/div><\/article><\/a><\/li>\n<li class='av-icon-cell-item av-row-with-3-cells av-row-nr-1 av-cell-3 av-first-cell-row av-last-cell-item'><a href='https:\/\/stage.annamariamartinolli.it\/es\/servicios\/introduccion\/textos-genericos\/' title='Textos gen\u00e9ricos'  class='avia-icongrid-wrapper av-qvclc-0e7df7f8da860046f6b41a4c598f4893'><article class='article-icon-entry '  itemscope=\"itemscope\" itemtype=\"https:\/\/schema.org\/CreativeWork\" ><div class='avia-icongrid-front '><div class=\"avia-icongrid-inner\"><div class='avia-icongrid-icon'><span class='icongrid-char avia-iconfont avia-font-entypo-fontello' data-av_icon='\ue83a' data-av_iconfont='entypo-fontello' ><\/span><\/div><header class=\"entry-content-header\" aria-label=\"Icon: Textos gen\u00e9ricos\"><h4 class='av_icongrid_title icongrid_title '  itemprop=\"headline\" >Textos gen\u00e9ricos<\/h4><\/header><\/div><\/div><div class='avia-icongrid-flipback '><div class=\"avia-icongrid-inner\"><div class='avia-icongrid-text'  itemprop=\"text\" ><h4 style=\"text-align: center;\">Entrar<\/h4>\n<\/div><\/div><\/div><\/article><\/a><\/li>\n<li class='av-icon-cell-item av-row-with-3-cells av-row-nr-2 av-cell-1 av-next-cell-row av-first-cell-item'><a href='https:\/\/stage.annamariamartinolli.it\/es\/servicios\/introduccion\/textos-literarios\/' title='Textos literarios'  class='avia-icongrid-wrapper av-5imowg-8ee28c3679f2551c7f9eef215b2fcf6c'><article class='article-icon-entry '  itemscope=\"itemscope\" itemtype=\"https:\/\/schema.org\/CreativeWork\" ><div class='avia-icongrid-front '><div class=\"avia-icongrid-inner\"><div class='avia-icongrid-icon'><span class='icongrid-char avia-iconfont avia-font-entypo-fontello' data-av_icon='\ue84e' data-av_iconfont='entypo-fontello' ><\/span><\/div><header class=\"entry-content-header\" aria-label=\"Icon: Textos literarios\"><h4 class='av_icongrid_title icongrid_title '  itemprop=\"headline\" >Textos literarios<\/h4><\/header><\/div><\/div><div class='avia-icongrid-flipback '><div class=\"avia-icongrid-inner\"><div class='avia-icongrid-text'  itemprop=\"text\" ><h4 style=\"text-align: center;\">Entrar<\/h4>\n<\/div><\/div><\/div><\/article><\/a><\/li>\n<li class='av-icon-cell-item av-row-with-3-cells av-row-nr-2 av-cell-2 av-next-cell-row av-inner-cell-item'><a href='https:\/\/stage.annamariamartinolli.it\/es\/servicios\/introduccion\/textos-editoriales\/' title='Textos editoriales'  class='avia-icongrid-wrapper av-hhk3k-222f7d49e25d87238a63a9c11f806f8d'><article class='article-icon-entry '  itemscope=\"itemscope\" itemtype=\"https:\/\/schema.org\/CreativeWork\" ><div class='avia-icongrid-front '><div class=\"avia-icongrid-inner\"><div class='avia-icongrid-icon'><span class='icongrid-char avia-iconfont avia-font-entypo-fontello' data-av_icon='\ue84d' data-av_iconfont='entypo-fontello' ><\/span><\/div><header class=\"entry-content-header\" aria-label=\"Icon: Textos editoriales\"><h4 class='av_icongrid_title icongrid_title '  itemprop=\"headline\" >Textos editoriales<\/h4><\/header><\/div><\/div><div class='avia-icongrid-flipback '><div class=\"avia-icongrid-inner\"><div class='avia-icongrid-text'  itemprop=\"text\" ><h4 style=\"text-align: center;\">Entrar<\/h4>\n<\/div><\/div><\/div><\/article><\/a><\/li>\n<li class='av-icon-cell-item av-row-with-3-cells av-row-nr-2 av-cell-3 av-next-cell-row av-last-cell-item'><a href='https:\/\/stage.annamariamartinolli.it\/es\/servicios\/introduccion\/textos-de-arte-y-de-turismo\/' title='Arte y turismo'  class='avia-icongrid-wrapper av-7a6sg-604a3ac70c9ef166fb3cd44b21b676d2'><article class='article-icon-entry '  itemscope=\"itemscope\" itemtype=\"https:\/\/schema.org\/CreativeWork\" ><div class='avia-icongrid-front '><div class=\"avia-icongrid-inner\"><div class='avia-icongrid-icon'><span class='icongrid-char avia-iconfont avia-font-entypo-fontello' data-av_icon='\ue80f' data-av_iconfont='entypo-fontello' ><\/span><\/div><header class=\"entry-content-header\" aria-label=\"Icon: Arte y turismo\"><h4 class='av_icongrid_title icongrid_title '  itemprop=\"headline\" >Arte y turismo<\/h4><\/header><\/div><\/div><div class='avia-icongrid-flipback '><div class=\"avia-icongrid-inner\"><div class='avia-icongrid-text'  itemprop=\"text\" ><h4 style=\"text-align: center;\">Entrar<\/h4>\n<\/div><\/div><\/div><\/article><\/a><\/li>\n<\/ul><\/div><br \/>\n\n<style type=\"text\/css\" data-created_by=\"avia_inline_auto\" id=\"style-css-av-kbrn7slg-e70217d3cfea83d7da01ff83d6f7fcaf\">\n#top .hr.hr-invisible.av-kbrn7slg-e70217d3cfea83d7da01ff83d6f7fcaf{\nheight:40px;\n}\n<\/style>\n<div  class='hr av-kbrn7slg-e70217d3cfea83d7da01ff83d6f7fcaf hr-invisible  avia-builder-el-7  el_after_av_icongrid  avia-builder-el-last '><span class='hr-inner '><span class=\"hr-inner-style\"><\/span><\/span><\/div><\/p><\/div>\n<style type=\"text\/css\" data-created_by=\"avia_inline_auto\" id=\"style-css-av-10gnp0-090b4f4b3bda2784107204f19df36d45\">\n#top .flex_column_table.av-equal-height-column-flextable.av-10gnp0-090b4f4b3bda2784107204f19df36d45{\nmargin-top:-60px;\nmargin-bottom:-60px;\n}\n.flex_column.av-10gnp0-090b4f4b3bda2784107204f19df36d45{\nborder-radius:0px 0px 0px 0px;\npadding:30px 30px 30px 30px;\nbackground-color:#f0f0f0;\n}\n<\/style>\n<div  class='flex_column av-10gnp0-090b4f4b3bda2784107204f19df36d45 av_one_third  avia-builder-el-8  el_after_av_two_third  avia-builder-el-last  no_margin flex_column_table_cell av-equal-height-column av-align-top  '     ><div  class='avia-builder-widget-area clearfix  avia-builder-el-9  avia-builder-el-no-sibling '><section id=\"nav_menu-11\" class=\"widget clearfix widget_nav_menu\"><h3 class=\"widgettitle\">Servicios<\/h3><div class=\"menu-servicios-container\"><ul id=\"menu-servicios\" class=\"menu\"><li id=\"menu-item-4148\" class=\"menu-item menu-item-type-post_type menu-item-object-page menu-item-4148\"><a href=\"https:\/\/stage.annamariamartinolli.it\/es\/servicios\/introduccion\/\">Introducci\u00f3n<\/a><\/li>\n<li id=\"menu-item-4149\" class=\"menu-item menu-item-type-post_type menu-item-object-page menu-item-4149\"><a href=\"https:\/\/stage.annamariamartinolli.it\/es\/servicios\/portfolio\/\">Portfolio<\/a><\/li>\n<li id=\"menu-item-4150\" class=\"menu-item menu-item-type-post_type menu-item-object-page menu-item-4150\"><a href=\"https:\/\/stage.annamariamartinolli.it\/es\/servicios\/ejemplos-de-traduccion\/\">Ejemplos de traducci\u00f3n<\/a><\/li>\n<li id=\"menu-item-4151\" class=\"menu-item menu-item-type-post_type menu-item-object-page menu-item-4151\"><a href=\"https:\/\/stage.annamariamartinolli.it\/es\/servicios\/sobre-la-traduccion\/\">Sobre la traducci\u00f3n<\/a><\/li>\n<\/ul><\/div><span class=\"seperator extralight-border\"><\/span><\/section><\/div><\/div><\/div><!--close column table wrapper. Autoclose: 1 -->\n<\/div><\/div><\/div><!-- close content main div --><\/div><\/div><div id='after_section_2'  class='main_color av_default_container_wrap container_wrap sidebar_right'  ><div class='container av-section-cont-open' ><div class='template-page content  av-content-small alpha units'><div class='post-entry post-entry-type-page post-entry-2672'><div class='entry-content-wrapper clearfix'>\n","protected":false},"excerpt":{"rendered":"","protected":false},"author":1,"featured_media":6984,"parent":2632,"menu_order":0,"comment_status":"open","ping_status":"open","template":"","meta":{"footnotes":""},"class_list":["post-2672","page","type-page","status-publish","has-post-thumbnail","hentry"],"_links":{"self":[{"href":"https:\/\/stage.annamariamartinolli.it\/es\/wp-json\/wp\/v2\/pages\/2672","targetHints":{"allow":["GET"]}}],"collection":[{"href":"https:\/\/stage.annamariamartinolli.it\/es\/wp-json\/wp\/v2\/pages"}],"about":[{"href":"https:\/\/stage.annamariamartinolli.it\/es\/wp-json\/wp\/v2\/types\/page"}],"author":[{"embeddable":true,"href":"https:\/\/stage.annamariamartinolli.it\/es\/wp-json\/wp\/v2\/users\/1"}],"replies":[{"embeddable":true,"href":"https:\/\/stage.annamariamartinolli.it\/es\/wp-json\/wp\/v2\/comments?post=2672"}],"version-history":[{"count":0,"href":"https:\/\/stage.annamariamartinolli.it\/es\/wp-json\/wp\/v2\/pages\/2672\/revisions"}],"up":[{"embeddable":true,"href":"https:\/\/stage.annamariamartinolli.it\/es\/wp-json\/wp\/v2\/pages\/2632"}],"wp:featuredmedia":[{"embeddable":true,"href":"https:\/\/stage.annamariamartinolli.it\/es\/wp-json\/wp\/v2\/media\/6984"}],"wp:attachment":[{"href":"https:\/\/stage.annamariamartinolli.it\/es\/wp-json\/wp\/v2\/media?parent=2672"}],"curies":[{"name":"wp","href":"https:\/\/api.w.org\/{rel}","templated":true}]}}