{"id":2644,"date":"2020-06-26T20:15:34","date_gmt":"2020-06-26T20:15:34","guid":{"rendered":"http:\/\/stage.annamariamartinolli.it\/?page_id=2644"},"modified":"2020-08-09T19:27:07","modified_gmt":"2020-08-09T17:27:07","slug":"textos-de-arte-y-de-turismo","status":"publish","type":"page","link":"https:\/\/stage.annamariamartinolli.it\/es\/servicios\/introduccion\/textos-de-arte-y-de-turismo\/","title":{"rendered":"Textos de arte y de turismo"},"content":{"rendered":"\n<style type=\"text\/css\" data-created_by=\"avia_inline_auto\" id=\"style-css-av-2k0238-c121386707d318cea28cafd5d9290a9b\">\n.avia-section.av-2k0238-c121386707d318cea28cafd5d9290a9b .av-parallax .av-parallax-inner{\nbackground-repeat:no-repeat;\nbackground-image:url(https:\/\/stage.annamariamartinolli.it\/wp-content\/uploads\/2020\/08\/sz-sfondo.jpeg);\nbackground-position:50% 50%;\nbackground-attachment:scroll;\n}\n.avia-section.av-2k0238-c121386707d318cea28cafd5d9290a9b .av-section-color-overlay{\nopacity:0.2;\nbackground-color:#000000;\n}\n<\/style>\n<div id='av_section_1'  class='avia-section av-2k0238-c121386707d318cea28cafd5d9290a9b main_color avia-section-large avia-no-shadow  avia-builder-el-0  el_before_av_section  avia-builder-el-first  avia-full-stretch av-parallax-section avia-bg-style-parallax av-section-color-overlay-active container_wrap sidebar_right'  data-section-bg-repeat='stretch'><div class='av-parallax' data-avia-parallax-ratio='0.3' ><div class='av-parallax-inner main_color avia-full-stretch'><\/div><\/div><div class=\"av-section-color-overlay-wrap\"><div class=\"av-section-color-overlay\"><\/div><div class='container av-section-cont-open' ><main  role=\"main\" itemprop=\"mainContentOfPage\"  class='template-page content  av-content-small alpha units'><div class='post-entry post-entry-type-page post-entry-2644'><div class='entry-content-wrapper clearfix'>\n\n<style type=\"text\/css\" data-created_by=\"avia_inline_auto\" id=\"style-css-av-kbwnp2m1-1d4f1ff9d78d3175f4bb04aeba775a28\">\n#top .av-special-heading.av-kbwnp2m1-1d4f1ff9d78d3175f4bb04aeba775a28{\npadding-bottom:0;\ncolor:#ffffff;\nfont-size:50px;\n}\nbody .av-special-heading.av-kbwnp2m1-1d4f1ff9d78d3175f4bb04aeba775a28 .av-special-heading-tag .heading-char{\nfont-size:25px;\n}\n#top #wrap_all .av-special-heading.av-kbwnp2m1-1d4f1ff9d78d3175f4bb04aeba775a28 .av-special-heading-tag{\nfont-size:50px;\n}\n.av-special-heading.av-kbwnp2m1-1d4f1ff9d78d3175f4bb04aeba775a28 .special-heading-inner-border{\nborder-color:#ffffff;\n}\n.av-special-heading.av-kbwnp2m1-1d4f1ff9d78d3175f4bb04aeba775a28 .av-subheading{\nfont-size:15px;\n}\n\n@media only screen and (min-width: 480px) and (max-width: 767px){ \n#top #wrap_all .av-special-heading.av-kbwnp2m1-1d4f1ff9d78d3175f4bb04aeba775a28 .av-special-heading-tag{\nfont-size:0.8em;\n}\n}\n\n@media only screen and (max-width: 479px){ \n#top #wrap_all .av-special-heading.av-kbwnp2m1-1d4f1ff9d78d3175f4bb04aeba775a28 .av-special-heading-tag{\nfont-size:0.8em;\n}\n}\n<\/style>\n<div  class='av-special-heading av-kbwnp2m1-1d4f1ff9d78d3175f4bb04aeba775a28 av-special-heading-h3 custom-color-heading blockquote modern-quote modern-centered  avia-builder-el-1  el_before_av_hr  avia-builder-el-first  av-inherit-size'><h3 class='av-special-heading-tag '  itemprop=\"headline\"  >Textos de arte y de turismo<\/h3><div class='av_custom_color av-subheading av-subheading_below'><p>Art\u00edculos sobre el mundo del arte | Folletos tur\u00edsticos<\/p>\n<\/div><div class=\"special-heading-border\"><div class=\"special-heading-inner-border\"><\/div><\/div><\/div>\n\n<style type=\"text\/css\" data-created_by=\"avia_inline_auto\" id=\"style-css-av-26tyyk-0819f196add2c30cb2e201ca639f3dd8\">\n#top .hr.av-26tyyk-0819f196add2c30cb2e201ca639f3dd8{\nmargin-top:30px;\nmargin-bottom:30px;\n}\n.hr.av-26tyyk-0819f196add2c30cb2e201ca639f3dd8 .hr-inner{\nwidth:20%;\nborder-color:rgba(255,255,255,0.76);\nmax-width:45%;\n}\n.hr.av-26tyyk-0819f196add2c30cb2e201ca639f3dd8 .av-seperator-icon{\ncolor:#ffffff;\n}\n.hr.av-26tyyk-0819f196add2c30cb2e201ca639f3dd8 .av-seperator-icon.avia-svg-icon svg:first-child{\nfill:#ffffff;\nstroke:#ffffff;\n}\n<\/style>\n<div  class='hr av-26tyyk-0819f196add2c30cb2e201ca639f3dd8 hr-custom  avia-builder-el-2  el_after_av_heading  avia-builder-el-last  hr-center hr-icon-yes'><span class='hr-inner inner-border-av-border-thin'><span class=\"hr-inner-style\"><\/span><\/span><span class='av-seperator-icon avia-iconfont avia-font-entypo-fontello' data-av_icon='\ue8bf' data-av_iconfont='entypo-fontello' ><\/span><span class='hr-inner inner-border-av-border-thin'><span class=\"hr-inner-style\"><\/span><\/span><\/div>\n\n<\/div><\/div><\/main><!-- close content main element --><\/div><\/div><\/div><div id='av_section_2'  class='avia-section av-22e18s-cd8bd8fb30df89e0928a471245a098ab main_color avia-section-small avia-no-border-styling  avia-builder-el-3  el_after_av_section  avia-builder-el-last  avia-bg-style-fixed container_wrap sidebar_right'  ><div class='container av-section-cont-open' ><div class='template-page content  av-content-small alpha units'><div class='post-entry post-entry-type-page post-entry-2644'><div class='entry-content-wrapper clearfix'>\n<div class='flex_column_table av-1w41fw-84e1a6fb9fd5934d550517aa96d56851 sc-av_two_third av-equal-height-column-flextable'>\n<style type=\"text\/css\" data-created_by=\"avia_inline_auto\" id=\"style-css-av-1w41fw-84e1a6fb9fd5934d550517aa96d56851\">\n#top .flex_column_table.av-equal-height-column-flextable.av-1w41fw-84e1a6fb9fd5934d550517aa96d56851{\nmargin-top:-60px;\nmargin-bottom:-60px;\n}\n.flex_column.av-1w41fw-84e1a6fb9fd5934d550517aa96d56851{\nborder-radius:0px 0px 0px 0px;\npadding:30px 30px 30px 30px;\nbackground-color:#ffffff;\n}\n<\/style>\n<div  class='flex_column av-1w41fw-84e1a6fb9fd5934d550517aa96d56851 av_two_third  avia-builder-el-4  el_before_av_one_third  avia-builder-el-first  first no_margin flex_column_table_cell av-equal-height-column av-align-top  '     ><p><section  class='av_textblock_section av-kbt8fadd-1ec2517833234c18c1b0aff7b9fbd0da '   itemscope=\"itemscope\" itemtype=\"https:\/\/schema.org\/CreativeWork\" ><div class='avia_textblock'  itemprop=\"text\" ><p>Tambi\u00e9n traduzco art\u00edculos sobre el mundo del arte y folletos tur\u00edsticos. Mi pasi\u00f3n por el arte me ha permitido acercarme a este mundo y descubrir sus diferentes aspectos. La precisi\u00f3n y la seriedad son mis puntos fuertes.<\/p>\n<\/div><\/section><br \/>\n\n<style type=\"text\/css\" data-created_by=\"avia_inline_auto\" id=\"style-css-av-kbrkx5m9-516f215309e24ea6c412f8d40bfff599\">\n.avia-icon-grid-container.av-kbrkx5m9-516f215309e24ea6c412f8d40bfff599 .avia-icongrid{\njustify-content:space-between;\n}\n.avia-icon-grid-container.av-kbrkx5m9-516f215309e24ea6c412f8d40bfff599 .avia-icongrid-wrapper .avia-icongrid-front{\nbackground-color:#f4f4f4;\n}\n.avia-icon-grid-container.av-kbrkx5m9-516f215309e24ea6c412f8d40bfff599 .avia-icongrid-wrapper .avia-icongrid-icon{\nfont-size:50px;\n}\n.avia-icon-grid-container.av-kbrkx5m9-516f215309e24ea6c412f8d40bfff599 .avia-icongrid-wrapper .icongrid_subtitle{\nfont-size:12px;\n}\n.avia-icon-grid-container.av-kbrkx5m9-516f215309e24ea6c412f8d40bfff599 .avia-icongrid-wrapper .avia-icongrid-content .avia-icongrid-inner{\nfont-size:11px;\n}\n.avia-icon-grid-container.av-kbrkx5m9-516f215309e24ea6c412f8d40bfff599 .avia-icongrid-wrapper .avia-icongrid-flipback{\nfont-size:11px;\n}\n<\/style>\n\n<style type=\"text\/css\" data-created_by=\"avia_inline_auto\" id=\"style-css-sub-av-kbrkx5m9-516f215309e24ea6c412f8d40bfff599\">\n.avia-icon-grid-container .avia-icongrid-wrapper.av-7eur38-f4fcbe311a31fbb949ccc4f02b7ac9c3 .avia-icongrid-front{\nbackground:unset;\nbackground-color:#ffffff;\n}\n.avia-icon-grid-container .avia-icongrid-wrapper.av-7eur38-f4fcbe311a31fbb949ccc4f02b7ac9c3 .avia-icongrid-icon{\ncolor:#e5e5e5;\n}\n.avia-icon-grid-container .avia-icongrid-wrapper.av-7eur38-f4fcbe311a31fbb949ccc4f02b7ac9c3 .avia-icongrid-icon .icongrid-char.avia-svg-icon svg:first-child{\nfill:#e5e5e5;\nstroke:#e5e5e5;\n}\n.avia-icon-grid-container .avia-icongrid-wrapper.av-7eur38-f4fcbe311a31fbb949ccc4f02b7ac9c3 .icongrid_title{\ncolor:#e5e5e5;\n}\n.avia-icon-grid-container .avia-icongrid-wrapper.av-7eur38-f4fcbe311a31fbb949ccc4f02b7ac9c3 .icongrid_subtitle{\ncolor:#e5e5e5;\n}\n.avia-icon-grid-container .avia-icongrid-wrapper.av-7eur38-f4fcbe311a31fbb949ccc4f02b7ac9c3 .avia-icongrid-content{\nbackground:unset;\nbackground-color:#ffffff;\n}\n.avia-icon-grid-container .avia-icongrid-wrapper.av-7eur38-f4fcbe311a31fbb949ccc4f02b7ac9c3 .avia-icongrid-flipback{\nbackground:unset;\nbackground-color:#ffffff;\n}\n.avia-icon-grid-container .avia-icongrid-wrapper.av-7eur38-f4fcbe311a31fbb949ccc4f02b7ac9c3 .avia-icongrid-content .avia-icongrid-text{\ncolor:#e5e5e5;\n}\n.avia-icon-grid-container .avia-icongrid-wrapper.av-7eur38-f4fcbe311a31fbb949ccc4f02b7ac9c3 .avia-icongrid-flipback .avia-icongrid-text{\ncolor:#e5e5e5;\n}\n<\/style>\n<div  class='avia-icon-grid-container av-kbrkx5m9-516f215309e24ea6c412f8d40bfff599  avia-builder-el-6  el_after_av_textblock  el_before_av_hr ' ><ul id='avia-icongrid-69e3bd9f0e466' class='avia-icongrid clearfix avia_animate_when_almost_visible avia-icongrid-flipbox avia-icongrid-numrow-3 avia-cell-space-between av-flex-cells av-break-767 av-can-break-50'>\n<li class='av-icon-cell-item av-row-with-3-cells av-row-nr-1 av-cell-1 av-first-cell-row av-first-cell-item'><a href='https:\/\/stage.annamariamartinolli.it\/es\/servicios\/introduccion\/textos-literarios\/' title='Textos literarios'  class='avia-icongrid-wrapper av-853yv8-8ea1bfae81e65122b496e4ad97b522fb'><article class='article-icon-entry '  itemscope=\"itemscope\" itemtype=\"https:\/\/schema.org\/CreativeWork\" ><div class='avia-icongrid-front '><div class=\"avia-icongrid-inner\"><div class='avia-icongrid-icon'><span class='icongrid-char avia-iconfont avia-font-entypo-fontello' data-av_icon='\ue84e' data-av_iconfont='entypo-fontello' ><\/span><\/div><header class=\"entry-content-header\" aria-label=\"Icon: Textos literarios\"><h4 class='av_icongrid_title icongrid_title '  itemprop=\"headline\" >Textos literarios<\/h4><\/header><\/div><\/div><div class='avia-icongrid-flipback '><div class=\"avia-icongrid-inner\"><div class='avia-icongrid-text'  itemprop=\"text\" ><h4 style=\"text-align: center;\">Entrar<\/h4>\n<\/div><\/div><\/div><\/article><\/a><\/li>\n<li class='av-icon-cell-item av-row-with-3-cells av-row-nr-1 av-cell-2 av-first-cell-row av-inner-cell-item'><a href='https:\/\/stage.annamariamartinolli.it\/es\/servicios\/introduccion\/textos-editoriales\/' title='Textos editoriales'  class='avia-icongrid-wrapper av-57a638-2f3d5bbe5b5d12abdcd331ffb5686f9f'><article class='article-icon-entry '  itemscope=\"itemscope\" itemtype=\"https:\/\/schema.org\/CreativeWork\" ><div class='avia-icongrid-front '><div class=\"avia-icongrid-inner\"><div class='avia-icongrid-icon'><span class='icongrid-char avia-iconfont avia-font-entypo-fontello' data-av_icon='\ue84d' data-av_iconfont='entypo-fontello' ><\/span><\/div><header class=\"entry-content-header\" aria-label=\"Icon: Textos editoriales\"><h4 class='av_icongrid_title icongrid_title '  itemprop=\"headline\" >Textos editoriales<\/h4><\/header><\/div><\/div><div class='avia-icongrid-flipback '><div class=\"avia-icongrid-inner\"><div class='avia-icongrid-text'  itemprop=\"text\" ><h4 style=\"text-align: center;\">Entrar<\/h4>\n<\/div><\/div><\/div><\/article><\/a><\/li>\n<li class='av-icon-cell-item av-row-with-3-cells av-row-nr-1 av-cell-3 av-first-cell-row av-last-cell-item'><a href='https:\/\/stage.annamariamartinolli.it\/es\/contactos\/' title='Arte y turismo'  class='avia-icongrid-wrapper av-7eur38-f4fcbe311a31fbb949ccc4f02b7ac9c3'><article class='article-icon-entry '  itemscope=\"itemscope\" itemtype=\"https:\/\/schema.org\/CreativeWork\" ><div class='avia-icongrid-front '><div class=\"avia-icongrid-inner\"><div class='avia-icongrid-icon'><span class='icongrid-char avia-iconfont avia-font-entypo-fontello' data-av_icon='\ue80f' data-av_iconfont='entypo-fontello' ><\/span><\/div><header class=\"entry-content-header\" aria-label=\"Icon: Arte y turismo\"><h4 class='av_icongrid_title icongrid_title '  itemprop=\"headline\" >Arte y turismo<\/h4><\/header><\/div><\/div><div class='avia-icongrid-flipback '><div class=\"avia-icongrid-inner\"><div class='avia-icongrid-text'  itemprop=\"text\" ><h4 style=\"text-align: center;\">Cont\u00e1ctame<\/h4>\n<\/div><\/div><\/div><\/article><\/a><\/li>\n<li class='av-icon-cell-item av-row-with-3-cells av-row-nr-2 av-cell-1 av-next-cell-row av-first-cell-item'><a href='https:\/\/stage.annamariamartinolli.it\/es\/servicios\/introduccion\/textos-de-teatro\/' title='Textos de teatro'  class='avia-icongrid-wrapper av-4hoqsk-72277b2ac115333e2c4bf6bb81552943'><article class='article-icon-entry '  itemscope=\"itemscope\" itemtype=\"https:\/\/schema.org\/CreativeWork\" ><div class='avia-icongrid-front '><div class=\"avia-icongrid-inner\"><div class='avia-icongrid-icon'><span class='icongrid-char avia-iconfont avia-font-entypo-fontello' data-av_icon='\ue80b' data-av_iconfont='entypo-fontello' ><\/span><\/div><header class=\"entry-content-header\" aria-label=\"Icon: Textos de teatro\"><h4 class='av_icongrid_title icongrid_title '  itemprop=\"headline\" >Textos de teatro<\/h4><\/header><\/div><\/div><div class='avia-icongrid-flipback '><div class=\"avia-icongrid-inner\"><div class='avia-icongrid-text'  itemprop=\"text\" ><h4 style=\"text-align: center;\">Entrar<\/h4>\n<\/div><\/div><\/div><\/article><\/a><\/li>\n<li class='av-icon-cell-item av-row-with-3-cells av-row-nr-2 av-cell-2 av-next-cell-row av-inner-cell-item'><a href='https:\/\/stage.annamariamartinolli.it\/es\/servicios\/introduccion\/tesis-de-graduacion-y-doctorado\/' title='Tesis'  class='avia-icongrid-wrapper av-80rk4-7ebf3d209ccb029583cca1b52ced5544'><article class='article-icon-entry '  itemscope=\"itemscope\" itemtype=\"https:\/\/schema.org\/CreativeWork\" ><div class='avia-icongrid-front '><div class=\"avia-icongrid-inner\"><div class='avia-icongrid-icon'><span class='icongrid-char avia-iconfont avia-font-entypo-fontello' data-av_icon='\ue84f' data-av_iconfont='entypo-fontello' ><\/span><\/div><header class=\"entry-content-header\" aria-label=\"Icon: Tesis\"><h4 class='av_icongrid_title icongrid_title '  itemprop=\"headline\" >Tesis<\/h4><\/header><\/div><\/div><div class='avia-icongrid-flipback '><div class=\"avia-icongrid-inner\"><div class='avia-icongrid-text'  itemprop=\"text\" ><h4 style=\"text-align: center;\">Entrar<\/h4>\n<\/div><\/div><\/div><\/article><\/a><\/li>\n<li class='av-icon-cell-item av-row-with-3-cells av-row-nr-2 av-cell-3 av-next-cell-row av-last-cell-item'><a href='https:\/\/stage.annamariamartinolli.it\/es\/servicios\/introduccion\/textos-genericos\/' title='Textos gen\u00e9ricos'  class='avia-icongrid-wrapper av-9suno-465a424da1026d3de7ca975670e90a77'><article class='article-icon-entry '  itemscope=\"itemscope\" itemtype=\"https:\/\/schema.org\/CreativeWork\" ><div class='avia-icongrid-front '><div class=\"avia-icongrid-inner\"><div class='avia-icongrid-icon'><span class='icongrid-char avia-iconfont avia-font-entypo-fontello' data-av_icon='\ue83a' data-av_iconfont='entypo-fontello' ><\/span><\/div><header class=\"entry-content-header\" aria-label=\"Icon: Textos gen\u00e9ricos\"><h4 class='av_icongrid_title icongrid_title '  itemprop=\"headline\" >Textos gen\u00e9ricos<\/h4><\/header><\/div><\/div><div class='avia-icongrid-flipback '><div class=\"avia-icongrid-inner\"><div class='avia-icongrid-text'  itemprop=\"text\" ><h4 style=\"text-align: center;\">Entrar<\/h4>\n<\/div><\/div><\/div><\/article><\/a><\/li>\n<\/ul><\/div><br \/>\n\n<style type=\"text\/css\" data-created_by=\"avia_inline_auto\" id=\"style-css-av-kbrn7slg-e70217d3cfea83d7da01ff83d6f7fcaf\">\n#top .hr.hr-invisible.av-kbrn7slg-e70217d3cfea83d7da01ff83d6f7fcaf{\nheight:40px;\n}\n<\/style>\n<div  class='hr av-kbrn7slg-e70217d3cfea83d7da01ff83d6f7fcaf hr-invisible  avia-builder-el-7  el_after_av_icongrid  avia-builder-el-last '><span class='hr-inner '><span class=\"hr-inner-style\"><\/span><\/span><\/div><\/p><\/div>\n<style type=\"text\/css\" data-created_by=\"avia_inline_auto\" id=\"style-css-av-10gnp0-090b4f4b3bda2784107204f19df36d45\">\n#top .flex_column_table.av-equal-height-column-flextable.av-10gnp0-090b4f4b3bda2784107204f19df36d45{\nmargin-top:-60px;\nmargin-bottom:-60px;\n}\n.flex_column.av-10gnp0-090b4f4b3bda2784107204f19df36d45{\nborder-radius:0px 0px 0px 0px;\npadding:30px 30px 30px 30px;\nbackground-color:#f0f0f0;\n}\n<\/style>\n<div  class='flex_column av-10gnp0-090b4f4b3bda2784107204f19df36d45 av_one_third  avia-builder-el-8  el_after_av_two_third  avia-builder-el-last  no_margin flex_column_table_cell av-equal-height-column av-align-top  '     ><div  class='avia-builder-widget-area clearfix  avia-builder-el-9  avia-builder-el-no-sibling '><section id=\"nav_menu-11\" class=\"widget clearfix widget_nav_menu\"><h3 class=\"widgettitle\">Servicios<\/h3><div class=\"menu-servicios-container\"><ul id=\"menu-servicios\" class=\"menu\"><li id=\"menu-item-4148\" class=\"menu-item menu-item-type-post_type menu-item-object-page menu-item-4148\"><a href=\"https:\/\/stage.annamariamartinolli.it\/es\/servicios\/introduccion\/\">Introducci\u00f3n<\/a><\/li>\n<li id=\"menu-item-4149\" class=\"menu-item menu-item-type-post_type menu-item-object-page menu-item-4149\"><a href=\"https:\/\/stage.annamariamartinolli.it\/es\/servicios\/portfolio\/\">Portfolio<\/a><\/li>\n<li id=\"menu-item-4150\" class=\"menu-item menu-item-type-post_type menu-item-object-page menu-item-4150\"><a href=\"https:\/\/stage.annamariamartinolli.it\/es\/servicios\/ejemplos-de-traduccion\/\">Ejemplos de traducci\u00f3n<\/a><\/li>\n<li id=\"menu-item-4151\" class=\"menu-item menu-item-type-post_type menu-item-object-page menu-item-4151\"><a href=\"https:\/\/stage.annamariamartinolli.it\/es\/servicios\/sobre-la-traduccion\/\">Sobre la traducci\u00f3n<\/a><\/li>\n<\/ul><\/div><span class=\"seperator extralight-border\"><\/span><\/section><\/div><\/div><\/div><!--close column table wrapper. Autoclose: 1 -->\n<\/div><\/div><\/div><!-- close content main div --><\/div><\/div><div id='after_section_2'  class='main_color av_default_container_wrap container_wrap sidebar_right'  ><div class='container av-section-cont-open' ><div class='template-page content  av-content-small alpha units'><div class='post-entry post-entry-type-page post-entry-2644'><div class='entry-content-wrapper clearfix'>\n","protected":false},"excerpt":{"rendered":"","protected":false},"author":1,"featured_media":0,"parent":2632,"menu_order":0,"comment_status":"open","ping_status":"open","template":"","meta":{"footnotes":""},"class_list":["post-2644","page","type-page","status-publish","hentry"],"_links":{"self":[{"href":"https:\/\/stage.annamariamartinolli.it\/es\/wp-json\/wp\/v2\/pages\/2644","targetHints":{"allow":["GET"]}}],"collection":[{"href":"https:\/\/stage.annamariamartinolli.it\/es\/wp-json\/wp\/v2\/pages"}],"about":[{"href":"https:\/\/stage.annamariamartinolli.it\/es\/wp-json\/wp\/v2\/types\/page"}],"author":[{"embeddable":true,"href":"https:\/\/stage.annamariamartinolli.it\/es\/wp-json\/wp\/v2\/users\/1"}],"replies":[{"embeddable":true,"href":"https:\/\/stage.annamariamartinolli.it\/es\/wp-json\/wp\/v2\/comments?post=2644"}],"version-history":[{"count":0,"href":"https:\/\/stage.annamariamartinolli.it\/es\/wp-json\/wp\/v2\/pages\/2644\/revisions"}],"up":[{"embeddable":true,"href":"https:\/\/stage.annamariamartinolli.it\/es\/wp-json\/wp\/v2\/pages\/2632"}],"wp:attachment":[{"href":"https:\/\/stage.annamariamartinolli.it\/es\/wp-json\/wp\/v2\/media?parent=2644"}],"curies":[{"name":"wp","href":"https:\/\/api.w.org\/{rel}","templated":true}]}}