{"id":10582,"date":"2022-01-11T13:54:44","date_gmt":"2022-01-11T12:54:44","guid":{"rendered":"http:\/\/stage.annamariamartinolli.it\/?page_id=10582"},"modified":"2022-01-11T14:59:00","modified_gmt":"2022-01-11T13:59:00","slug":"cookie","status":"publish","type":"page","link":"https:\/\/stage.annamariamartinolli.it\/es\/cookie\/","title":{"rendered":"Cookie"},"content":{"rendered":"\n<style type=\"text\/css\" data-created_by=\"avia_inline_auto\" id=\"style-css-av-dnffk-8fbd1295cde65de1df4f9dd9e4ccb838\">\n.avia-section.av-dnffk-8fbd1295cde65de1df4f9dd9e4ccb838 .av-parallax .av-parallax-inner{\nbackground-repeat:no-repeat;\nbackground-image:url(https:\/\/stage.annamariamartinolli.it\/wp-content\/uploads\/2020\/07\/pp-sfondo.jpeg);\nbackground-position:50% 50%;\nbackground-attachment:scroll;\n}\n.avia-section.av-dnffk-8fbd1295cde65de1df4f9dd9e4ccb838 .av-section-color-overlay{\nopacity:0.2;\nbackground-color:#000000;\n}\n<\/style>\n<div id='av_section_1'  class='avia-section av-dnffk-8fbd1295cde65de1df4f9dd9e4ccb838 main_color avia-section-large avia-no-shadow  avia-builder-el-0  el_before_av_section  avia-builder-el-first  avia-full-stretch av-parallax-section avia-bg-style-parallax av-section-color-overlay-active container_wrap sidebar_right'  data-section-bg-repeat='stretch'><div class='av-parallax' data-avia-parallax-ratio='0.3' ><div class='av-parallax-inner main_color avia-full-stretch'><\/div><\/div><div class=\"av-section-color-overlay-wrap\"><div class=\"av-section-color-overlay\"><\/div><div class='container av-section-cont-open' ><main  role=\"main\" itemprop=\"mainContentOfPage\"  class='template-page content  av-content-small alpha units'><div class='post-entry post-entry-type-page post-entry-10582'><div class='entry-content-wrapper clearfix'>\n\n<style type=\"text\/css\" data-created_by=\"avia_inline_auto\" id=\"style-css-av-kcysld6x-d7667504af84383d1d24ed58ae07a9d8\">\n#top .av-special-heading.av-kcysld6x-d7667504af84383d1d24ed58ae07a9d8{\npadding-bottom:0;\ncolor:#ffffff;\nfont-size:50px;\n}\nbody .av-special-heading.av-kcysld6x-d7667504af84383d1d24ed58ae07a9d8 .av-special-heading-tag .heading-char{\nfont-size:25px;\n}\n#top #wrap_all .av-special-heading.av-kcysld6x-d7667504af84383d1d24ed58ae07a9d8 .av-special-heading-tag{\nfont-size:50px;\n}\n.av-special-heading.av-kcysld6x-d7667504af84383d1d24ed58ae07a9d8 .special-heading-inner-border{\nborder-color:#ffffff;\n}\n.av-special-heading.av-kcysld6x-d7667504af84383d1d24ed58ae07a9d8 .av-subheading{\nfont-size:15px;\n}\n\n@media only screen and (min-width: 480px) and (max-width: 767px){ \n#top #wrap_all .av-special-heading.av-kcysld6x-d7667504af84383d1d24ed58ae07a9d8 .av-special-heading-tag{\nfont-size:0.8em;\n}\n}\n\n@media only screen and (max-width: 479px){ \n#top #wrap_all .av-special-heading.av-kcysld6x-d7667504af84383d1d24ed58ae07a9d8 .av-special-heading-tag{\nfont-size:0.8em;\n}\n}\n<\/style>\n<div  class='av-special-heading av-kcysld6x-d7667504af84383d1d24ed58ae07a9d8 av-special-heading-h3 custom-color-heading blockquote modern-quote modern-centered  avia-builder-el-1  el_before_av_hr  avia-builder-el-first  av-inherit-size'><h3 class='av-special-heading-tag '  itemprop=\"headline\"  >Pol\u00edtica de Cookies<\/h3><div class='av_custom_color av-subheading av-subheading_below'><p>Tecnolog\u00edas de rastreo para interacciones y funcionalidades sencillas, mejora de la experiencia, medici\u00f3n, segmentaci\u00f3n y publicidad.<\/p>\n<\/div><div class=\"special-heading-border\"><div class=\"special-heading-inner-border\"><\/div><\/div><\/div>\n\n<style type=\"text\/css\" data-created_by=\"avia_inline_auto\" id=\"style-css-av-cfk40-cc0e863df5594b3b19655f10594825ef\">\n#top .hr.av-cfk40-cc0e863df5594b3b19655f10594825ef{\nmargin-top:30px;\nmargin-bottom:30px;\n}\n.hr.av-cfk40-cc0e863df5594b3b19655f10594825ef .hr-inner{\nwidth:20%;\nborder-color:rgba(255,255,255,0.76);\nmax-width:45%;\n}\n.hr.av-cfk40-cc0e863df5594b3b19655f10594825ef .av-seperator-icon{\ncolor:#ffffff;\n}\n.hr.av-cfk40-cc0e863df5594b3b19655f10594825ef .av-seperator-icon.avia-svg-icon svg:first-child{\nfill:#ffffff;\nstroke:#ffffff;\n}\n<\/style>\n<div  class='hr av-cfk40-cc0e863df5594b3b19655f10594825ef hr-custom  avia-builder-el-2  el_after_av_heading  avia-builder-el-last  hr-center hr-icon-yes'><span class='hr-inner inner-border-av-border-thin'><span class=\"hr-inner-style\"><\/span><\/span><span class='av-seperator-icon avia-iconfont avia-font-entypo-fontello' data-av_icon='\ue8bf' data-av_iconfont='entypo-fontello' ><\/span><span class='hr-inner inner-border-av-border-thin'><span class=\"hr-inner-style\"><\/span><\/span><\/div>\n<\/div><\/div><\/main><!-- close content main element --><\/div><\/div><\/div><div id='av_section_2'  class='avia-section av-bszdo-a141737ec85fe804767dd2a8d0920264 main_color avia-section-small avia-no-border-styling  avia-builder-el-3  el_after_av_section  avia-builder-el-last  avia-bg-style-fixed container_wrap sidebar_right'  ><div class='container av-section-cont-open' ><div class='template-page content  av-content-small alpha units'><div class='post-entry post-entry-type-page post-entry-10582'><div class='entry-content-wrapper clearfix'>\n<div class='flex_column_table av-b5t1k-42c5a1681197e7ed799f0f723d3aafed sc-av_one_full av-equal-height-column-flextable'>\n<style type=\"text\/css\" data-created_by=\"avia_inline_auto\" id=\"style-css-av-b5t1k-42c5a1681197e7ed799f0f723d3aafed\">\n#top .flex_column_table.av-equal-height-column-flextable.av-b5t1k-42c5a1681197e7ed799f0f723d3aafed{\nmargin-top:-60px;\nmargin-bottom:-60px;\n}\n.flex_column.av-b5t1k-42c5a1681197e7ed799f0f723d3aafed{\nborder-radius:0px 0px 0px 0px;\npadding:30px 30px 30px 30px;\nbackground-color:#ffffff;\n}\n<\/style>\n<div  class='flex_column av-b5t1k-42c5a1681197e7ed799f0f723d3aafed av_one_full  avia-builder-el-4  el_before_av_hr  avia-builder-el-first  first no_margin flex_column_table_cell av-equal-height-column av-align-top  '     ><section  class='av_textblock_section av-kcyowwsh-2259f021ca244f70ddc26480c4c5626e '   itemscope=\"itemscope\" itemtype=\"https:\/\/schema.org\/CreativeWork\" ><div class='avia_textblock'  itemprop=\"text\" ><p><a class=\"iubenda-white no-brand iubenda-noiframe iubenda-embed iubenda-noiframe iub-body-embed\" title=\"Pol\u00edtica de Cookies\" href=\"https:\/\/www.iubenda.com\/privacy-policy\/82027355\/cookie-policy\">Pol\u00edtica de Cookies<\/a><script type=\"text\/javascript\">(function (w,d) {var loader = function () {var s = d.createElement(\"script\"), tag = d.getElementsByTagName(\"script\")[0]; s.src=\"https:\/\/cdn.iubenda.com\/iubenda.js\"; tag.parentNode.insertBefore(s,tag);}; if(w.addEventListener){w.addEventListener(\"load\", loader, false);}else if(w.attachEvent){w.attachEvent(\"onload\", loader);}else{w.onload = loader;}})(window, document);<\/script><\/p>\n<\/div><\/section><\/div><\/div><!--close column table wrapper. Autoclose: 1 -->\n<style type=\"text\/css\" data-created_by=\"avia_inline_auto\" id=\"style-css-av-kcyp39zc-be15e5d7b596020b775974f3c8e2641b\">\n#top .hr.hr-invisible.av-kcyp39zc-be15e5d7b596020b775974f3c8e2641b{\nheight:25px;\n}\n<\/style>\n<div  class='hr av-kcyp39zc-be15e5d7b596020b775974f3c8e2641b hr-invisible  avia-builder-el-6  el_after_av_one_full  avia-builder-el-last '><span class='hr-inner '><span class=\"hr-inner-style\"><\/span><\/span><\/div>\n<\/div><\/div><\/div><!-- close content main div --><\/div><\/div><div id='after_section_2'  class='main_color av_default_container_wrap container_wrap sidebar_right'  ><div class='container av-section-cont-open' ><div class='template-page content  av-content-small alpha units'><div class='post-entry post-entry-type-page post-entry-10582'><div class='entry-content-wrapper clearfix'><\/p>\n","protected":false},"excerpt":{"rendered":"","protected":false},"author":1,"featured_media":0,"parent":0,"menu_order":0,"comment_status":"open","ping_status":"open","template":"","meta":{"footnotes":""},"class_list":["post-10582","page","type-page","status-publish","hentry"],"_links":{"self":[{"href":"https:\/\/stage.annamariamartinolli.it\/es\/wp-json\/wp\/v2\/pages\/10582","targetHints":{"allow":["GET"]}}],"collection":[{"href":"https:\/\/stage.annamariamartinolli.it\/es\/wp-json\/wp\/v2\/pages"}],"about":[{"href":"https:\/\/stage.annamariamartinolli.it\/es\/wp-json\/wp\/v2\/types\/page"}],"author":[{"embeddable":true,"href":"https:\/\/stage.annamariamartinolli.it\/es\/wp-json\/wp\/v2\/users\/1"}],"replies":[{"embeddable":true,"href":"https:\/\/stage.annamariamartinolli.it\/es\/wp-json\/wp\/v2\/comments?post=10582"}],"version-history":[{"count":0,"href":"https:\/\/stage.annamariamartinolli.it\/es\/wp-json\/wp\/v2\/pages\/10582\/revisions"}],"wp:attachment":[{"href":"https:\/\/stage.annamariamartinolli.it\/es\/wp-json\/wp\/v2\/media?parent=10582"}],"curies":[{"name":"wp","href":"https:\/\/api.w.org\/{rel}","templated":true}]}}