{"id":3854,"date":"2020-06-30T23:26:58","date_gmt":"2020-06-30T21:26:58","guid":{"rendered":"http:\/\/stage.annamariamartinolli.it\/catalogo\/uncategorized\/il-signore-va-a-caccia\/"},"modified":"2020-07-09T17:51:55","modified_gmt":"2020-07-09T15:51:55","slug":"il-signore-va-a-caccia","status":"publish","type":"product","link":"https:\/\/stage.annamariamartinolli.it\/en\/library\/scripts\/georges-feydeau-en\/il-signore-va-a-caccia\/","title":{"rendered":"Il signore va a caccia"},"content":{"rendered":"<p>Comedy in three acts, ten characters: seven men and three women. For any performances, please contact the author at least three to four months in advance because the works are protected by the Italian Society of Authors and Publishers. <strong>The script is in Italian language<\/strong>.<\/p>\n<div  class='avia-button-wrap av-2xoi0b-0fe31871d53f65a26ab015f408035783-wrap avia-button-left  avia-builder-el-0  avia-builder-el-no-sibling '><a href='http:\/\/stage.annamariamartinolli.it\/en\/catalogue\/requests\/'  class='avia-button av-2xoi0b-0fe31871d53f65a26ab015f408035783 av-link-btn avia-icon_select-yes-left-icon avia-size-large avia-position-left avia-color-theme-color'   aria-label=\"Contact Me\"><span class='avia_button_icon avia_button_icon_left avia-iconfont avia-font-entypo-fontello' data-av_icon='\ue836' data-av_iconfont='entypo-fontello' ><\/span><span class='avia_iconbox_title' >Contact Me<\/span><\/a><\/div>\n","protected":false},"excerpt":{"rendered":"<p>Duchotel, a very liar husband, under the pretext of hunting, gives himself to adultery. His wife L\u00e9ontine, meanwhile, is being courted by another suitor, Moricet, who tries to open her eyes to her husband&#8217;s betrayals. When Cassagne, a friend of Duchotel&#8217;s, reveals to her that he never went hunting with her husband, L\u00e9ontine, suspicious, decides to go with Moricet to his gar\u00e7onni\u00e8re for revenge. Here, due to a series of misunderstandings, several characters meet and clash. In the end, discovered by his wife, the protagonist will be forced to ask her forgiveness.<\/p>\n[av_toggle_container initial='0' mode='accordion' sort='' styling='' colors='' font_color='' background_color='' border_color='' colors_current='' font_color_current='' background_current='' background_color_current='' background_gradient_current_color1='' background_gradient_current_color2='' background_gradient_current_direction='vertical' hover_colors='' hover_background_color='' hover_font_color='' alb_description='' id='' custom_class='' av_uid='']<br \/>\n[av_toggle title='Requests for theatre scripts translated into Italian' tags='' custom_id='']<br \/>\n[gravityform id=\"3\" title=\"false\" description=\"false\" ajax=\"true\"]<br \/>\n[\/av_toggle]<\/p>\n<p>[\/av_toggle_container]\n","protected":false},"featured_media":2779,"comment_status":"open","ping_status":"closed","template":"","meta":[],"product_brand":[],"product_cat":[161,129],"product_tag":[145],"class_list":{"0":"post-3854","1":"product","2":"type-product","3":"status-publish","4":"has-post-thumbnail","6":"product_cat-georges-feydeau-en","7":"product_cat-scripts","8":"product_tag-georges-feydeau-en","10":"first","11":"instock","12":"virtual","13":"product-type-simple"},"_links":{"self":[{"href":"https:\/\/stage.annamariamartinolli.it\/en\/wp-json\/wp\/v2\/product\/3854","targetHints":{"allow":["GET"]}}],"collection":[{"href":"https:\/\/stage.annamariamartinolli.it\/en\/wp-json\/wp\/v2\/product"}],"about":[{"href":"https:\/\/stage.annamariamartinolli.it\/en\/wp-json\/wp\/v2\/types\/product"}],"replies":[{"embeddable":true,"href":"https:\/\/stage.annamariamartinolli.it\/en\/wp-json\/wp\/v2\/comments?post=3854"}],"wp:featuredmedia":[{"embeddable":true,"href":"https:\/\/stage.annamariamartinolli.it\/en\/wp-json\/wp\/v2\/media\/2779"}],"wp:attachment":[{"href":"https:\/\/stage.annamariamartinolli.it\/en\/wp-json\/wp\/v2\/media?parent=3854"}],"wp:term":[{"taxonomy":"product_brand","embeddable":true,"href":"https:\/\/stage.annamariamartinolli.it\/en\/wp-json\/wp\/v2\/product_brand?post=3854"},{"taxonomy":"product_cat","embeddable":true,"href":"https:\/\/stage.annamariamartinolli.it\/en\/wp-json\/wp\/v2\/product_cat?post=3854"},{"taxonomy":"product_tag","embeddable":true,"href":"https:\/\/stage.annamariamartinolli.it\/en\/wp-json\/wp\/v2\/product_tag?post=3854"}],"curies":[{"name":"wp","href":"https:\/\/api.w.org\/{rel}","templated":true}]}}