{"id":12053,"date":"2023-10-02T12:28:40","date_gmt":"2023-10-02T10:28:40","guid":{"rendered":"http:\/\/stage.annamariamartinolli.it\/?post_type=product&#038;p=12053"},"modified":"2023-10-02T12:47:41","modified_gmt":"2023-10-02T10:47:41","slug":"pelleas-e-melisande","status":"publish","type":"product","link":"https:\/\/stage.annamariamartinolli.it\/en\/library\/scripts\/maurice-maeterlinck-en\/pelleas-e-melisande\/","title":{"rendered":"P\u00e9lleas e M\u00e9lisande"},"content":{"rendered":"<p>Drama in five acts, eight characters plus extras: five men, two women and one child. <strong>The script is in Italian language<\/strong><\/p>\n<div  class='avia-button-wrap av-2xoi0b-5b42dccc62d65b0aaf56f36dcf2810a4-wrap avia-button-left  avia-builder-el-0  avia-builder-el-no-sibling '><a href='http:\/\/stage.annamariamartinolli.it\/en\/contacts\/'  class='avia-button av-2xoi0b-5b42dccc62d65b0aaf56f36dcf2810a4 av-link-btn avia-icon_select-yes-left-icon avia-size-large avia-position-left avia-color-theme-color'   aria-label=\"Contact Me\"><span class='avia_button_icon avia_button_icon_left avia-iconfont avia-font-entypo-fontello' data-av_icon='\ue836' data-av_iconfont='entypo-fontello' ><\/span><span class='avia_iconbox_title' >Contact Me<\/span><\/a><\/div>\n","protected":false},"excerpt":{"rendered":"<p>In a kingdom dominated by darkness and disease, M\u00e9lisande, a maiden who seems to have lost her way in the forest, meets the no longer young Golaud. The two marry and M\u00e9lisande comes into contact with his family, particularly his brother P\u00e9lleas. As the unhealthy environment begins to undermine M\u00e9lisande&#8217;s health, a feeling arises between her and P\u00e9lleas, destined to end in tragedy.<br \/>\nOne of Maurice Maeterlinck&#8217;s most original works, and laden with multiple meanings, from which Claude Debussy drew his musical work of the same name.<br \/>\nThe text presented here also contains, in the form of footnotes, the changes later made by the author himself.<\/p>\n[av_toggle_container initial='0' mode='accordion' sort='' styling='' colors='' font_color='' background_color='' border_color='' colors_current='' font_color_current='' background_current='' background_color_current='' background_gradient_current_color1='' background_gradient_current_color2='' background_gradient_current_direction='vertical' hover_colors='' hover_background_color='' hover_font_color='' alb_description='' id='' custom_class='' av_uid='']<br \/>\n[av_toggle title='Requests for theatre scripts translated into Italian' tags='' custom_id='']<br \/>\n[gravityform id=\"3\" title=\"false\" description=\"false\" ajax=\"true\"]<br \/>\n[\/av_toggle]<\/p>\n<p>[\/av_toggle_container]\n","protected":false},"featured_media":2932,"comment_status":"open","ping_status":"closed","template":"","meta":[],"product_brand":[],"product_cat":[151,129],"product_tag":[152],"class_list":{"0":"post-12053","1":"product","2":"type-product","3":"status-publish","4":"has-post-thumbnail","6":"product_cat-maurice-maeterlinck-en","7":"product_cat-scripts","8":"product_tag-maurice-maeterlinck-en","10":"first","11":"instock","12":"virtual","13":"product-type-simple"},"_links":{"self":[{"href":"https:\/\/stage.annamariamartinolli.it\/en\/wp-json\/wp\/v2\/product\/12053","targetHints":{"allow":["GET"]}}],"collection":[{"href":"https:\/\/stage.annamariamartinolli.it\/en\/wp-json\/wp\/v2\/product"}],"about":[{"href":"https:\/\/stage.annamariamartinolli.it\/en\/wp-json\/wp\/v2\/types\/product"}],"replies":[{"embeddable":true,"href":"https:\/\/stage.annamariamartinolli.it\/en\/wp-json\/wp\/v2\/comments?post=12053"}],"wp:featuredmedia":[{"embeddable":true,"href":"https:\/\/stage.annamariamartinolli.it\/en\/wp-json\/wp\/v2\/media\/2932"}],"wp:attachment":[{"href":"https:\/\/stage.annamariamartinolli.it\/en\/wp-json\/wp\/v2\/media?parent=12053"}],"wp:term":[{"taxonomy":"product_brand","embeddable":true,"href":"https:\/\/stage.annamariamartinolli.it\/en\/wp-json\/wp\/v2\/product_brand?post=12053"},{"taxonomy":"product_cat","embeddable":true,"href":"https:\/\/stage.annamariamartinolli.it\/en\/wp-json\/wp\/v2\/product_cat?post=12053"},{"taxonomy":"product_tag","embeddable":true,"href":"https:\/\/stage.annamariamartinolli.it\/en\/wp-json\/wp\/v2\/product_tag?post=12053"}],"curies":[{"name":"wp","href":"https:\/\/api.w.org\/{rel}","templated":true}]}}