{"id":10860,"date":"2022-04-05T10:07:59","date_gmt":"2022-04-05T08:07:59","guid":{"rendered":"http:\/\/stage.annamariamartinolli.it\/?post_type=product&#038;p=10860"},"modified":"2022-04-05T10:58:59","modified_gmt":"2022-04-05T08:58:59","slug":"pelleas-e-melisande-e-arianna-e-barbablu","status":"publish","type":"product","link":"https:\/\/stage.annamariamartinolli.it\/en\/library\/books\/pelleas-e-melisande-e-arianna-e-barbablu\/","title":{"rendered":"P\u00e9lleas e M\u00e9lisande e Arianna e Barbabl\u00f9"},"content":{"rendered":"","protected":false},"excerpt":{"rendered":"<p>Pell\u00e9as and M\u00e9lisande and Ariadne and Bluebeard are two operas that are distinguished for having been conceived in different periods of Maurice Maeterlinck&#8217;s life and represent the passage from darkness to light, in the author&#8217;s vision. In Maeterlinck&#8217;s work, the characters are not prey to uncontrollable passions; on the contrary, everything is only hinted at, suggested, represented metaphorically; there is never a direct explication of feelings as happens, for example, in Shakespearean theater.<\/p>\n<p>The volume contains the texts of Pell\u00e9as and M\u00e9lisande and Arianna and Barbabl\u00f9 in a new italian translation and compares them by analyzing the evolution of Maurice Maeterlinck&#8217;s work also through numerous critical articles and in-depth essays, as well as the versions by Claude Debussy and Paul Dukas in the first performances at Teatro alla Scala in Milan.<\/p>\n<p><strong>The book is in Italian language<\/strong>.<\/p>\n[av_promobox button='yes' label='Buy' icon_select='yes' icon='ue859' font='entypo-fontello' color='theme-color' custom_bg='#444444' custom_font='#ffffff' size='large' box_color='' box_custom_font='#ffffff' box_custom_bg='#444444' box_custom_border='#333333' label_display='' link='manually,https:\/\/www.editoriaespettacolo.com\/prodotto\/1979\/' link_target='_blank' id='' custom_class='' av_uid='' admin_preview_bg=''] Buy on Editoria&amp;Spettacolo website [\/av_promobox]\n","protected":false},"featured_media":10864,"comment_status":"open","ping_status":"closed","template":"","meta":[],"product_brand":[],"product_cat":[131],"product_tag":[134,152],"class_list":{"0":"post-10860","1":"product","2":"type-product","3":"status-publish","4":"has-post-thumbnail","6":"product_cat-books","7":"product_tag-books","8":"product_tag-maurice-maeterlinck-en","10":"first","11":"instock","12":"shipping-taxable","13":"product-type-simple"},"_links":{"self":[{"href":"https:\/\/stage.annamariamartinolli.it\/en\/wp-json\/wp\/v2\/product\/10860","targetHints":{"allow":["GET"]}}],"collection":[{"href":"https:\/\/stage.annamariamartinolli.it\/en\/wp-json\/wp\/v2\/product"}],"about":[{"href":"https:\/\/stage.annamariamartinolli.it\/en\/wp-json\/wp\/v2\/types\/product"}],"replies":[{"embeddable":true,"href":"https:\/\/stage.annamariamartinolli.it\/en\/wp-json\/wp\/v2\/comments?post=10860"}],"wp:featuredmedia":[{"embeddable":true,"href":"https:\/\/stage.annamariamartinolli.it\/en\/wp-json\/wp\/v2\/media\/10864"}],"wp:attachment":[{"href":"https:\/\/stage.annamariamartinolli.it\/en\/wp-json\/wp\/v2\/media?parent=10860"}],"wp:term":[{"taxonomy":"product_brand","embeddable":true,"href":"https:\/\/stage.annamariamartinolli.it\/en\/wp-json\/wp\/v2\/product_brand?post=10860"},{"taxonomy":"product_cat","embeddable":true,"href":"https:\/\/stage.annamariamartinolli.it\/en\/wp-json\/wp\/v2\/product_cat?post=10860"},{"taxonomy":"product_tag","embeddable":true,"href":"https:\/\/stage.annamariamartinolli.it\/en\/wp-json\/wp\/v2\/product_tag?post=10860"}],"curies":[{"name":"wp","href":"https:\/\/api.w.org\/{rel}","templated":true}]}}